{"id":6418,"date":"2025-02-23T23:19:58","date_gmt":"2025-02-23T20:19:58","guid":{"rendered":"https:\/\/maxgold.gr\/?post_type=product&#038;p=6418"},"modified":"2025-03-02T01:30:03","modified_gmt":"2025-03-01T22:30:03","slug":"armreif-bliver-mit-schwarzen-und-silbernen-streifen-aus-edelstahl-verstellbar-copy","status":"publish","type":"product","link":"https:\/\/maxgold.gr\/de\/shop\/armreif-bliver-mit-schwarzen-und-silbernen-streifen-aus-edelstahl-verstellbar-copy\/","title":{"rendered":"Silbernes Armreif &#8222;Glivens&#8220;, aus Edelstahl, Verstellbar"},"content":{"rendered":"<p>Der silbernes <a href=\"https:\/\/en.wikipedia.org\/wiki\/Bracelet\">Armreif<\/a> &#8218;Glivres&#8216; ist eine atemberaubende Mischung aus <a href=\"https:\/\/maxgold.gr\/product-category\/metal\/stainless-steel\/\">Edelstahl<\/a> und luxuri\u00f6sen Goldstreifen, die f\u00fcr diejenigen entworfen wurden, die moderne Eleganz sch\u00e4tzen.<\/p>\n<p>&#8211;<\/p>\n<p>&#8211;<\/p>\n<p>&nbsp;<\/p>\n<h4><strong>Produktdetails<\/strong><\/h4>\n<p>Innendurchmesser: 5,5 cm, verstellbar<\/p>\n<p>Breite: 0,3cm<\/p>\n<p>Stil: Armreif<\/p>\n<p>Farbe: Silber, Gold<\/p>\n<p>Metall: Edelstahl<\/p>\n","protected":false},"excerpt":{"rendered":"<p>Der lilafarbene Armreif &#8218;Nerta&#8216; zeichnet sich als raffiniertes Accessoire aus. Gefertigt aus robustem Edelstahl, bietet dieses Armband sowohl Stil als auch Langlebigkeit. <\/p>\n","protected":false},"featured_media":6420,"comment_status":"open","ping_status":"closed","template":"","meta":[],"product_brand":[738],"product_cat":[485,486,439,452,754,753,434,432],"product_tag":[620,461,576,459,551],"class_list":{"0":"post-6418","1":"product","2":"type-product","3":"status-publish","4":"has-post-thumbnail","6":"product_brand-max-gold","7":"product_cat-armbander","8":"product_cat-armreifen-manschettenarmbaender","9":"product_cat-damenschmuck","10":"product_cat-rostfreier-stahl","11":"product_cat-edelstahl-silber","12":"product_cat-edelstahl-vergoldet","13":"product_cat-metall","14":"product_cat-neu-ankommen","15":"product_tag-armreif","16":"product_tag-rostfreier-stahl","17":"product_tag-vergoldet","18":"product_tag-vergoldeter-rostfreier-stahl","19":"product_tag-verstellbar","21":"first","22":"instock","23":"taxable","24":"shipping-taxable","25":"purchasable","26":"product-type-simple","27":"add-to-wishlist-before_add_to_cart"},"yoast_head":"<!-- This site is optimized with the Yoast SEO plugin v27.5 - https:\/\/yoast.com\/product\/yoast-seo-wordpress\/ -->\n<title>Silbernes Armreif &quot;Glivens&quot;, aus Edelstahl, Verstellbar - Max Gold<\/title>\n<meta name=\"description\" content=\"Der silbernes Armreif &quot;Glivres&quot; ist eine atemberaubende Mischung aus Edelstahl und luxuri\u00f6sen Goldstreifen. Sein verstellbares Design sorgt f\u00fcr eine perfekte Passform.\" \/>\n<meta name=\"robots\" content=\"index, follow, max-snippet:-1, max-image-preview:large, max-video-preview:-1\" \/>\n<link rel=\"canonical\" href=\"https:\/\/maxgold.gr\/de\/shop\/armreif-bliver-mit-schwarzen-und-silbernen-streifen-aus-edelstahl-verstellbar-copy\/\" \/>\n<meta property=\"og:locale\" content=\"de_DE\" \/>\n<meta property=\"og:type\" content=\"article\" \/>\n<meta property=\"og:title\" content=\"Silbernes Armreif &quot;Glivens&quot;, aus Edelstahl, Verstellbar - Max Gold\" \/>\n<meta property=\"og:description\" content=\"Der silbernes Armreif &quot;Glivres&quot; ist eine atemberaubende Mischung aus Edelstahl und luxuri\u00f6sen Goldstreifen. Sein verstellbares Design sorgt f\u00fcr eine perfekte Passform.\" \/>\n<meta property=\"og:url\" content=\"https:\/\/maxgold.gr\/de\/shop\/armreif-bliver-mit-schwarzen-und-silbernen-streifen-aus-edelstahl-verstellbar-copy\/\" \/>\n<meta property=\"og:site_name\" content=\"Max Gold\" \/>\n<meta property=\"article:publisher\" content=\"https:\/\/www.facebook.com\/people\/Max-Gold\/61561801899896\/\" \/>\n<meta property=\"article:modified_time\" content=\"2025-03-01T22:30:03+00:00\" \/>\n<meta property=\"og:image\" content=\"https:\/\/i0.wp.com\/maxgold.gr\/wp-content\/uploads\/2025\/02\/mb-16.jpg?fit=1200%2C1200&ssl=1\" \/>\n\t<meta property=\"og:image:width\" content=\"1200\" \/>\n\t<meta property=\"og:image:height\" content=\"1200\" \/>\n\t<meta property=\"og:image:type\" content=\"image\/jpeg\" \/>\n<meta name=\"twitter:card\" content=\"summary_large_image\" \/>\n<script type=\"application\/ld+json\" class=\"yoast-schema-graph\">{\"@context\":\"https:\\\/\\\/schema.org\",\"@graph\":[{\"@type\":\"WebPage\",\"@id\":\"https:\\\/\\\/maxgold.gr\\\/de\\\/shop\\\/armreif-bliver-mit-schwarzen-und-silbernen-streifen-aus-edelstahl-verstellbar-copy\\\/\",\"url\":\"https:\\\/\\\/maxgold.gr\\\/de\\\/shop\\\/armreif-bliver-mit-schwarzen-und-silbernen-streifen-aus-edelstahl-verstellbar-copy\\\/\",\"name\":\"Silbernes Armreif \\\"Glivens\\\", aus Edelstahl, Verstellbar - Max Gold\",\"isPartOf\":{\"@id\":\"https:\\\/\\\/maxgold.gr\\\/de\\\/#website\"},\"primaryImageOfPage\":{\"@id\":\"https:\\\/\\\/maxgold.gr\\\/de\\\/shop\\\/armreif-bliver-mit-schwarzen-und-silbernen-streifen-aus-edelstahl-verstellbar-copy\\\/#primaryimage\"},\"image\":{\"@id\":\"https:\\\/\\\/maxgold.gr\\\/de\\\/shop\\\/armreif-bliver-mit-schwarzen-und-silbernen-streifen-aus-edelstahl-verstellbar-copy\\\/#primaryimage\"},\"thumbnailUrl\":\"https:\\\/\\\/i0.wp.com\\\/maxgold.gr\\\/wp-content\\\/uploads\\\/2025\\\/02\\\/mb-16.jpg?fit=1200%2C1200&ssl=1\",\"datePublished\":\"2025-02-23T20:19:58+00:00\",\"dateModified\":\"2025-03-01T22:30:03+00:00\",\"description\":\"Der silbernes Armreif \\\"Glivres\\\" ist eine atemberaubende Mischung aus Edelstahl und luxuri\u00f6sen Goldstreifen. Sein verstellbares Design sorgt f\u00fcr eine perfekte Passform.\",\"breadcrumb\":{\"@id\":\"https:\\\/\\\/maxgold.gr\\\/de\\\/shop\\\/armreif-bliver-mit-schwarzen-und-silbernen-streifen-aus-edelstahl-verstellbar-copy\\\/#breadcrumb\"},\"inLanguage\":\"de\",\"potentialAction\":[{\"@type\":\"ReadAction\",\"target\":[\"https:\\\/\\\/maxgold.gr\\\/de\\\/shop\\\/armreif-bliver-mit-schwarzen-und-silbernen-streifen-aus-edelstahl-verstellbar-copy\\\/\"]}]},{\"@type\":\"ImageObject\",\"inLanguage\":\"de\",\"@id\":\"https:\\\/\\\/maxgold.gr\\\/de\\\/shop\\\/armreif-bliver-mit-schwarzen-und-silbernen-streifen-aus-edelstahl-verstellbar-copy\\\/#primaryimage\",\"url\":\"https:\\\/\\\/i0.wp.com\\\/maxgold.gr\\\/wp-content\\\/uploads\\\/2025\\\/02\\\/mb-16.jpg?fit=1200%2C1200&ssl=1\",\"contentUrl\":\"https:\\\/\\\/i0.wp.com\\\/maxgold.gr\\\/wp-content\\\/uploads\\\/2025\\\/02\\\/mb-16.jpg?fit=1200%2C1200&ssl=1\",\"width\":1200,\"height\":1200},{\"@type\":\"BreadcrumbList\",\"@id\":\"https:\\\/\\\/maxgold.gr\\\/de\\\/shop\\\/armreif-bliver-mit-schwarzen-und-silbernen-streifen-aus-edelstahl-verstellbar-copy\\\/#breadcrumb\",\"itemListElement\":[{\"@type\":\"ListItem\",\"position\":1,\"name\":\"Home\",\"item\":\"https:\\\/\\\/maxgold.gr\\\/de\\\/startseite\\\/\"},{\"@type\":\"ListItem\",\"position\":2,\"name\":\"Gesch\u00e4ft\",\"item\":\"https:\\\/\\\/maxgold.gr\\\/de\\\/%ce%ba%ce%b1%cf%84%ce%ac%cf%83%cf%84%ce%b7%ce%bc%ce%b1\\\/\"},{\"@type\":\"ListItem\",\"position\":3,\"name\":\"Silbernes Armreif &#8222;Glivens&#8220;, aus Edelstahl, Verstellbar\"}]},{\"@type\":\"WebSite\",\"@id\":\"https:\\\/\\\/maxgold.gr\\\/de\\\/#website\",\"url\":\"https:\\\/\\\/maxgold.gr\\\/de\\\/\",\"name\":\"Max Gold\",\"description\":\"Max Gold\",\"potentialAction\":[{\"@type\":\"SearchAction\",\"target\":{\"@type\":\"EntryPoint\",\"urlTemplate\":\"https:\\\/\\\/maxgold.gr\\\/de\\\/?s={search_term_string}\"},\"query-input\":{\"@type\":\"PropertyValueSpecification\",\"valueRequired\":true,\"valueName\":\"search_term_string\"}}],\"inLanguage\":\"de\"}]}<\/script>\n<!-- \/ Yoast SEO plugin. -->","yoast_head_json":{"title":"Silbernes Armreif \"Glivens\", aus Edelstahl, Verstellbar - Max Gold","description":"Der silbernes Armreif \"Glivres\" ist eine atemberaubende Mischung aus Edelstahl und luxuri\u00f6sen Goldstreifen. Sein verstellbares Design sorgt f\u00fcr eine perfekte Passform.","robots":{"index":"index","follow":"follow","max-snippet":"max-snippet:-1","max-image-preview":"max-image-preview:large","max-video-preview":"max-video-preview:-1"},"canonical":"https:\/\/maxgold.gr\/de\/shop\/armreif-bliver-mit-schwarzen-und-silbernen-streifen-aus-edelstahl-verstellbar-copy\/","og_locale":"de_DE","og_type":"article","og_title":"Silbernes Armreif \"Glivens\", aus Edelstahl, Verstellbar - Max Gold","og_description":"Der silbernes Armreif \"Glivres\" ist eine atemberaubende Mischung aus Edelstahl und luxuri\u00f6sen Goldstreifen. Sein verstellbares Design sorgt f\u00fcr eine perfekte Passform.","og_url":"https:\/\/maxgold.gr\/de\/shop\/armreif-bliver-mit-schwarzen-und-silbernen-streifen-aus-edelstahl-verstellbar-copy\/","og_site_name":"Max Gold","article_publisher":"https:\/\/www.facebook.com\/people\/Max-Gold\/61561801899896\/","article_modified_time":"2025-03-01T22:30:03+00:00","og_image":[{"width":1200,"height":1200,"url":"https:\/\/i0.wp.com\/maxgold.gr\/wp-content\/uploads\/2025\/02\/mb-16.jpg?fit=1200%2C1200&ssl=1","type":"image\/jpeg"}],"twitter_card":"summary_large_image","schema":{"@context":"https:\/\/schema.org","@graph":[{"@type":"WebPage","@id":"https:\/\/maxgold.gr\/de\/shop\/armreif-bliver-mit-schwarzen-und-silbernen-streifen-aus-edelstahl-verstellbar-copy\/","url":"https:\/\/maxgold.gr\/de\/shop\/armreif-bliver-mit-schwarzen-und-silbernen-streifen-aus-edelstahl-verstellbar-copy\/","name":"Silbernes Armreif \"Glivens\", aus Edelstahl, Verstellbar - Max Gold","isPartOf":{"@id":"https:\/\/maxgold.gr\/de\/#website"},"primaryImageOfPage":{"@id":"https:\/\/maxgold.gr\/de\/shop\/armreif-bliver-mit-schwarzen-und-silbernen-streifen-aus-edelstahl-verstellbar-copy\/#primaryimage"},"image":{"@id":"https:\/\/maxgold.gr\/de\/shop\/armreif-bliver-mit-schwarzen-und-silbernen-streifen-aus-edelstahl-verstellbar-copy\/#primaryimage"},"thumbnailUrl":"https:\/\/i0.wp.com\/maxgold.gr\/wp-content\/uploads\/2025\/02\/mb-16.jpg?fit=1200%2C1200&ssl=1","datePublished":"2025-02-23T20:19:58+00:00","dateModified":"2025-03-01T22:30:03+00:00","description":"Der silbernes Armreif \"Glivres\" ist eine atemberaubende Mischung aus Edelstahl und luxuri\u00f6sen Goldstreifen. Sein verstellbares Design sorgt f\u00fcr eine perfekte Passform.","breadcrumb":{"@id":"https:\/\/maxgold.gr\/de\/shop\/armreif-bliver-mit-schwarzen-und-silbernen-streifen-aus-edelstahl-verstellbar-copy\/#breadcrumb"},"inLanguage":"de","potentialAction":[{"@type":"ReadAction","target":["https:\/\/maxgold.gr\/de\/shop\/armreif-bliver-mit-schwarzen-und-silbernen-streifen-aus-edelstahl-verstellbar-copy\/"]}]},{"@type":"ImageObject","inLanguage":"de","@id":"https:\/\/maxgold.gr\/de\/shop\/armreif-bliver-mit-schwarzen-und-silbernen-streifen-aus-edelstahl-verstellbar-copy\/#primaryimage","url":"https:\/\/i0.wp.com\/maxgold.gr\/wp-content\/uploads\/2025\/02\/mb-16.jpg?fit=1200%2C1200&ssl=1","contentUrl":"https:\/\/i0.wp.com\/maxgold.gr\/wp-content\/uploads\/2025\/02\/mb-16.jpg?fit=1200%2C1200&ssl=1","width":1200,"height":1200},{"@type":"BreadcrumbList","@id":"https:\/\/maxgold.gr\/de\/shop\/armreif-bliver-mit-schwarzen-und-silbernen-streifen-aus-edelstahl-verstellbar-copy\/#breadcrumb","itemListElement":[{"@type":"ListItem","position":1,"name":"Home","item":"https:\/\/maxgold.gr\/de\/startseite\/"},{"@type":"ListItem","position":2,"name":"Gesch\u00e4ft","item":"https:\/\/maxgold.gr\/de\/%ce%ba%ce%b1%cf%84%ce%ac%cf%83%cf%84%ce%b7%ce%bc%ce%b1\/"},{"@type":"ListItem","position":3,"name":"Silbernes Armreif &#8222;Glivens&#8220;, aus Edelstahl, Verstellbar"}]},{"@type":"WebSite","@id":"https:\/\/maxgold.gr\/de\/#website","url":"https:\/\/maxgold.gr\/de\/","name":"Max Gold","description":"Max Gold","potentialAction":[{"@type":"SearchAction","target":{"@type":"EntryPoint","urlTemplate":"https:\/\/maxgold.gr\/de\/?s={search_term_string}"},"query-input":{"@type":"PropertyValueSpecification","valueRequired":true,"valueName":"search_term_string"}}],"inLanguage":"de"}]}},"jetpack_sharing_enabled":true,"_links":{"self":[{"href":"https:\/\/maxgold.gr\/de\/wp-json\/wp\/v2\/product\/6418","targetHints":{"allow":["GET"]}}],"collection":[{"href":"https:\/\/maxgold.gr\/de\/wp-json\/wp\/v2\/product"}],"about":[{"href":"https:\/\/maxgold.gr\/de\/wp-json\/wp\/v2\/types\/product"}],"replies":[{"embeddable":true,"href":"https:\/\/maxgold.gr\/de\/wp-json\/wp\/v2\/comments?post=6418"}],"wp:featuredmedia":[{"embeddable":true,"href":"https:\/\/maxgold.gr\/de\/wp-json\/wp\/v2\/media\/6420"}],"wp:attachment":[{"href":"https:\/\/maxgold.gr\/de\/wp-json\/wp\/v2\/media?parent=6418"}],"wp:term":[{"taxonomy":"product_brand","embeddable":true,"href":"https:\/\/maxgold.gr\/de\/wp-json\/wp\/v2\/product_brand?post=6418"},{"taxonomy":"product_cat","embeddable":true,"href":"https:\/\/maxgold.gr\/de\/wp-json\/wp\/v2\/product_cat?post=6418"},{"taxonomy":"product_tag","embeddable":true,"href":"https:\/\/maxgold.gr\/de\/wp-json\/wp\/v2\/product_tag?post=6418"}],"curies":[{"name":"wp","href":"https:\/\/api.w.org\/{rel}","templated":true}]}}