{"id":6554,"date":"2025-03-12T00:19:03","date_gmt":"2025-03-11T21:19:03","guid":{"rendered":"https:\/\/maxgold.gr\/?post_type=product&#038;p=6554"},"modified":"2025-03-12T01:08:58","modified_gmt":"2025-03-11T22:08:58","slug":"anhanger-zirkonia-v-kreuz-aus-925-sterling-silber-mit-funkelnden-zirkonia-copy-2","status":"publish","type":"product","link":"https:\/\/maxgold.gr\/de\/shop\/anhanger-zirkonia-v-kreuz-aus-925-sterling-silber-mit-funkelnden-zirkonia-copy-2\/","title":{"rendered":"Anh\u00e4nger &#8222;Dakota Kreuz&#8220; aus 925 Sterling Silber, mit Zirkonia"},"content":{"rendered":"<p>Anh\u00e4nger Dakota Kreuz<\/p>\n<p>Der Dakota Kreuz Anh\u00e4nger ist ein atemberaubendes <a href=\"https:\/\/en.wikipedia.org\/wiki\/Jewellery\">Schmuckst\u00fcck<\/a> aus hochwertigem 925er Sterling Silber. Dieser exquisite Anh\u00e4nger verf\u00fcgt \u00fcber ein wundersch\u00f6n gestaltetes <a href=\"https:\/\/maxgold.gr\/crosses-collection\/\">Kreuz<\/a>, das mit schimmernder Zirkonia verziert ist und einen Hauch von Glanz und Raffinesse hinzuf\u00fcgt. Perfekt f\u00fcr den Alltag oder besondere Anl\u00e4sse, ist dieser Anh\u00e4nger ein bedeutungsvoller Ausdruck von Glauben und Stil, was ihn zu einem idealen Geschenk f\u00fcr geliebte Menschen macht.  <\/p>\n<p>&nbsp;<\/p>\n<p><strong>Ma\u00dfe:<\/strong> 1,2cm x 1cm x 0.3cm<\/p>\n<p><strong>Edelstein: <\/strong><span class=\"ILfuVd\" lang=\"en\"><span class=\"hgKElc\">Kubische Zirkonia<\/span><\/span><\/p>\n<p><strong>Metall:<\/strong> Sterling Silber (925)<\/p>\n<p><strong>Metallstempel:<\/strong> 925<\/p>\n<p><strong>Beschichtung: <\/strong>Rhodium<\/p>\n","protected":false},"excerpt":{"rendered":"<div><\/div>\n<div>\n<p>&nbsp;<\/p>\n<\/div>\n<h4><span class=\"ILfuVd\" lang=\"en\"><span class=\"hgKElc\"> <\/span><\/span><\/h4>\n<p>&nbsp;<\/p>\n<p>&nbsp;<\/p>\n<div class=\"xKEnc eVZQV\"><\/div>\n","protected":false},"featured_media":6557,"comment_status":"open","ping_status":"closed","template":"","meta":[],"product_brand":[738],"product_cat":[532,439,516,464,434,432,726,537,435],"product_tag":[570,448,442],"class_list":{"0":"post-6554","1":"product","2":"type-product","3":"status-publish","4":"has-post-thumbnail","6":"product_brand-max-gold","7":"product_cat-anhaenger-charms","8":"product_cat-damenschmuck","9":"product_cat-halsketten-anhaenger","10":"product_cat-kreuzen","11":"product_cat-metall","12":"product_cat-neu-ankommen","13":"product_cat-silber","14":"product_cat-silberanhaenger-charms","15":"product_cat-sterling-silber-925","16":"product_tag-kreuze","17":"product_tag-kubischer-zirkoniumdioxid","18":"product_tag-sterling-silber-925","20":"first","21":"instock","22":"taxable","23":"shipping-taxable","24":"purchasable","25":"product-type-simple","26":"add-to-wishlist-before_add_to_cart"},"yoast_head":"<!-- This site is optimized with the Yoast SEO plugin v27.5 - https:\/\/yoast.com\/product\/yoast-seo-wordpress\/ -->\n<title>Anh\u00e4nger &quot;Dakota Kreuz&quot; aus 925 Sterling Silber, mit Zirkonia - Max Gold<\/title>\n<meta name=\"description\" content=\"Der Anh\u00e4nger Dakota Kreuz ist ein atemberaubendes Schmuckst\u00fcck aus hochwertigem 925er Sterling Silber. Ist ein sinnvoller Ausdruck von Glaube und Stil.\" \/>\n<meta name=\"robots\" content=\"index, follow, max-snippet:-1, max-image-preview:large, max-video-preview:-1\" \/>\n<link rel=\"canonical\" href=\"https:\/\/maxgold.gr\/de\/shop\/anhanger-zirkonia-v-kreuz-aus-925-sterling-silber-mit-funkelnden-zirkonia-copy-2\/\" \/>\n<meta property=\"og:locale\" content=\"de_DE\" \/>\n<meta property=\"og:type\" content=\"article\" \/>\n<meta property=\"og:title\" content=\"Anh\u00e4nger &quot;Dakota Kreuz&quot; aus 925 Sterling Silber, mit Zirkonia - Max Gold\" \/>\n<meta property=\"og:description\" content=\"Der Anh\u00e4nger Dakota Kreuz ist ein atemberaubendes Schmuckst\u00fcck aus hochwertigem 925er Sterling Silber. Ist ein sinnvoller Ausdruck von Glaube und Stil.\" \/>\n<meta property=\"og:url\" content=\"https:\/\/maxgold.gr\/de\/shop\/anhanger-zirkonia-v-kreuz-aus-925-sterling-silber-mit-funkelnden-zirkonia-copy-2\/\" \/>\n<meta property=\"og:site_name\" content=\"Max Gold\" \/>\n<meta property=\"article:publisher\" content=\"https:\/\/www.facebook.com\/people\/Max-Gold\/61561801899896\/\" \/>\n<meta property=\"article:modified_time\" content=\"2025-03-11T22:08:58+00:00\" \/>\n<meta property=\"og:image\" content=\"https:\/\/i0.wp.com\/maxgold.gr\/wp-content\/uploads\/2025\/03\/crp-5-1pic-1250E-12x1x03-Pendant-Dakota-Cross.jpg?fit=1200%2C1200&ssl=1\" \/>\n\t<meta property=\"og:image:width\" content=\"1200\" \/>\n\t<meta property=\"og:image:height\" content=\"1200\" \/>\n\t<meta property=\"og:image:type\" content=\"image\/jpeg\" \/>\n<meta name=\"twitter:card\" content=\"summary_large_image\" \/>\n<script type=\"application\/ld+json\" class=\"yoast-schema-graph\">{\"@context\":\"https:\\\/\\\/schema.org\",\"@graph\":[{\"@type\":\"WebPage\",\"@id\":\"https:\\\/\\\/maxgold.gr\\\/de\\\/shop\\\/anhanger-zirkonia-v-kreuz-aus-925-sterling-silber-mit-funkelnden-zirkonia-copy-2\\\/\",\"url\":\"https:\\\/\\\/maxgold.gr\\\/de\\\/shop\\\/anhanger-zirkonia-v-kreuz-aus-925-sterling-silber-mit-funkelnden-zirkonia-copy-2\\\/\",\"name\":\"Anh\u00e4nger \\\"Dakota Kreuz\\\" aus 925 Sterling Silber, mit Zirkonia - Max Gold\",\"isPartOf\":{\"@id\":\"https:\\\/\\\/maxgold.gr\\\/de\\\/#website\"},\"primaryImageOfPage\":{\"@id\":\"https:\\\/\\\/maxgold.gr\\\/de\\\/shop\\\/anhanger-zirkonia-v-kreuz-aus-925-sterling-silber-mit-funkelnden-zirkonia-copy-2\\\/#primaryimage\"},\"image\":{\"@id\":\"https:\\\/\\\/maxgold.gr\\\/de\\\/shop\\\/anhanger-zirkonia-v-kreuz-aus-925-sterling-silber-mit-funkelnden-zirkonia-copy-2\\\/#primaryimage\"},\"thumbnailUrl\":\"https:\\\/\\\/i0.wp.com\\\/maxgold.gr\\\/wp-content\\\/uploads\\\/2025\\\/03\\\/crp-5-1pic-1250E-12x1x03-Pendant-Dakota-Cross.jpg?fit=1200%2C1200&ssl=1\",\"datePublished\":\"2025-03-11T21:19:03+00:00\",\"dateModified\":\"2025-03-11T22:08:58+00:00\",\"description\":\"Der Anh\u00e4nger Dakota Kreuz ist ein atemberaubendes Schmuckst\u00fcck aus hochwertigem 925er Sterling Silber. Ist ein sinnvoller Ausdruck von Glaube und Stil.\",\"breadcrumb\":{\"@id\":\"https:\\\/\\\/maxgold.gr\\\/de\\\/shop\\\/anhanger-zirkonia-v-kreuz-aus-925-sterling-silber-mit-funkelnden-zirkonia-copy-2\\\/#breadcrumb\"},\"inLanguage\":\"de\",\"potentialAction\":[{\"@type\":\"ReadAction\",\"target\":[\"https:\\\/\\\/maxgold.gr\\\/de\\\/shop\\\/anhanger-zirkonia-v-kreuz-aus-925-sterling-silber-mit-funkelnden-zirkonia-copy-2\\\/\"]}]},{\"@type\":\"ImageObject\",\"inLanguage\":\"de\",\"@id\":\"https:\\\/\\\/maxgold.gr\\\/de\\\/shop\\\/anhanger-zirkonia-v-kreuz-aus-925-sterling-silber-mit-funkelnden-zirkonia-copy-2\\\/#primaryimage\",\"url\":\"https:\\\/\\\/i0.wp.com\\\/maxgold.gr\\\/wp-content\\\/uploads\\\/2025\\\/03\\\/crp-5-1pic-1250E-12x1x03-Pendant-Dakota-Cross.jpg?fit=1200%2C1200&ssl=1\",\"contentUrl\":\"https:\\\/\\\/i0.wp.com\\\/maxgold.gr\\\/wp-content\\\/uploads\\\/2025\\\/03\\\/crp-5-1pic-1250E-12x1x03-Pendant-Dakota-Cross.jpg?fit=1200%2C1200&ssl=1\",\"width\":1200,\"height\":1200},{\"@type\":\"BreadcrumbList\",\"@id\":\"https:\\\/\\\/maxgold.gr\\\/de\\\/shop\\\/anhanger-zirkonia-v-kreuz-aus-925-sterling-silber-mit-funkelnden-zirkonia-copy-2\\\/#breadcrumb\",\"itemListElement\":[{\"@type\":\"ListItem\",\"position\":1,\"name\":\"Home\",\"item\":\"https:\\\/\\\/maxgold.gr\\\/de\\\/startseite\\\/\"},{\"@type\":\"ListItem\",\"position\":2,\"name\":\"Gesch\u00e4ft\",\"item\":\"https:\\\/\\\/maxgold.gr\\\/de\\\/%ce%ba%ce%b1%cf%84%ce%ac%cf%83%cf%84%ce%b7%ce%bc%ce%b1\\\/\"},{\"@type\":\"ListItem\",\"position\":3,\"name\":\"Anh\u00e4nger &#8222;Dakota Kreuz&#8220; aus 925 Sterling Silber, mit Zirkonia\"}]},{\"@type\":\"WebSite\",\"@id\":\"https:\\\/\\\/maxgold.gr\\\/de\\\/#website\",\"url\":\"https:\\\/\\\/maxgold.gr\\\/de\\\/\",\"name\":\"Max Gold\",\"description\":\"Max Gold\",\"potentialAction\":[{\"@type\":\"SearchAction\",\"target\":{\"@type\":\"EntryPoint\",\"urlTemplate\":\"https:\\\/\\\/maxgold.gr\\\/de\\\/?s={search_term_string}\"},\"query-input\":{\"@type\":\"PropertyValueSpecification\",\"valueRequired\":true,\"valueName\":\"search_term_string\"}}],\"inLanguage\":\"de\"}]}<\/script>\n<!-- \/ Yoast SEO plugin. -->","yoast_head_json":{"title":"Anh\u00e4nger \"Dakota Kreuz\" aus 925 Sterling Silber, mit Zirkonia - Max Gold","description":"Der Anh\u00e4nger Dakota Kreuz ist ein atemberaubendes Schmuckst\u00fcck aus hochwertigem 925er Sterling Silber. Ist ein sinnvoller Ausdruck von Glaube und Stil.","robots":{"index":"index","follow":"follow","max-snippet":"max-snippet:-1","max-image-preview":"max-image-preview:large","max-video-preview":"max-video-preview:-1"},"canonical":"https:\/\/maxgold.gr\/de\/shop\/anhanger-zirkonia-v-kreuz-aus-925-sterling-silber-mit-funkelnden-zirkonia-copy-2\/","og_locale":"de_DE","og_type":"article","og_title":"Anh\u00e4nger \"Dakota Kreuz\" aus 925 Sterling Silber, mit Zirkonia - Max Gold","og_description":"Der Anh\u00e4nger Dakota Kreuz ist ein atemberaubendes Schmuckst\u00fcck aus hochwertigem 925er Sterling Silber. Ist ein sinnvoller Ausdruck von Glaube und Stil.","og_url":"https:\/\/maxgold.gr\/de\/shop\/anhanger-zirkonia-v-kreuz-aus-925-sterling-silber-mit-funkelnden-zirkonia-copy-2\/","og_site_name":"Max Gold","article_publisher":"https:\/\/www.facebook.com\/people\/Max-Gold\/61561801899896\/","article_modified_time":"2025-03-11T22:08:58+00:00","og_image":[{"width":1200,"height":1200,"url":"https:\/\/i0.wp.com\/maxgold.gr\/wp-content\/uploads\/2025\/03\/crp-5-1pic-1250E-12x1x03-Pendant-Dakota-Cross.jpg?fit=1200%2C1200&ssl=1","type":"image\/jpeg"}],"twitter_card":"summary_large_image","schema":{"@context":"https:\/\/schema.org","@graph":[{"@type":"WebPage","@id":"https:\/\/maxgold.gr\/de\/shop\/anhanger-zirkonia-v-kreuz-aus-925-sterling-silber-mit-funkelnden-zirkonia-copy-2\/","url":"https:\/\/maxgold.gr\/de\/shop\/anhanger-zirkonia-v-kreuz-aus-925-sterling-silber-mit-funkelnden-zirkonia-copy-2\/","name":"Anh\u00e4nger \"Dakota Kreuz\" aus 925 Sterling Silber, mit Zirkonia - Max Gold","isPartOf":{"@id":"https:\/\/maxgold.gr\/de\/#website"},"primaryImageOfPage":{"@id":"https:\/\/maxgold.gr\/de\/shop\/anhanger-zirkonia-v-kreuz-aus-925-sterling-silber-mit-funkelnden-zirkonia-copy-2\/#primaryimage"},"image":{"@id":"https:\/\/maxgold.gr\/de\/shop\/anhanger-zirkonia-v-kreuz-aus-925-sterling-silber-mit-funkelnden-zirkonia-copy-2\/#primaryimage"},"thumbnailUrl":"https:\/\/i0.wp.com\/maxgold.gr\/wp-content\/uploads\/2025\/03\/crp-5-1pic-1250E-12x1x03-Pendant-Dakota-Cross.jpg?fit=1200%2C1200&ssl=1","datePublished":"2025-03-11T21:19:03+00:00","dateModified":"2025-03-11T22:08:58+00:00","description":"Der Anh\u00e4nger Dakota Kreuz ist ein atemberaubendes Schmuckst\u00fcck aus hochwertigem 925er Sterling Silber. Ist ein sinnvoller Ausdruck von Glaube und Stil.","breadcrumb":{"@id":"https:\/\/maxgold.gr\/de\/shop\/anhanger-zirkonia-v-kreuz-aus-925-sterling-silber-mit-funkelnden-zirkonia-copy-2\/#breadcrumb"},"inLanguage":"de","potentialAction":[{"@type":"ReadAction","target":["https:\/\/maxgold.gr\/de\/shop\/anhanger-zirkonia-v-kreuz-aus-925-sterling-silber-mit-funkelnden-zirkonia-copy-2\/"]}]},{"@type":"ImageObject","inLanguage":"de","@id":"https:\/\/maxgold.gr\/de\/shop\/anhanger-zirkonia-v-kreuz-aus-925-sterling-silber-mit-funkelnden-zirkonia-copy-2\/#primaryimage","url":"https:\/\/i0.wp.com\/maxgold.gr\/wp-content\/uploads\/2025\/03\/crp-5-1pic-1250E-12x1x03-Pendant-Dakota-Cross.jpg?fit=1200%2C1200&ssl=1","contentUrl":"https:\/\/i0.wp.com\/maxgold.gr\/wp-content\/uploads\/2025\/03\/crp-5-1pic-1250E-12x1x03-Pendant-Dakota-Cross.jpg?fit=1200%2C1200&ssl=1","width":1200,"height":1200},{"@type":"BreadcrumbList","@id":"https:\/\/maxgold.gr\/de\/shop\/anhanger-zirkonia-v-kreuz-aus-925-sterling-silber-mit-funkelnden-zirkonia-copy-2\/#breadcrumb","itemListElement":[{"@type":"ListItem","position":1,"name":"Home","item":"https:\/\/maxgold.gr\/de\/startseite\/"},{"@type":"ListItem","position":2,"name":"Gesch\u00e4ft","item":"https:\/\/maxgold.gr\/de\/%ce%ba%ce%b1%cf%84%ce%ac%cf%83%cf%84%ce%b7%ce%bc%ce%b1\/"},{"@type":"ListItem","position":3,"name":"Anh\u00e4nger &#8222;Dakota Kreuz&#8220; aus 925 Sterling Silber, mit Zirkonia"}]},{"@type":"WebSite","@id":"https:\/\/maxgold.gr\/de\/#website","url":"https:\/\/maxgold.gr\/de\/","name":"Max Gold","description":"Max Gold","potentialAction":[{"@type":"SearchAction","target":{"@type":"EntryPoint","urlTemplate":"https:\/\/maxgold.gr\/de\/?s={search_term_string}"},"query-input":{"@type":"PropertyValueSpecification","valueRequired":true,"valueName":"search_term_string"}}],"inLanguage":"de"}]}},"jetpack_sharing_enabled":true,"_links":{"self":[{"href":"https:\/\/maxgold.gr\/de\/wp-json\/wp\/v2\/product\/6554","targetHints":{"allow":["GET"]}}],"collection":[{"href":"https:\/\/maxgold.gr\/de\/wp-json\/wp\/v2\/product"}],"about":[{"href":"https:\/\/maxgold.gr\/de\/wp-json\/wp\/v2\/types\/product"}],"replies":[{"embeddable":true,"href":"https:\/\/maxgold.gr\/de\/wp-json\/wp\/v2\/comments?post=6554"}],"wp:featuredmedia":[{"embeddable":true,"href":"https:\/\/maxgold.gr\/de\/wp-json\/wp\/v2\/media\/6557"}],"wp:attachment":[{"href":"https:\/\/maxgold.gr\/de\/wp-json\/wp\/v2\/media?parent=6554"}],"wp:term":[{"taxonomy":"product_brand","embeddable":true,"href":"https:\/\/maxgold.gr\/de\/wp-json\/wp\/v2\/product_brand?post=6554"},{"taxonomy":"product_cat","embeddable":true,"href":"https:\/\/maxgold.gr\/de\/wp-json\/wp\/v2\/product_cat?post=6554"},{"taxonomy":"product_tag","embeddable":true,"href":"https:\/\/maxgold.gr\/de\/wp-json\/wp\/v2\/product_tag?post=6554"}],"curies":[{"name":"wp","href":"https:\/\/api.w.org\/{rel}","templated":true}]}}