{"id":6616,"date":"2025-03-14T00:14:18","date_gmt":"2025-03-13T21:14:18","guid":{"rendered":"https:\/\/maxgold.gr\/?post_type=product&#038;p=6616"},"modified":"2025-06-29T23:29:21","modified_gmt":"2025-06-29T20:29:21","slug":"ohrstecker-blaue-opal-blatter-aus-925er-sterling-silber-und-synthetischer-opal-copy","status":"publish","type":"product","link":"https:\/\/maxgold.gr\/de\/shop\/ohrstecker-blaue-opal-blatter-aus-925er-sterling-silber-und-synthetischer-opal-copy\/","title":{"rendered":"Ohrstecker in Herzform &#8222;Emma G&#8220;, aus 925 Sterling Silber, Vergoldet"},"content":{"rendered":"<p>Entdecken Sie unsere bezaubernden <a href=\"https:\/\/en.wikipedia.org\/wiki\/Earring\">Ohrstecker<\/a> in Herzform &#8222;Emma G&#8220;. Diese stilvollen <a href=\"https:\/\/maxgold.gr\/product-category\/womens-jewellery\/earrings\/\">Ohrringe<\/a> sind aus hochwertigem 925 Silber gefertigt und mit einer gl\u00e4nzenden Vergoldung versehen. In der Mitte der Herzen schimmert ein pr\u00e4chtiger blauer synthetischer Opalstein, der jedem Outfit einen Hauch von Eleganz verleiht. Perfekt geeignet f\u00fcr Erwachsene und Kinder, sind diese Ohrstecker ein ideales Geschenk f\u00fcr besondere Anl\u00e4sse oder um sich selbst zu verw\u00f6hnen.   <\/p>\n<h4><\/h4>\n<h4><strong>Produktdetails<\/strong><\/h4>\n<p><strong>Abmessungen:<\/strong> 0,9cm x 0,8cm x 0,2cm<\/p>\n<p><strong>Stub:<\/strong> 1,1cm<\/p>\n<p><strong>Edelstein:<\/strong> Blauer Synthetischer Opal<\/p>\n<p><strong>Stil:<\/strong> Ohrstecker<\/p>\n<p><strong>Metall:<\/strong> Sterling Silber (925)<\/p>\n<p><strong>Metallstempel:<\/strong> 925<\/p>\n<p><strong>Vergoldung: <\/strong>Gold<\/p>\n<p><strong>Verschl\u00fcsse: <\/strong>Steckverschluss<\/p>\n<p>&nbsp;<\/p>\n","protected":false},"excerpt":{"rendered":"<p>Entdecken Sie unsere bezaubernden Ohrstecker in Herzform &#8222;Emma G&#8220;. Diese stilvollen Ohrringe sind aus hochwertigem 925 Silber gefertigt und mit einer gl\u00e4nzenden Vergoldung versehen. In der Mitte der Herzen schimmert ein pr\u00e4chtiger blauer synthetischer Opalstein, der jedem Outfit einen Hauch von Eleganz verleiht. Perfekt geeignet f\u00fcr Erwachsene und Kinder, sind diese Ohrstecker ein ideales Geschenk [&#8230;]\n","protected":false},"featured_media":6619,"comment_status":"open","ping_status":"closed","template":"","meta":[],"product_brand":[738],"product_cat":[439,465,709,463,434,432,431,433,498,435,624,510,659,470,724],"product_tag":[445,563,580,441,442,576],"class_list":{"0":"post-6616","1":"product","2":"type-product","3":"status-publish","4":"has-post-thumbnail","6":"product_brand-max-gold","7":"product_cat-damenschmuck","8":"product_cat-herzen","9":"product_cat-kinderohrringe","10":"product_cat-kinderschmuck","11":"product_cat-metall","12":"product_cat-neu-ankommen","13":"product_cat-ohrringe","14":"product_cat-ohrstecker","15":"product_cat-ohrstecker-vergoldet","16":"product_cat-sterling-silber-925","17":"product_cat-synthetischer","18":"product_cat-synthetischer-opal-vergoldet","19":"product_cat-synthetischer-blauer-opal-vergoldete-ohrringe","20":"product_cat-kuenstliche-opal","21":"product_cat-vergoldet","22":"product_tag-blau","23":"product_tag-blauer-opal","24":"product_tag-herzkollektion","25":"product_tag-ohrstecker","26":"product_tag-sterling-silber-925","27":"product_tag-vergoldet","29":"first","30":"instock","31":"taxable","32":"shipping-taxable","33":"purchasable","34":"product-type-simple","35":"add-to-wishlist-before_add_to_cart"},"yoast_head":"<!-- This site is optimized with the Yoast SEO plugin v27.5 - https:\/\/yoast.com\/product\/yoast-seo-wordpress\/ -->\n<title>Ohrstecker in Herzform &quot;Emma G&quot;, aus 925 Sterling Silber, Vergoldet - Max Gold<\/title>\n<meta name=\"description\" content=\"Diese stilvollen Ohrringe sind aus hochwertigem 925 Silber gefertigt und mit einer gl\u00e4nzenden Vergoldung versehen.\" \/>\n<meta name=\"robots\" content=\"index, follow, max-snippet:-1, max-image-preview:large, max-video-preview:-1\" \/>\n<link rel=\"canonical\" href=\"https:\/\/maxgold.gr\/de\/shop\/ohrstecker-blaue-opal-blatter-aus-925er-sterling-silber-und-synthetischer-opal-copy\/\" \/>\n<meta property=\"og:locale\" content=\"de_DE\" \/>\n<meta property=\"og:type\" content=\"article\" \/>\n<meta property=\"og:title\" content=\"Ohrstecker in Herzform &quot;Emma G&quot;, aus 925 Sterling Silber, Vergoldet - Max Gold\" \/>\n<meta property=\"og:description\" content=\"Diese stilvollen Ohrringe sind aus hochwertigem 925 Silber gefertigt und mit einer gl\u00e4nzenden Vergoldung versehen.\" \/>\n<meta property=\"og:url\" content=\"https:\/\/maxgold.gr\/de\/shop\/ohrstecker-blaue-opal-blatter-aus-925er-sterling-silber-und-synthetischer-opal-copy\/\" \/>\n<meta property=\"og:site_name\" content=\"Max Gold\" \/>\n<meta property=\"article:publisher\" content=\"https:\/\/www.facebook.com\/people\/Max-Gold\/61561801899896\/\" \/>\n<meta property=\"article:modified_time\" content=\"2025-06-29T20:29:21+00:00\" \/>\n<meta property=\"og:image\" content=\"https:\/\/i0.wp.com\/maxgold.gr\/wp-content\/uploads\/2025\/03\/ops-10-Hearts-Emma-G-09x08x02-1cmstub-1st-16E.jpg?fit=1200%2C1200&ssl=1\" \/>\n\t<meta property=\"og:image:width\" content=\"1200\" \/>\n\t<meta property=\"og:image:height\" content=\"1200\" \/>\n\t<meta property=\"og:image:type\" content=\"image\/jpeg\" \/>\n<meta name=\"twitter:card\" content=\"summary_large_image\" \/>\n<script type=\"application\/ld+json\" class=\"yoast-schema-graph\">{\"@context\":\"https:\\\/\\\/schema.org\",\"@graph\":[{\"@type\":\"WebPage\",\"@id\":\"https:\\\/\\\/maxgold.gr\\\/de\\\/shop\\\/ohrstecker-blaue-opal-blatter-aus-925er-sterling-silber-und-synthetischer-opal-copy\\\/\",\"url\":\"https:\\\/\\\/maxgold.gr\\\/de\\\/shop\\\/ohrstecker-blaue-opal-blatter-aus-925er-sterling-silber-und-synthetischer-opal-copy\\\/\",\"name\":\"Ohrstecker in Herzform \\\"Emma G\\\", aus 925 Sterling Silber, Vergoldet - Max Gold\",\"isPartOf\":{\"@id\":\"https:\\\/\\\/maxgold.gr\\\/de\\\/#website\"},\"primaryImageOfPage\":{\"@id\":\"https:\\\/\\\/maxgold.gr\\\/de\\\/shop\\\/ohrstecker-blaue-opal-blatter-aus-925er-sterling-silber-und-synthetischer-opal-copy\\\/#primaryimage\"},\"image\":{\"@id\":\"https:\\\/\\\/maxgold.gr\\\/de\\\/shop\\\/ohrstecker-blaue-opal-blatter-aus-925er-sterling-silber-und-synthetischer-opal-copy\\\/#primaryimage\"},\"thumbnailUrl\":\"https:\\\/\\\/i0.wp.com\\\/maxgold.gr\\\/wp-content\\\/uploads\\\/2025\\\/03\\\/ops-10-Hearts-Emma-G-09x08x02-1cmstub-1st-16E.jpg?fit=1200%2C1200&ssl=1\",\"datePublished\":\"2025-03-13T21:14:18+00:00\",\"dateModified\":\"2025-06-29T20:29:21+00:00\",\"description\":\"Diese stilvollen Ohrringe sind aus hochwertigem 925 Silber gefertigt und mit einer gl\u00e4nzenden Vergoldung versehen.\",\"breadcrumb\":{\"@id\":\"https:\\\/\\\/maxgold.gr\\\/de\\\/shop\\\/ohrstecker-blaue-opal-blatter-aus-925er-sterling-silber-und-synthetischer-opal-copy\\\/#breadcrumb\"},\"inLanguage\":\"de\",\"potentialAction\":[{\"@type\":\"ReadAction\",\"target\":[\"https:\\\/\\\/maxgold.gr\\\/de\\\/shop\\\/ohrstecker-blaue-opal-blatter-aus-925er-sterling-silber-und-synthetischer-opal-copy\\\/\"]}]},{\"@type\":\"ImageObject\",\"inLanguage\":\"de\",\"@id\":\"https:\\\/\\\/maxgold.gr\\\/de\\\/shop\\\/ohrstecker-blaue-opal-blatter-aus-925er-sterling-silber-und-synthetischer-opal-copy\\\/#primaryimage\",\"url\":\"https:\\\/\\\/i0.wp.com\\\/maxgold.gr\\\/wp-content\\\/uploads\\\/2025\\\/03\\\/ops-10-Hearts-Emma-G-09x08x02-1cmstub-1st-16E.jpg?fit=1200%2C1200&ssl=1\",\"contentUrl\":\"https:\\\/\\\/i0.wp.com\\\/maxgold.gr\\\/wp-content\\\/uploads\\\/2025\\\/03\\\/ops-10-Hearts-Emma-G-09x08x02-1cmstub-1st-16E.jpg?fit=1200%2C1200&ssl=1\",\"width\":1200,\"height\":1200},{\"@type\":\"BreadcrumbList\",\"@id\":\"https:\\\/\\\/maxgold.gr\\\/de\\\/shop\\\/ohrstecker-blaue-opal-blatter-aus-925er-sterling-silber-und-synthetischer-opal-copy\\\/#breadcrumb\",\"itemListElement\":[{\"@type\":\"ListItem\",\"position\":1,\"name\":\"Home\",\"item\":\"https:\\\/\\\/maxgold.gr\\\/de\\\/startseite\\\/\"},{\"@type\":\"ListItem\",\"position\":2,\"name\":\"Gesch\u00e4ft\",\"item\":\"https:\\\/\\\/maxgold.gr\\\/de\\\/%ce%ba%ce%b1%cf%84%ce%ac%cf%83%cf%84%ce%b7%ce%bc%ce%b1\\\/\"},{\"@type\":\"ListItem\",\"position\":3,\"name\":\"Ohrstecker in Herzform &#8222;Emma G&#8220;, aus 925 Sterling Silber, Vergoldet\"}]},{\"@type\":\"WebSite\",\"@id\":\"https:\\\/\\\/maxgold.gr\\\/de\\\/#website\",\"url\":\"https:\\\/\\\/maxgold.gr\\\/de\\\/\",\"name\":\"Max Gold\",\"description\":\"Max Gold\",\"potentialAction\":[{\"@type\":\"SearchAction\",\"target\":{\"@type\":\"EntryPoint\",\"urlTemplate\":\"https:\\\/\\\/maxgold.gr\\\/de\\\/?s={search_term_string}\"},\"query-input\":{\"@type\":\"PropertyValueSpecification\",\"valueRequired\":true,\"valueName\":\"search_term_string\"}}],\"inLanguage\":\"de\"}]}<\/script>\n<!-- \/ Yoast SEO plugin. -->","yoast_head_json":{"title":"Ohrstecker in Herzform \"Emma G\", aus 925 Sterling Silber, Vergoldet - Max Gold","description":"Diese stilvollen Ohrringe sind aus hochwertigem 925 Silber gefertigt und mit einer gl\u00e4nzenden Vergoldung versehen.","robots":{"index":"index","follow":"follow","max-snippet":"max-snippet:-1","max-image-preview":"max-image-preview:large","max-video-preview":"max-video-preview:-1"},"canonical":"https:\/\/maxgold.gr\/de\/shop\/ohrstecker-blaue-opal-blatter-aus-925er-sterling-silber-und-synthetischer-opal-copy\/","og_locale":"de_DE","og_type":"article","og_title":"Ohrstecker in Herzform \"Emma G\", aus 925 Sterling Silber, Vergoldet - Max Gold","og_description":"Diese stilvollen Ohrringe sind aus hochwertigem 925 Silber gefertigt und mit einer gl\u00e4nzenden Vergoldung versehen.","og_url":"https:\/\/maxgold.gr\/de\/shop\/ohrstecker-blaue-opal-blatter-aus-925er-sterling-silber-und-synthetischer-opal-copy\/","og_site_name":"Max Gold","article_publisher":"https:\/\/www.facebook.com\/people\/Max-Gold\/61561801899896\/","article_modified_time":"2025-06-29T20:29:21+00:00","og_image":[{"width":1200,"height":1200,"url":"https:\/\/i0.wp.com\/maxgold.gr\/wp-content\/uploads\/2025\/03\/ops-10-Hearts-Emma-G-09x08x02-1cmstub-1st-16E.jpg?fit=1200%2C1200&ssl=1","type":"image\/jpeg"}],"twitter_card":"summary_large_image","schema":{"@context":"https:\/\/schema.org","@graph":[{"@type":"WebPage","@id":"https:\/\/maxgold.gr\/de\/shop\/ohrstecker-blaue-opal-blatter-aus-925er-sterling-silber-und-synthetischer-opal-copy\/","url":"https:\/\/maxgold.gr\/de\/shop\/ohrstecker-blaue-opal-blatter-aus-925er-sterling-silber-und-synthetischer-opal-copy\/","name":"Ohrstecker in Herzform \"Emma G\", aus 925 Sterling Silber, Vergoldet - Max Gold","isPartOf":{"@id":"https:\/\/maxgold.gr\/de\/#website"},"primaryImageOfPage":{"@id":"https:\/\/maxgold.gr\/de\/shop\/ohrstecker-blaue-opal-blatter-aus-925er-sterling-silber-und-synthetischer-opal-copy\/#primaryimage"},"image":{"@id":"https:\/\/maxgold.gr\/de\/shop\/ohrstecker-blaue-opal-blatter-aus-925er-sterling-silber-und-synthetischer-opal-copy\/#primaryimage"},"thumbnailUrl":"https:\/\/i0.wp.com\/maxgold.gr\/wp-content\/uploads\/2025\/03\/ops-10-Hearts-Emma-G-09x08x02-1cmstub-1st-16E.jpg?fit=1200%2C1200&ssl=1","datePublished":"2025-03-13T21:14:18+00:00","dateModified":"2025-06-29T20:29:21+00:00","description":"Diese stilvollen Ohrringe sind aus hochwertigem 925 Silber gefertigt und mit einer gl\u00e4nzenden Vergoldung versehen.","breadcrumb":{"@id":"https:\/\/maxgold.gr\/de\/shop\/ohrstecker-blaue-opal-blatter-aus-925er-sterling-silber-und-synthetischer-opal-copy\/#breadcrumb"},"inLanguage":"de","potentialAction":[{"@type":"ReadAction","target":["https:\/\/maxgold.gr\/de\/shop\/ohrstecker-blaue-opal-blatter-aus-925er-sterling-silber-und-synthetischer-opal-copy\/"]}]},{"@type":"ImageObject","inLanguage":"de","@id":"https:\/\/maxgold.gr\/de\/shop\/ohrstecker-blaue-opal-blatter-aus-925er-sterling-silber-und-synthetischer-opal-copy\/#primaryimage","url":"https:\/\/i0.wp.com\/maxgold.gr\/wp-content\/uploads\/2025\/03\/ops-10-Hearts-Emma-G-09x08x02-1cmstub-1st-16E.jpg?fit=1200%2C1200&ssl=1","contentUrl":"https:\/\/i0.wp.com\/maxgold.gr\/wp-content\/uploads\/2025\/03\/ops-10-Hearts-Emma-G-09x08x02-1cmstub-1st-16E.jpg?fit=1200%2C1200&ssl=1","width":1200,"height":1200},{"@type":"BreadcrumbList","@id":"https:\/\/maxgold.gr\/de\/shop\/ohrstecker-blaue-opal-blatter-aus-925er-sterling-silber-und-synthetischer-opal-copy\/#breadcrumb","itemListElement":[{"@type":"ListItem","position":1,"name":"Home","item":"https:\/\/maxgold.gr\/de\/startseite\/"},{"@type":"ListItem","position":2,"name":"Gesch\u00e4ft","item":"https:\/\/maxgold.gr\/de\/%ce%ba%ce%b1%cf%84%ce%ac%cf%83%cf%84%ce%b7%ce%bc%ce%b1\/"},{"@type":"ListItem","position":3,"name":"Ohrstecker in Herzform &#8222;Emma G&#8220;, aus 925 Sterling Silber, Vergoldet"}]},{"@type":"WebSite","@id":"https:\/\/maxgold.gr\/de\/#website","url":"https:\/\/maxgold.gr\/de\/","name":"Max Gold","description":"Max Gold","potentialAction":[{"@type":"SearchAction","target":{"@type":"EntryPoint","urlTemplate":"https:\/\/maxgold.gr\/de\/?s={search_term_string}"},"query-input":{"@type":"PropertyValueSpecification","valueRequired":true,"valueName":"search_term_string"}}],"inLanguage":"de"}]}},"jetpack_sharing_enabled":true,"_links":{"self":[{"href":"https:\/\/maxgold.gr\/de\/wp-json\/wp\/v2\/product\/6616","targetHints":{"allow":["GET"]}}],"collection":[{"href":"https:\/\/maxgold.gr\/de\/wp-json\/wp\/v2\/product"}],"about":[{"href":"https:\/\/maxgold.gr\/de\/wp-json\/wp\/v2\/types\/product"}],"replies":[{"embeddable":true,"href":"https:\/\/maxgold.gr\/de\/wp-json\/wp\/v2\/comments?post=6616"}],"wp:featuredmedia":[{"embeddable":true,"href":"https:\/\/maxgold.gr\/de\/wp-json\/wp\/v2\/media\/6619"}],"wp:attachment":[{"href":"https:\/\/maxgold.gr\/de\/wp-json\/wp\/v2\/media?parent=6616"}],"wp:term":[{"taxonomy":"product_brand","embeddable":true,"href":"https:\/\/maxgold.gr\/de\/wp-json\/wp\/v2\/product_brand?post=6616"},{"taxonomy":"product_cat","embeddable":true,"href":"https:\/\/maxgold.gr\/de\/wp-json\/wp\/v2\/product_cat?post=6616"},{"taxonomy":"product_tag","embeddable":true,"href":"https:\/\/maxgold.gr\/de\/wp-json\/wp\/v2\/product_tag?post=6616"}],"curies":[{"name":"wp","href":"https:\/\/api.w.org\/{rel}","templated":true}]}}