{"id":6705,"date":"2024-12-08T19:07:25","date_gmt":"2024-12-08T16:07:25","guid":{"rendered":"https:\/\/maxgold.gr\/shop\/14k-gold-panzerkette-50cm-lang-und-einem-gewicht-von-27gr\/"},"modified":"2024-12-08T19:07:25","modified_gmt":"2024-12-08T16:07:25","slug":"14k-gold-panzerkette-50cm-lang-und-einem-gewicht-von-27gr","status":"publish","type":"product","link":"https:\/\/maxgold.gr\/de\/shop\/14k-gold-panzerkette-50cm-lang-und-einem-gewicht-von-27gr\/","title":{"rendered":"14k Gold Panzerkette, 50cm lang, und einem Gewicht von 2,7gr."},"content":{"rendered":"<p>14k Gold Panzerkette<\/p>\n<p>Entdecken Sie unseren exquisiten Panzerkette, gefertigt aus hochwertigem <a href=\"https:\/\/www.gold.org\/about-gold\/about-gold-jewellery\">14k Gold (585)<\/a> f\u00fcr einen zeitlosen Look. Mit einer L\u00e4nge von 50 cm und einem Gewicht von 2,7 g ist dieser <a href=\"https:\/\/maxgold.gr\/product-category\/womens-jewellery\/neclaces-pendants\/neclaces-chains\/chains\/\">Kette<\/a> leicht und angenehm zu tragen. Die elegante Breite von 1,2 mm verleiht ihm eine subtile Raffinesse, die sich perfekt f\u00fcr jeden Anlass eignet, sei es f\u00fcr den Alltag oder besondere Feierlichkeiten. Machen Sie Ihr Outfit mit diesem klassischen Schmuckst\u00fcck komplett!   <\/p>\n<p>&nbsp;<\/p>\n<h4><strong>Produktdetails<\/strong><\/h4>\n<p><strong>Kettentyp: <\/strong>Panzerkette<\/p>\n<p><strong>Breite: <\/strong>1,2mm<strong><br \/>\n<\/strong><\/p>\n<p><strong>L\u00e4nge: <\/strong>50cm<\/p>\n<p><strong>Gewicht: <\/strong>2,7gr<strong><br \/>\n<\/strong><\/p>\n<p><strong>Metall:<\/strong> Gold 585<\/p>\n<p><strong>Metallstempel:<\/strong> 585<\/p>\n<p><strong>Kettenverschluss: <\/strong>Karabinerverschluss<\/p>\n<p>o x x x x x x x x x x x x x x x x x x x x x x x x x x x x x x x x x x<\/p>\n<p>x x x x x x x x x x x x x x x x x x x x x x x x x x x x x x x x x x x x<\/p>\n<p>x x x x x x x x x x x x x x x x x x x x x x x x x x x x x x x x x x x x o<\/p>\n","protected":false},"excerpt":{"rendered":"<p>Entdecken Sie unseren exquisiten Panzerkette, gefertigt aus hochwertigem 14k Gold (585) f\u00fcr einen zeitlosen Look. Mit einer L\u00e4nge von 50 cm und einem Gewicht von 2,7 gr <\/p>\n","protected":false},"featured_media":6701,"comment_status":"open","ping_status":"closed","template":"","meta":[],"product_brand":[738],"product_cat":[472,439,476,516,517,473,518,451,434,432],"product_tag":[786,567,590,458],"class_list":{"0":"post-6705","1":"product","2":"type-product","3":"status-publish","4":"has-post-thumbnail","6":"product_brand-max-gold","7":"product_cat-anhaenger-ketten-fuer-herren","8":"product_cat-damenschmuck","9":"product_cat-gold-14k-585-de","10":"product_cat-halsketten-anhaenger","11":"product_cat-halsketten-ketten","12":"product_cat-herrenketten","13":"product_cat-ketten","14":"product_cat-mannerschmuck","15":"product_cat-metall","16":"product_cat-neu-ankommen","17":"product_tag-gold-14k-585-de","18":"product_tag-ketten","19":"product_tag-kollier","20":"product_tag-panzerkette","22":"first","23":"instock","24":"taxable","25":"shipping-taxable","26":"purchasable","27":"product-type-simple","28":"add-to-wishlist-before_add_to_cart"},"yoast_head":"<!-- This site is optimized with the Yoast SEO plugin v27.3 - https:\/\/yoast.com\/product\/yoast-seo-wordpress\/ -->\n<title>14k Gold Panzerkette, 50cm lang, und einem Gewicht von 2,7gr. - Max Gold<\/title>\n<meta name=\"description\" content=\"Entdecken Sie unseren exquisiten Panzerkette, gefertigt aus hochwertigem 14k Gold (585) f\u00fcr einen zeitlosen Look. L\u00e4nge 50cm, Gewicht von 2,7gr, Breite 1,2cm\" \/>\n<meta name=\"robots\" content=\"index, follow, max-snippet:-1, max-image-preview:large, max-video-preview:-1\" \/>\n<link rel=\"canonical\" href=\"https:\/\/maxgold.gr\/de\/shop\/14k-gold-panzerkette-50cm-lang-und-einem-gewicht-von-27gr\/\" \/>\n<meta property=\"og:locale\" content=\"de_DE\" \/>\n<meta property=\"og:type\" content=\"article\" \/>\n<meta property=\"og:title\" content=\"14k Gold Panzerkette, 50cm lang, und einem Gewicht von 2,7gr. - Max Gold\" \/>\n<meta property=\"og:description\" content=\"Entdecken Sie unseren exquisiten Panzerkette, gefertigt aus hochwertigem 14k Gold (585) f\u00fcr einen zeitlosen Look. L\u00e4nge 50cm, Gewicht von 2,7gr, Breite 1,2cm\" \/>\n<meta property=\"og:url\" content=\"https:\/\/maxgold.gr\/de\/shop\/14k-gold-panzerkette-50cm-lang-und-einem-gewicht-von-27gr\/\" \/>\n<meta property=\"og:site_name\" content=\"Max Gold\" \/>\n<meta property=\"article:publisher\" content=\"https:\/\/www.facebook.com\/people\/Max-Gold\/61561801899896\/\" \/>\n<meta property=\"og:image\" content=\"https:\/\/i0.wp.com\/maxgold.gr\/wp-content\/uploads\/2024\/12\/gc-1f.jpg?fit=1000%2C1000&ssl=1\" \/>\n\t<meta property=\"og:image:width\" content=\"1000\" \/>\n\t<meta property=\"og:image:height\" content=\"1000\" \/>\n\t<meta property=\"og:image:type\" content=\"image\/jpeg\" \/>\n<meta name=\"twitter:card\" content=\"summary_large_image\" \/>\n<meta name=\"twitter:label1\" content=\"Gesch\u00e4tzte Lesezeit\" \/>\n\t<meta name=\"twitter:data1\" content=\"1\u00a0Minute\" \/>\n<script type=\"application\/ld+json\" class=\"yoast-schema-graph\">{\"@context\":\"https:\\\/\\\/schema.org\",\"@graph\":[{\"@type\":\"WebPage\",\"@id\":\"https:\\\/\\\/maxgold.gr\\\/de\\\/shop\\\/14k-gold-panzerkette-50cm-lang-und-einem-gewicht-von-27gr\\\/\",\"url\":\"https:\\\/\\\/maxgold.gr\\\/de\\\/shop\\\/14k-gold-panzerkette-50cm-lang-und-einem-gewicht-von-27gr\\\/\",\"name\":\"14k Gold Panzerkette, 50cm lang, und einem Gewicht von 2,7gr. - Max Gold\",\"isPartOf\":{\"@id\":\"https:\\\/\\\/maxgold.gr\\\/de\\\/#website\"},\"primaryImageOfPage\":{\"@id\":\"https:\\\/\\\/maxgold.gr\\\/de\\\/shop\\\/14k-gold-panzerkette-50cm-lang-und-einem-gewicht-von-27gr\\\/#primaryimage\"},\"image\":{\"@id\":\"https:\\\/\\\/maxgold.gr\\\/de\\\/shop\\\/14k-gold-panzerkette-50cm-lang-und-einem-gewicht-von-27gr\\\/#primaryimage\"},\"thumbnailUrl\":\"https:\\\/\\\/i0.wp.com\\\/maxgold.gr\\\/wp-content\\\/uploads\\\/2024\\\/12\\\/gc-1f.jpg?fit=1000%2C1000&ssl=1\",\"datePublished\":\"2024-12-08T16:07:25+00:00\",\"description\":\"Entdecken Sie unseren exquisiten Panzerkette, gefertigt aus hochwertigem 14k Gold (585) f\u00fcr einen zeitlosen Look. L\u00e4nge 50cm, Gewicht von 2,7gr, Breite 1,2cm\",\"breadcrumb\":{\"@id\":\"https:\\\/\\\/maxgold.gr\\\/de\\\/shop\\\/14k-gold-panzerkette-50cm-lang-und-einem-gewicht-von-27gr\\\/#breadcrumb\"},\"inLanguage\":\"de\",\"potentialAction\":[{\"@type\":\"ReadAction\",\"target\":[\"https:\\\/\\\/maxgold.gr\\\/de\\\/shop\\\/14k-gold-panzerkette-50cm-lang-und-einem-gewicht-von-27gr\\\/\"]}]},{\"@type\":\"ImageObject\",\"inLanguage\":\"de\",\"@id\":\"https:\\\/\\\/maxgold.gr\\\/de\\\/shop\\\/14k-gold-panzerkette-50cm-lang-und-einem-gewicht-von-27gr\\\/#primaryimage\",\"url\":\"https:\\\/\\\/i0.wp.com\\\/maxgold.gr\\\/wp-content\\\/uploads\\\/2024\\\/12\\\/gc-1f.jpg?fit=1000%2C1000&ssl=1\",\"contentUrl\":\"https:\\\/\\\/i0.wp.com\\\/maxgold.gr\\\/wp-content\\\/uploads\\\/2024\\\/12\\\/gc-1f.jpg?fit=1000%2C1000&ssl=1\",\"width\":1000,\"height\":1000,\"caption\":\"Curb Gold Chain\"},{\"@type\":\"BreadcrumbList\",\"@id\":\"https:\\\/\\\/maxgold.gr\\\/de\\\/shop\\\/14k-gold-panzerkette-50cm-lang-und-einem-gewicht-von-27gr\\\/#breadcrumb\",\"itemListElement\":[{\"@type\":\"ListItem\",\"position\":1,\"name\":\"Home\",\"item\":\"https:\\\/\\\/maxgold.gr\\\/de\\\/startseite\\\/\"},{\"@type\":\"ListItem\",\"position\":2,\"name\":\"Gesch\u00e4ft\",\"item\":\"https:\\\/\\\/maxgold.gr\\\/de\\\/%ce%ba%ce%b1%cf%84%ce%ac%cf%83%cf%84%ce%b7%ce%bc%ce%b1\\\/\"},{\"@type\":\"ListItem\",\"position\":3,\"name\":\"14k Gold Panzerkette, 50cm lang, und einem Gewicht von 2,7gr.\"}]},{\"@type\":\"WebSite\",\"@id\":\"https:\\\/\\\/maxgold.gr\\\/de\\\/#website\",\"url\":\"https:\\\/\\\/maxgold.gr\\\/de\\\/\",\"name\":\"Max Gold\",\"description\":\"Max Gold\",\"potentialAction\":[{\"@type\":\"SearchAction\",\"target\":{\"@type\":\"EntryPoint\",\"urlTemplate\":\"https:\\\/\\\/maxgold.gr\\\/de\\\/?s={search_term_string}\"},\"query-input\":{\"@type\":\"PropertyValueSpecification\",\"valueRequired\":true,\"valueName\":\"search_term_string\"}}],\"inLanguage\":\"de\"}]}<\/script>\n<!-- \/ Yoast SEO plugin. -->","yoast_head_json":{"title":"14k Gold Panzerkette, 50cm lang, und einem Gewicht von 2,7gr. - Max Gold","description":"Entdecken Sie unseren exquisiten Panzerkette, gefertigt aus hochwertigem 14k Gold (585) f\u00fcr einen zeitlosen Look. L\u00e4nge 50cm, Gewicht von 2,7gr, Breite 1,2cm","robots":{"index":"index","follow":"follow","max-snippet":"max-snippet:-1","max-image-preview":"max-image-preview:large","max-video-preview":"max-video-preview:-1"},"canonical":"https:\/\/maxgold.gr\/de\/shop\/14k-gold-panzerkette-50cm-lang-und-einem-gewicht-von-27gr\/","og_locale":"de_DE","og_type":"article","og_title":"14k Gold Panzerkette, 50cm lang, und einem Gewicht von 2,7gr. - Max Gold","og_description":"Entdecken Sie unseren exquisiten Panzerkette, gefertigt aus hochwertigem 14k Gold (585) f\u00fcr einen zeitlosen Look. L\u00e4nge 50cm, Gewicht von 2,7gr, Breite 1,2cm","og_url":"https:\/\/maxgold.gr\/de\/shop\/14k-gold-panzerkette-50cm-lang-und-einem-gewicht-von-27gr\/","og_site_name":"Max Gold","article_publisher":"https:\/\/www.facebook.com\/people\/Max-Gold\/61561801899896\/","og_image":[{"width":1000,"height":1000,"url":"https:\/\/i0.wp.com\/maxgold.gr\/wp-content\/uploads\/2024\/12\/gc-1f.jpg?fit=1000%2C1000&ssl=1","type":"image\/jpeg"}],"twitter_card":"summary_large_image","twitter_misc":{"Gesch\u00e4tzte Lesezeit":"1\u00a0Minute"},"schema":{"@context":"https:\/\/schema.org","@graph":[{"@type":"WebPage","@id":"https:\/\/maxgold.gr\/de\/shop\/14k-gold-panzerkette-50cm-lang-und-einem-gewicht-von-27gr\/","url":"https:\/\/maxgold.gr\/de\/shop\/14k-gold-panzerkette-50cm-lang-und-einem-gewicht-von-27gr\/","name":"14k Gold Panzerkette, 50cm lang, und einem Gewicht von 2,7gr. - Max Gold","isPartOf":{"@id":"https:\/\/maxgold.gr\/de\/#website"},"primaryImageOfPage":{"@id":"https:\/\/maxgold.gr\/de\/shop\/14k-gold-panzerkette-50cm-lang-und-einem-gewicht-von-27gr\/#primaryimage"},"image":{"@id":"https:\/\/maxgold.gr\/de\/shop\/14k-gold-panzerkette-50cm-lang-und-einem-gewicht-von-27gr\/#primaryimage"},"thumbnailUrl":"https:\/\/i0.wp.com\/maxgold.gr\/wp-content\/uploads\/2024\/12\/gc-1f.jpg?fit=1000%2C1000&ssl=1","datePublished":"2024-12-08T16:07:25+00:00","description":"Entdecken Sie unseren exquisiten Panzerkette, gefertigt aus hochwertigem 14k Gold (585) f\u00fcr einen zeitlosen Look. L\u00e4nge 50cm, Gewicht von 2,7gr, Breite 1,2cm","breadcrumb":{"@id":"https:\/\/maxgold.gr\/de\/shop\/14k-gold-panzerkette-50cm-lang-und-einem-gewicht-von-27gr\/#breadcrumb"},"inLanguage":"de","potentialAction":[{"@type":"ReadAction","target":["https:\/\/maxgold.gr\/de\/shop\/14k-gold-panzerkette-50cm-lang-und-einem-gewicht-von-27gr\/"]}]},{"@type":"ImageObject","inLanguage":"de","@id":"https:\/\/maxgold.gr\/de\/shop\/14k-gold-panzerkette-50cm-lang-und-einem-gewicht-von-27gr\/#primaryimage","url":"https:\/\/i0.wp.com\/maxgold.gr\/wp-content\/uploads\/2024\/12\/gc-1f.jpg?fit=1000%2C1000&ssl=1","contentUrl":"https:\/\/i0.wp.com\/maxgold.gr\/wp-content\/uploads\/2024\/12\/gc-1f.jpg?fit=1000%2C1000&ssl=1","width":1000,"height":1000,"caption":"Curb Gold Chain"},{"@type":"BreadcrumbList","@id":"https:\/\/maxgold.gr\/de\/shop\/14k-gold-panzerkette-50cm-lang-und-einem-gewicht-von-27gr\/#breadcrumb","itemListElement":[{"@type":"ListItem","position":1,"name":"Home","item":"https:\/\/maxgold.gr\/de\/startseite\/"},{"@type":"ListItem","position":2,"name":"Gesch\u00e4ft","item":"https:\/\/maxgold.gr\/de\/%ce%ba%ce%b1%cf%84%ce%ac%cf%83%cf%84%ce%b7%ce%bc%ce%b1\/"},{"@type":"ListItem","position":3,"name":"14k Gold Panzerkette, 50cm lang, und einem Gewicht von 2,7gr."}]},{"@type":"WebSite","@id":"https:\/\/maxgold.gr\/de\/#website","url":"https:\/\/maxgold.gr\/de\/","name":"Max Gold","description":"Max Gold","potentialAction":[{"@type":"SearchAction","target":{"@type":"EntryPoint","urlTemplate":"https:\/\/maxgold.gr\/de\/?s={search_term_string}"},"query-input":{"@type":"PropertyValueSpecification","valueRequired":true,"valueName":"search_term_string"}}],"inLanguage":"de"}]}},"jetpack_sharing_enabled":true,"_links":{"self":[{"href":"https:\/\/maxgold.gr\/de\/wp-json\/wp\/v2\/product\/6705","targetHints":{"allow":["GET"]}}],"collection":[{"href":"https:\/\/maxgold.gr\/de\/wp-json\/wp\/v2\/product"}],"about":[{"href":"https:\/\/maxgold.gr\/de\/wp-json\/wp\/v2\/types\/product"}],"replies":[{"embeddable":true,"href":"https:\/\/maxgold.gr\/de\/wp-json\/wp\/v2\/comments?post=6705"}],"wp:featuredmedia":[{"embeddable":true,"href":"https:\/\/maxgold.gr\/de\/wp-json\/wp\/v2\/media\/6701"}],"wp:attachment":[{"href":"https:\/\/maxgold.gr\/de\/wp-json\/wp\/v2\/media?parent=6705"}],"wp:term":[{"taxonomy":"product_brand","embeddable":true,"href":"https:\/\/maxgold.gr\/de\/wp-json\/wp\/v2\/product_brand?post=6705"},{"taxonomy":"product_cat","embeddable":true,"href":"https:\/\/maxgold.gr\/de\/wp-json\/wp\/v2\/product_cat?post=6705"},{"taxonomy":"product_tag","embeddable":true,"href":"https:\/\/maxgold.gr\/de\/wp-json\/wp\/v2\/product_tag?post=6705"}],"curies":[{"name":"wp","href":"https:\/\/api.w.org\/{rel}","templated":true}]}}