{"id":6757,"date":"2025-03-25T18:24:29","date_gmt":"2025-03-25T15:24:29","guid":{"rendered":"https:\/\/maxgold.gr\/?post_type=product&#038;p=6757"},"modified":"2025-03-26T02:16:07","modified_gmt":"2025-03-25T23:16:07","slug":"halskette-mit-herzanhanger-ginas-herz-aus-vergoldetem-silber","status":"publish","type":"product","link":"https:\/\/maxgold.gr\/de\/shop\/halskette-mit-herzanhanger-ginas-herz-aus-vergoldetem-silber\/","title":{"rendered":"Halskette mit Herzanh\u00e4nger \u201eGinas Herz\u201c, aus vergoldetem Silber"},"content":{"rendered":"<p>Halskette mit Herzanh\u00e4nger \u201eGinas Herz\u201c<\/p>\n<p>Verleihen Sie Ihrem Look mit der exquisiten Halskette \u201eGinas Herz\u201c einen Hauch von Eleganz. Diese feine <a href=\"https:\/\/en.wikipedia.org\/wiki\/Necklace\">Kette<\/a> aus vergoldetem<a href=\"https:\/\/maxgold.gr\/product-category\/metal\/sterling-silver-925\/\"> 925 Silber <\/a>bietet einen romantischen Herzanh\u00e4nger, der kunstvoll mit synthetischem blauen Opal verziert ist. Mit einer L\u00e4nge von 45 cm und dem stilvollen Venezia Box Kettendesign ist sie perfekt f\u00fcr jeden Anlass. Ein ideales Geschenk f\u00fcr geliebte Menschen oder um sich selbst zu verw\u00f6hnen.   <\/p>\n<p>&nbsp;<\/p>\n<p>&nbsp;<\/p>\n<h4><strong>Produktdetails<\/strong><\/h4>\n<p><strong>Anh\u00e4nger Abmessungen:<\/strong> 1.5cm x 1.5cm x 0.2cm<\/p>\n<p><strong>Edelstein:<\/strong> Synthetischer Blauer Opal<\/p>\n<p><strong>Kettentyp:<\/strong> Venezia Box<\/p>\n<p><strong>K\u00e4ttenlange: <\/strong>45cm<\/p>\n<p><strong>Gewicht von Kette:<\/strong> 4,3gr<\/p>\n<p><strong>Breite der Kette: <\/strong>1mm<strong><br \/>\n<\/strong><\/p>\n<p><strong>Kettenverschluss:<\/strong> Karabiner<\/p>\n<p><strong>Metall:<\/strong> Sterling Silber (925)<\/p>\n<p><strong>Metallstempel:<\/strong> 925.<\/p>\n<p><strong>Vergoldung: <\/strong>Gold<\/p>\n<p>&nbsp;<\/p>\n<p>x x x x x x x x x x x x x x x x x x x x x x x x x x x x x x x x x x x x x x x x x x x x x x x x x x x x x x x x x x x x x x x x x<\/p>\n","protected":false},"excerpt":{"rendered":"<p>Diese feine Kette aus vergoldetem 925 Silber bietet einen romantischen Herzanh\u00e4nger, der kunstvoll mit synthetischem blauen Opal verziert ist. <\/p>\n<p>&nbsp;<\/p>\n<p><span class=\"tBJ dyH iFc sAJ X8m zDA IZT swG\"><span class=\"richPinInformation\" data-test-id=\"richPinInformation-description\"> <\/span><\/span><\/p>\n","protected":false},"featured_media":6737,"comment_status":"open","ping_status":"closed","template":"","meta":[],"product_brand":[738],"product_cat":[439,516,525,465,434,432,435,624,510,470,724,513,527],"product_tag":[445,563,579,580,456,442,576],"class_list":{"0":"post-6757","1":"product","2":"type-product","3":"status-publish","4":"has-post-thumbnail","6":"product_brand-max-gold","7":"product_cat-damenschmuck","8":"product_cat-halsketten-anhaenger","9":"product_cat-halsketten-mit-anhaenger","10":"product_cat-herzen","11":"product_cat-metall","12":"product_cat-neu-ankommen","13":"product_cat-sterling-silber-925","14":"product_cat-synthetischer","15":"product_cat-synthetischer-opal-vergoldet","16":"product_cat-kuenstliche-opal","17":"product_cat-vergoldet","18":"product_cat-vergoldete-anhaengerketten-mit-synthetischem-opal","19":"product_cat-vergoldete-halsketten-mit-anhaenger-aus-synthetischem-opal","20":"product_tag-blau","21":"product_tag-blauer-opal","22":"product_tag-herzanhaenger","23":"product_tag-herzkollektion","24":"product_tag-karabinerhaken","25":"product_tag-sterling-silber-925","26":"product_tag-vergoldet","28":"first","29":"instock","30":"taxable","31":"shipping-taxable","32":"purchasable","33":"product-type-simple","34":"add-to-wishlist-before_add_to_cart"},"yoast_head":"<!-- This site is optimized with the Yoast SEO plugin v27.5 - https:\/\/yoast.com\/product\/yoast-seo-wordpress\/ -->\n<title>Halskette mit Herzanh\u00e4nger \u201eGinas Herz\u201c, aus vergoldetem Silber - Max Gold<\/title>\n<meta name=\"description\" content=\"Diese feine Kette aus vergoldetem 925 Silber bietet einen romantischen Herzanh\u00e4nger, der kunstvoll mit synthetischem blauen Opal verziert ist.\" \/>\n<meta name=\"robots\" content=\"index, follow, max-snippet:-1, max-image-preview:large, max-video-preview:-1\" \/>\n<link rel=\"canonical\" href=\"https:\/\/maxgold.gr\/de\/shop\/halskette-mit-herzanhanger-ginas-herz-aus-vergoldetem-silber\/\" \/>\n<meta property=\"og:locale\" content=\"de_DE\" \/>\n<meta property=\"og:type\" content=\"article\" \/>\n<meta property=\"og:title\" content=\"Halskette mit Herzanh\u00e4nger \u201eGinas Herz\u201c, aus vergoldetem Silber - Max Gold\" \/>\n<meta property=\"og:description\" content=\"Diese feine Kette aus vergoldetem 925 Silber bietet einen romantischen Herzanh\u00e4nger, der kunstvoll mit synthetischem blauen Opal verziert ist.\" \/>\n<meta property=\"og:url\" content=\"https:\/\/maxgold.gr\/de\/shop\/halskette-mit-herzanhanger-ginas-herz-aus-vergoldetem-silber\/\" \/>\n<meta property=\"og:site_name\" content=\"Max Gold\" \/>\n<meta property=\"article:publisher\" content=\"https:\/\/www.facebook.com\/people\/Max-Gold\/61561801899896\/\" \/>\n<meta property=\"article:modified_time\" content=\"2025-03-25T23:16:07+00:00\" \/>\n<meta property=\"og:image\" content=\"https:\/\/maxgold.gr\/wp-content\/uploads\/2025\/03\/pno-12g.jpg\" \/>\n\t<meta property=\"og:image:width\" content=\"1200\" \/>\n\t<meta property=\"og:image:height\" content=\"1200\" \/>\n\t<meta property=\"og:image:type\" content=\"image\/jpeg\" \/>\n<meta name=\"twitter:card\" content=\"summary_large_image\" \/>\n<meta name=\"twitter:label1\" content=\"Gesch\u00e4tzte Lesezeit\" \/>\n\t<meta name=\"twitter:data1\" content=\"1\u00a0Minute\" \/>\n<script type=\"application\/ld+json\" class=\"yoast-schema-graph\">{\"@context\":\"https:\\\/\\\/schema.org\",\"@graph\":[{\"@type\":\"WebPage\",\"@id\":\"https:\\\/\\\/maxgold.gr\\\/de\\\/shop\\\/halskette-mit-herzanhanger-ginas-herz-aus-vergoldetem-silber\\\/\",\"url\":\"https:\\\/\\\/maxgold.gr\\\/de\\\/shop\\\/halskette-mit-herzanhanger-ginas-herz-aus-vergoldetem-silber\\\/\",\"name\":\"Halskette mit Herzanh\u00e4nger \u201eGinas Herz\u201c, aus vergoldetem Silber - Max Gold\",\"isPartOf\":{\"@id\":\"https:\\\/\\\/maxgold.gr\\\/de\\\/#website\"},\"primaryImageOfPage\":{\"@id\":\"https:\\\/\\\/maxgold.gr\\\/de\\\/shop\\\/halskette-mit-herzanhanger-ginas-herz-aus-vergoldetem-silber\\\/#primaryimage\"},\"image\":{\"@id\":\"https:\\\/\\\/maxgold.gr\\\/de\\\/shop\\\/halskette-mit-herzanhanger-ginas-herz-aus-vergoldetem-silber\\\/#primaryimage\"},\"thumbnailUrl\":\"https:\\\/\\\/i0.wp.com\\\/maxgold.gr\\\/wp-content\\\/uploads\\\/2025\\\/03\\\/pno-12g.jpg?fit=1200%2C1200&ssl=1\",\"datePublished\":\"2025-03-25T15:24:29+00:00\",\"dateModified\":\"2025-03-25T23:16:07+00:00\",\"description\":\"Diese feine Kette aus vergoldetem 925 Silber bietet einen romantischen Herzanh\u00e4nger, der kunstvoll mit synthetischem blauen Opal verziert ist.\",\"breadcrumb\":{\"@id\":\"https:\\\/\\\/maxgold.gr\\\/de\\\/shop\\\/halskette-mit-herzanhanger-ginas-herz-aus-vergoldetem-silber\\\/#breadcrumb\"},\"inLanguage\":\"de\",\"potentialAction\":[{\"@type\":\"ReadAction\",\"target\":[\"https:\\\/\\\/maxgold.gr\\\/de\\\/shop\\\/halskette-mit-herzanhanger-ginas-herz-aus-vergoldetem-silber\\\/\"]}]},{\"@type\":\"ImageObject\",\"inLanguage\":\"de\",\"@id\":\"https:\\\/\\\/maxgold.gr\\\/de\\\/shop\\\/halskette-mit-herzanhanger-ginas-herz-aus-vergoldetem-silber\\\/#primaryimage\",\"url\":\"https:\\\/\\\/i0.wp.com\\\/maxgold.gr\\\/wp-content\\\/uploads\\\/2025\\\/03\\\/pno-12g.jpg?fit=1200%2C1200&ssl=1\",\"contentUrl\":\"https:\\\/\\\/i0.wp.com\\\/maxgold.gr\\\/wp-content\\\/uploads\\\/2025\\\/03\\\/pno-12g.jpg?fit=1200%2C1200&ssl=1\",\"width\":1200,\"height\":1200,\"caption\":\"Heart Pendant Necklace 'Gina's Heart'\u00a0\"},{\"@type\":\"BreadcrumbList\",\"@id\":\"https:\\\/\\\/maxgold.gr\\\/de\\\/shop\\\/halskette-mit-herzanhanger-ginas-herz-aus-vergoldetem-silber\\\/#breadcrumb\",\"itemListElement\":[{\"@type\":\"ListItem\",\"position\":1,\"name\":\"Home\",\"item\":\"https:\\\/\\\/maxgold.gr\\\/de\\\/startseite\\\/\"},{\"@type\":\"ListItem\",\"position\":2,\"name\":\"Gesch\u00e4ft\",\"item\":\"https:\\\/\\\/maxgold.gr\\\/de\\\/%ce%ba%ce%b1%cf%84%ce%ac%cf%83%cf%84%ce%b7%ce%bc%ce%b1\\\/\"},{\"@type\":\"ListItem\",\"position\":3,\"name\":\"Halskette mit Herzanh\u00e4nger \u201eGinas Herz\u201c, aus vergoldetem Silber\"}]},{\"@type\":\"WebSite\",\"@id\":\"https:\\\/\\\/maxgold.gr\\\/de\\\/#website\",\"url\":\"https:\\\/\\\/maxgold.gr\\\/de\\\/\",\"name\":\"Max Gold\",\"description\":\"Max Gold\",\"potentialAction\":[{\"@type\":\"SearchAction\",\"target\":{\"@type\":\"EntryPoint\",\"urlTemplate\":\"https:\\\/\\\/maxgold.gr\\\/de\\\/?s={search_term_string}\"},\"query-input\":{\"@type\":\"PropertyValueSpecification\",\"valueRequired\":true,\"valueName\":\"search_term_string\"}}],\"inLanguage\":\"de\"}]}<\/script>\n<!-- \/ Yoast SEO plugin. -->","yoast_head_json":{"title":"Halskette mit Herzanh\u00e4nger \u201eGinas Herz\u201c, aus vergoldetem Silber - Max Gold","description":"Diese feine Kette aus vergoldetem 925 Silber bietet einen romantischen Herzanh\u00e4nger, der kunstvoll mit synthetischem blauen Opal verziert ist.","robots":{"index":"index","follow":"follow","max-snippet":"max-snippet:-1","max-image-preview":"max-image-preview:large","max-video-preview":"max-video-preview:-1"},"canonical":"https:\/\/maxgold.gr\/de\/shop\/halskette-mit-herzanhanger-ginas-herz-aus-vergoldetem-silber\/","og_locale":"de_DE","og_type":"article","og_title":"Halskette mit Herzanh\u00e4nger \u201eGinas Herz\u201c, aus vergoldetem Silber - Max Gold","og_description":"Diese feine Kette aus vergoldetem 925 Silber bietet einen romantischen Herzanh\u00e4nger, der kunstvoll mit synthetischem blauen Opal verziert ist.","og_url":"https:\/\/maxgold.gr\/de\/shop\/halskette-mit-herzanhanger-ginas-herz-aus-vergoldetem-silber\/","og_site_name":"Max Gold","article_publisher":"https:\/\/www.facebook.com\/people\/Max-Gold\/61561801899896\/","article_modified_time":"2025-03-25T23:16:07+00:00","og_image":[{"width":1200,"height":1200,"url":"https:\/\/maxgold.gr\/wp-content\/uploads\/2025\/03\/pno-12g.jpg","type":"image\/jpeg"}],"twitter_card":"summary_large_image","twitter_misc":{"Gesch\u00e4tzte Lesezeit":"1\u00a0Minute"},"schema":{"@context":"https:\/\/schema.org","@graph":[{"@type":"WebPage","@id":"https:\/\/maxgold.gr\/de\/shop\/halskette-mit-herzanhanger-ginas-herz-aus-vergoldetem-silber\/","url":"https:\/\/maxgold.gr\/de\/shop\/halskette-mit-herzanhanger-ginas-herz-aus-vergoldetem-silber\/","name":"Halskette mit Herzanh\u00e4nger \u201eGinas Herz\u201c, aus vergoldetem Silber - Max Gold","isPartOf":{"@id":"https:\/\/maxgold.gr\/de\/#website"},"primaryImageOfPage":{"@id":"https:\/\/maxgold.gr\/de\/shop\/halskette-mit-herzanhanger-ginas-herz-aus-vergoldetem-silber\/#primaryimage"},"image":{"@id":"https:\/\/maxgold.gr\/de\/shop\/halskette-mit-herzanhanger-ginas-herz-aus-vergoldetem-silber\/#primaryimage"},"thumbnailUrl":"https:\/\/i0.wp.com\/maxgold.gr\/wp-content\/uploads\/2025\/03\/pno-12g.jpg?fit=1200%2C1200&ssl=1","datePublished":"2025-03-25T15:24:29+00:00","dateModified":"2025-03-25T23:16:07+00:00","description":"Diese feine Kette aus vergoldetem 925 Silber bietet einen romantischen Herzanh\u00e4nger, der kunstvoll mit synthetischem blauen Opal verziert ist.","breadcrumb":{"@id":"https:\/\/maxgold.gr\/de\/shop\/halskette-mit-herzanhanger-ginas-herz-aus-vergoldetem-silber\/#breadcrumb"},"inLanguage":"de","potentialAction":[{"@type":"ReadAction","target":["https:\/\/maxgold.gr\/de\/shop\/halskette-mit-herzanhanger-ginas-herz-aus-vergoldetem-silber\/"]}]},{"@type":"ImageObject","inLanguage":"de","@id":"https:\/\/maxgold.gr\/de\/shop\/halskette-mit-herzanhanger-ginas-herz-aus-vergoldetem-silber\/#primaryimage","url":"https:\/\/i0.wp.com\/maxgold.gr\/wp-content\/uploads\/2025\/03\/pno-12g.jpg?fit=1200%2C1200&ssl=1","contentUrl":"https:\/\/i0.wp.com\/maxgold.gr\/wp-content\/uploads\/2025\/03\/pno-12g.jpg?fit=1200%2C1200&ssl=1","width":1200,"height":1200,"caption":"Heart Pendant Necklace 'Gina's Heart'\u00a0"},{"@type":"BreadcrumbList","@id":"https:\/\/maxgold.gr\/de\/shop\/halskette-mit-herzanhanger-ginas-herz-aus-vergoldetem-silber\/#breadcrumb","itemListElement":[{"@type":"ListItem","position":1,"name":"Home","item":"https:\/\/maxgold.gr\/de\/startseite\/"},{"@type":"ListItem","position":2,"name":"Gesch\u00e4ft","item":"https:\/\/maxgold.gr\/de\/%ce%ba%ce%b1%cf%84%ce%ac%cf%83%cf%84%ce%b7%ce%bc%ce%b1\/"},{"@type":"ListItem","position":3,"name":"Halskette mit Herzanh\u00e4nger \u201eGinas Herz\u201c, aus vergoldetem Silber"}]},{"@type":"WebSite","@id":"https:\/\/maxgold.gr\/de\/#website","url":"https:\/\/maxgold.gr\/de\/","name":"Max Gold","description":"Max Gold","potentialAction":[{"@type":"SearchAction","target":{"@type":"EntryPoint","urlTemplate":"https:\/\/maxgold.gr\/de\/?s={search_term_string}"},"query-input":{"@type":"PropertyValueSpecification","valueRequired":true,"valueName":"search_term_string"}}],"inLanguage":"de"}]}},"jetpack_sharing_enabled":true,"_links":{"self":[{"href":"https:\/\/maxgold.gr\/de\/wp-json\/wp\/v2\/product\/6757","targetHints":{"allow":["GET"]}}],"collection":[{"href":"https:\/\/maxgold.gr\/de\/wp-json\/wp\/v2\/product"}],"about":[{"href":"https:\/\/maxgold.gr\/de\/wp-json\/wp\/v2\/types\/product"}],"replies":[{"embeddable":true,"href":"https:\/\/maxgold.gr\/de\/wp-json\/wp\/v2\/comments?post=6757"}],"wp:featuredmedia":[{"embeddable":true,"href":"https:\/\/maxgold.gr\/de\/wp-json\/wp\/v2\/media\/6737"}],"wp:attachment":[{"href":"https:\/\/maxgold.gr\/de\/wp-json\/wp\/v2\/media?parent=6757"}],"wp:term":[{"taxonomy":"product_brand","embeddable":true,"href":"https:\/\/maxgold.gr\/de\/wp-json\/wp\/v2\/product_brand?post=6757"},{"taxonomy":"product_cat","embeddable":true,"href":"https:\/\/maxgold.gr\/de\/wp-json\/wp\/v2\/product_cat?post=6757"},{"taxonomy":"product_tag","embeddable":true,"href":"https:\/\/maxgold.gr\/de\/wp-json\/wp\/v2\/product_tag?post=6757"}],"curies":[{"name":"wp","href":"https:\/\/api.w.org\/{rel}","templated":true}]}}