{"id":6776,"date":"2025-03-29T00:03:25","date_gmt":"2025-03-28T21:03:25","guid":{"rendered":"https:\/\/maxgold.gr\/?post_type=product&#038;p=6776"},"modified":"2025-03-30T16:59:43","modified_gmt":"2025-03-30T13:59:43","slug":"schwarzes-lederarmband-sebah-mit-edelstahl-copy","status":"publish","type":"product","link":"https:\/\/maxgold.gr\/de\/shop\/schwarzes-lederarmband-sebah-mit-edelstahl-copy\/","title":{"rendered":"Schwarzes Geflochtenes Armband &#8222;Antinor&#8220;, aus Leder und Edelstahl"},"content":{"rendered":"<p>Entdecken Sie das stilvolle und robuste schwarze geflochtene <a href=\"https:\/\/maxgold.gr\/product-category\/mens-jewellery\/mens-bracelets\/leather-bracelets\/\">Armband<\/a> &#8222;Antinor&#8220;, das speziell f\u00fcr M\u00e4nner entworfen wurde. Hergestellt aus hochwertigem Leder und strapazierf\u00e4higem <a href=\"https:\/\/maxgold.gr\/product-category\/metal\/stainless-steel\/\">Edelstahl,<\/a> vereint dieses Armband zeitlose <a href=\"https:\/\/en.wikipedia.org\/wiki\/Sophistication\">Eleganz<\/a> mit zeitgem\u00e4\u00dfem Design. Es ist das perfekte Accessoire, um Ihrem Look einen maskulinen Touch zu verleihen, sei es im Alltag oder zu besonderen Anl\u00e4ssen. Lassen Sie sich von der Kombination aus traditioneller Handwerkskunst und modernem Style \u00fcberzeugen.   <\/p>\n<p>&nbsp;<\/p>\n<h4><strong>Produktdetails<\/strong><\/h4>\n<p><strong>Armbandgr\u00f6\u00dfe: <\/strong>22cm<\/p>\n<p><strong>Breite:<\/strong> 1,3cm<\/p>\n<p><strong>Material:<\/strong> <span class=\"BxUVEf ILfuVd\" lang=\"en\"><span class=\"hgKElc\">Leder<\/span><\/span><\/p>\n<p><strong>Metall:<\/strong> Edelstahl<\/p>\n<p><strong>Verschluss: <\/strong>Magnetverschluss<\/p>\n<p>&nbsp;<\/p>\n<p>x x x x x x x x x x x x x x x x x x x x x x x x x x x x x x x x x x x x x x x x x x x x x x x x x x x x x x x x x x x x x x x x x x x x x x x x x x x x x x x x x x x x x x x x x x x x x x x x x x x x x x x x x x x x x x x x x x x<\/p>\n","protected":false},"excerpt":{"rendered":"<p>Hergestellt aus hochwertigem Leder und strapazierf\u00e4higem Edelstahl, vereint dieses Armband zeitlose Eleganz mit zeitgem\u00e4\u00dfem Design. <\/p>\n","protected":false},"featured_media":6779,"comment_status":"open","ping_status":"closed","template":"","meta":[],"product_brand":[738],"product_cat":[453,452,754,471,451,434,432],"product_tag":[457,455,641],"class_list":{"0":"post-6776","1":"product","2":"type-product","3":"status-publish","4":"has-post-thumbnail","6":"product_brand-max-gold","7":"product_cat-armbander-fur-manner","8":"product_cat-rostfreier-stahl","9":"product_cat-edelstahl-silber","10":"product_cat-lederarmbaender-fuer-herren","11":"product_cat-mannerschmuck","12":"product_cat-metall","13":"product_cat-neu-ankommen","14":"product_tag-manner-armbander","15":"product_tag-schmuck-fur-manner","16":"product_tag-schwarz","18":"first","19":"instock","20":"taxable","21":"shipping-taxable","22":"purchasable","23":"product-type-simple","24":"add-to-wishlist-before_add_to_cart"},"yoast_head":"<!-- This site is optimized with the Yoast SEO plugin v27.5 - https:\/\/yoast.com\/product\/yoast-seo-wordpress\/ -->\n<title>Schwarzes Geflochtenes Armband &quot;Antinor&quot;, aus Leder und Edelstahl - Max Gold<\/title>\n<meta name=\"description\" content=\"Hergestellt aus hochwertigem Leder und strapazierf\u00e4higem Edelstahl, vereint dieses Armband zeitlose Eleganz mit zeitgem\u00e4\u00dfem Design.\" \/>\n<meta name=\"robots\" content=\"index, follow, max-snippet:-1, max-image-preview:large, max-video-preview:-1\" \/>\n<link rel=\"canonical\" href=\"https:\/\/maxgold.gr\/de\/shop\/schwarzes-lederarmband-sebah-mit-edelstahl-copy\/\" \/>\n<meta property=\"og:locale\" content=\"de_DE\" \/>\n<meta property=\"og:type\" content=\"article\" \/>\n<meta property=\"og:title\" content=\"Schwarzes Geflochtenes Armband &quot;Antinor&quot;, aus Leder und Edelstahl - Max Gold\" \/>\n<meta property=\"og:description\" content=\"Hergestellt aus hochwertigem Leder und strapazierf\u00e4higem Edelstahl, vereint dieses Armband zeitlose Eleganz mit zeitgem\u00e4\u00dfem Design.\" \/>\n<meta property=\"og:url\" content=\"https:\/\/maxgold.gr\/de\/shop\/schwarzes-lederarmband-sebah-mit-edelstahl-copy\/\" \/>\n<meta property=\"og:site_name\" content=\"Max Gold\" \/>\n<meta property=\"article:publisher\" content=\"https:\/\/www.facebook.com\/people\/Max-Gold\/61561801899896\/\" \/>\n<meta property=\"article:modified_time\" content=\"2025-03-30T13:59:43+00:00\" \/>\n<meta property=\"og:image\" content=\"https:\/\/maxgold.gr\/wp-content\/uploads\/2025\/03\/mb-17-22cm-13paxos-2st-2050E.jpg\" \/>\n\t<meta property=\"og:image:width\" content=\"1200\" \/>\n\t<meta property=\"og:image:height\" content=\"1200\" \/>\n\t<meta property=\"og:image:type\" content=\"image\/jpeg\" \/>\n<meta name=\"twitter:card\" content=\"summary_large_image\" \/>\n<meta name=\"twitter:label1\" content=\"Gesch\u00e4tzte Lesezeit\" \/>\n\t<meta name=\"twitter:data1\" content=\"1\u00a0Minute\" \/>\n<script type=\"application\/ld+json\" class=\"yoast-schema-graph\">{\"@context\":\"https:\\\/\\\/schema.org\",\"@graph\":[{\"@type\":\"WebPage\",\"@id\":\"https:\\\/\\\/maxgold.gr\\\/de\\\/shop\\\/schwarzes-lederarmband-sebah-mit-edelstahl-copy\\\/\",\"url\":\"https:\\\/\\\/maxgold.gr\\\/de\\\/shop\\\/schwarzes-lederarmband-sebah-mit-edelstahl-copy\\\/\",\"name\":\"Schwarzes Geflochtenes Armband \\\"Antinor\\\", aus Leder und Edelstahl - Max Gold\",\"isPartOf\":{\"@id\":\"https:\\\/\\\/maxgold.gr\\\/de\\\/#website\"},\"primaryImageOfPage\":{\"@id\":\"https:\\\/\\\/maxgold.gr\\\/de\\\/shop\\\/schwarzes-lederarmband-sebah-mit-edelstahl-copy\\\/#primaryimage\"},\"image\":{\"@id\":\"https:\\\/\\\/maxgold.gr\\\/de\\\/shop\\\/schwarzes-lederarmband-sebah-mit-edelstahl-copy\\\/#primaryimage\"},\"thumbnailUrl\":\"https:\\\/\\\/i0.wp.com\\\/maxgold.gr\\\/wp-content\\\/uploads\\\/2025\\\/03\\\/mb-17-22cm-13paxos-2st-2050E.jpg?fit=1200%2C1200&ssl=1\",\"datePublished\":\"2025-03-28T21:03:25+00:00\",\"dateModified\":\"2025-03-30T13:59:43+00:00\",\"description\":\"Hergestellt aus hochwertigem Leder und strapazierf\u00e4higem Edelstahl, vereint dieses Armband zeitlose Eleganz mit zeitgem\u00e4\u00dfem Design.\",\"breadcrumb\":{\"@id\":\"https:\\\/\\\/maxgold.gr\\\/de\\\/shop\\\/schwarzes-lederarmband-sebah-mit-edelstahl-copy\\\/#breadcrumb\"},\"inLanguage\":\"de\",\"potentialAction\":[{\"@type\":\"ReadAction\",\"target\":[\"https:\\\/\\\/maxgold.gr\\\/de\\\/shop\\\/schwarzes-lederarmband-sebah-mit-edelstahl-copy\\\/\"]}]},{\"@type\":\"ImageObject\",\"inLanguage\":\"de\",\"@id\":\"https:\\\/\\\/maxgold.gr\\\/de\\\/shop\\\/schwarzes-lederarmband-sebah-mit-edelstahl-copy\\\/#primaryimage\",\"url\":\"https:\\\/\\\/i0.wp.com\\\/maxgold.gr\\\/wp-content\\\/uploads\\\/2025\\\/03\\\/mb-17-22cm-13paxos-2st-2050E.jpg?fit=1200%2C1200&ssl=1\",\"contentUrl\":\"https:\\\/\\\/i0.wp.com\\\/maxgold.gr\\\/wp-content\\\/uploads\\\/2025\\\/03\\\/mb-17-22cm-13paxos-2st-2050E.jpg?fit=1200%2C1200&ssl=1\",\"width\":1200,\"height\":1200,\"caption\":\"Black Braided Bracelet \\\"Antinor\\\"\"},{\"@type\":\"BreadcrumbList\",\"@id\":\"https:\\\/\\\/maxgold.gr\\\/de\\\/shop\\\/schwarzes-lederarmband-sebah-mit-edelstahl-copy\\\/#breadcrumb\",\"itemListElement\":[{\"@type\":\"ListItem\",\"position\":1,\"name\":\"Home\",\"item\":\"https:\\\/\\\/maxgold.gr\\\/de\\\/startseite\\\/\"},{\"@type\":\"ListItem\",\"position\":2,\"name\":\"Gesch\u00e4ft\",\"item\":\"https:\\\/\\\/maxgold.gr\\\/de\\\/%ce%ba%ce%b1%cf%84%ce%ac%cf%83%cf%84%ce%b7%ce%bc%ce%b1\\\/\"},{\"@type\":\"ListItem\",\"position\":3,\"name\":\"Schwarzes Geflochtenes Armband &#8220;Antinor&#8221;, aus Leder und Edelstahl\"}]},{\"@type\":\"WebSite\",\"@id\":\"https:\\\/\\\/maxgold.gr\\\/de\\\/#website\",\"url\":\"https:\\\/\\\/maxgold.gr\\\/de\\\/\",\"name\":\"Max Gold\",\"description\":\"Max Gold\",\"potentialAction\":[{\"@type\":\"SearchAction\",\"target\":{\"@type\":\"EntryPoint\",\"urlTemplate\":\"https:\\\/\\\/maxgold.gr\\\/de\\\/?s={search_term_string}\"},\"query-input\":{\"@type\":\"PropertyValueSpecification\",\"valueRequired\":true,\"valueName\":\"search_term_string\"}}],\"inLanguage\":\"de\"}]}<\/script>\n<!-- \/ Yoast SEO plugin. -->","yoast_head_json":{"title":"Schwarzes Geflochtenes Armband \"Antinor\", aus Leder und Edelstahl - Max Gold","description":"Hergestellt aus hochwertigem Leder und strapazierf\u00e4higem Edelstahl, vereint dieses Armband zeitlose Eleganz mit zeitgem\u00e4\u00dfem Design.","robots":{"index":"index","follow":"follow","max-snippet":"max-snippet:-1","max-image-preview":"max-image-preview:large","max-video-preview":"max-video-preview:-1"},"canonical":"https:\/\/maxgold.gr\/de\/shop\/schwarzes-lederarmband-sebah-mit-edelstahl-copy\/","og_locale":"de_DE","og_type":"article","og_title":"Schwarzes Geflochtenes Armband \"Antinor\", aus Leder und Edelstahl - Max Gold","og_description":"Hergestellt aus hochwertigem Leder und strapazierf\u00e4higem Edelstahl, vereint dieses Armband zeitlose Eleganz mit zeitgem\u00e4\u00dfem Design.","og_url":"https:\/\/maxgold.gr\/de\/shop\/schwarzes-lederarmband-sebah-mit-edelstahl-copy\/","og_site_name":"Max Gold","article_publisher":"https:\/\/www.facebook.com\/people\/Max-Gold\/61561801899896\/","article_modified_time":"2025-03-30T13:59:43+00:00","og_image":[{"width":1200,"height":1200,"url":"https:\/\/maxgold.gr\/wp-content\/uploads\/2025\/03\/mb-17-22cm-13paxos-2st-2050E.jpg","type":"image\/jpeg"}],"twitter_card":"summary_large_image","twitter_misc":{"Gesch\u00e4tzte Lesezeit":"1\u00a0Minute"},"schema":{"@context":"https:\/\/schema.org","@graph":[{"@type":"WebPage","@id":"https:\/\/maxgold.gr\/de\/shop\/schwarzes-lederarmband-sebah-mit-edelstahl-copy\/","url":"https:\/\/maxgold.gr\/de\/shop\/schwarzes-lederarmband-sebah-mit-edelstahl-copy\/","name":"Schwarzes Geflochtenes Armband \"Antinor\", aus Leder und Edelstahl - Max Gold","isPartOf":{"@id":"https:\/\/maxgold.gr\/de\/#website"},"primaryImageOfPage":{"@id":"https:\/\/maxgold.gr\/de\/shop\/schwarzes-lederarmband-sebah-mit-edelstahl-copy\/#primaryimage"},"image":{"@id":"https:\/\/maxgold.gr\/de\/shop\/schwarzes-lederarmband-sebah-mit-edelstahl-copy\/#primaryimage"},"thumbnailUrl":"https:\/\/i0.wp.com\/maxgold.gr\/wp-content\/uploads\/2025\/03\/mb-17-22cm-13paxos-2st-2050E.jpg?fit=1200%2C1200&ssl=1","datePublished":"2025-03-28T21:03:25+00:00","dateModified":"2025-03-30T13:59:43+00:00","description":"Hergestellt aus hochwertigem Leder und strapazierf\u00e4higem Edelstahl, vereint dieses Armband zeitlose Eleganz mit zeitgem\u00e4\u00dfem Design.","breadcrumb":{"@id":"https:\/\/maxgold.gr\/de\/shop\/schwarzes-lederarmband-sebah-mit-edelstahl-copy\/#breadcrumb"},"inLanguage":"de","potentialAction":[{"@type":"ReadAction","target":["https:\/\/maxgold.gr\/de\/shop\/schwarzes-lederarmband-sebah-mit-edelstahl-copy\/"]}]},{"@type":"ImageObject","inLanguage":"de","@id":"https:\/\/maxgold.gr\/de\/shop\/schwarzes-lederarmband-sebah-mit-edelstahl-copy\/#primaryimage","url":"https:\/\/i0.wp.com\/maxgold.gr\/wp-content\/uploads\/2025\/03\/mb-17-22cm-13paxos-2st-2050E.jpg?fit=1200%2C1200&ssl=1","contentUrl":"https:\/\/i0.wp.com\/maxgold.gr\/wp-content\/uploads\/2025\/03\/mb-17-22cm-13paxos-2st-2050E.jpg?fit=1200%2C1200&ssl=1","width":1200,"height":1200,"caption":"Black Braided Bracelet \"Antinor\""},{"@type":"BreadcrumbList","@id":"https:\/\/maxgold.gr\/de\/shop\/schwarzes-lederarmband-sebah-mit-edelstahl-copy\/#breadcrumb","itemListElement":[{"@type":"ListItem","position":1,"name":"Home","item":"https:\/\/maxgold.gr\/de\/startseite\/"},{"@type":"ListItem","position":2,"name":"Gesch\u00e4ft","item":"https:\/\/maxgold.gr\/de\/%ce%ba%ce%b1%cf%84%ce%ac%cf%83%cf%84%ce%b7%ce%bc%ce%b1\/"},{"@type":"ListItem","position":3,"name":"Schwarzes Geflochtenes Armband &#8220;Antinor&#8221;, aus Leder und Edelstahl"}]},{"@type":"WebSite","@id":"https:\/\/maxgold.gr\/de\/#website","url":"https:\/\/maxgold.gr\/de\/","name":"Max Gold","description":"Max Gold","potentialAction":[{"@type":"SearchAction","target":{"@type":"EntryPoint","urlTemplate":"https:\/\/maxgold.gr\/de\/?s={search_term_string}"},"query-input":{"@type":"PropertyValueSpecification","valueRequired":true,"valueName":"search_term_string"}}],"inLanguage":"de"}]}},"jetpack_sharing_enabled":true,"_links":{"self":[{"href":"https:\/\/maxgold.gr\/de\/wp-json\/wp\/v2\/product\/6776","targetHints":{"allow":["GET"]}}],"collection":[{"href":"https:\/\/maxgold.gr\/de\/wp-json\/wp\/v2\/product"}],"about":[{"href":"https:\/\/maxgold.gr\/de\/wp-json\/wp\/v2\/types\/product"}],"replies":[{"embeddable":true,"href":"https:\/\/maxgold.gr\/de\/wp-json\/wp\/v2\/comments?post=6776"}],"wp:featuredmedia":[{"embeddable":true,"href":"https:\/\/maxgold.gr\/de\/wp-json\/wp\/v2\/media\/6779"}],"wp:attachment":[{"href":"https:\/\/maxgold.gr\/de\/wp-json\/wp\/v2\/media?parent=6776"}],"wp:term":[{"taxonomy":"product_brand","embeddable":true,"href":"https:\/\/maxgold.gr\/de\/wp-json\/wp\/v2\/product_brand?post=6776"},{"taxonomy":"product_cat","embeddable":true,"href":"https:\/\/maxgold.gr\/de\/wp-json\/wp\/v2\/product_cat?post=6776"},{"taxonomy":"product_tag","embeddable":true,"href":"https:\/\/maxgold.gr\/de\/wp-json\/wp\/v2\/product_tag?post=6776"}],"curies":[{"name":"wp","href":"https:\/\/api.w.org\/{rel}","templated":true}]}}