{"id":6994,"date":"2025-05-06T21:54:28","date_gmt":"2025-05-06T18:54:28","guid":{"rendered":"https:\/\/maxgold.gr\/?post_type=product&#038;p=6994"},"modified":"2025-05-08T19:48:39","modified_gmt":"2025-05-08T16:48:39","slug":"anhanger-blaue-meandros-speira-vergoldet-m-aus-sterling-silber-vergoldet-mit-synthetischem-blauem-opal-copy","status":"publish","type":"product","link":"https:\/\/maxgold.gr\/de\/shop\/anhanger-blaue-meandros-speira-vergoldet-m-aus-sterling-silber-vergoldet-mit-synthetischem-blauem-opal-copy\/","title":{"rendered":"Vergoldeten Anh\u00e4nger &#8222;Meandros Blaue Speira GP S&#8220; aus Silber"},"content":{"rendered":"<p>Vergoldeten Anh\u00e4nger &#8222;Meandros Blaue Speira GP S&#8220; aus Silber<\/p>\n<p>Erleben Sie zeitlose Eleganz mit unserem vergoldeten Anh\u00e4nger &#8222;<a href=\"https:\/\/en.wikipedia.org\/wiki\/Ancient_Greek_architecture\">Meandros<\/a> Blaue Speira GP S&#8220;. Dieser exquisite Anh\u00e4nger aus Sterling Silber 925 vereint modernes Handwerk mit der Sch\u00f6nheit griechischer Kunst. Der Spiral-<a href=\"https:\/\/maxgold.gr\/de\/meandros-griechische-sammlung\/\">Meandros-Design<\/a>, ein traditionelles griechisches Muster, symbolisiert die ewige Reise und den Fluss des Lebens, was ihn zu einem perfekten Schmuckst\u00fcck f\u00fcr jeden Anlass macht.<\/p>\n<p>Der Anh\u00e4nger besteht aus feinstem Sterling Silber 925 und ist mit einer schimmernden Vergoldung veredelt, die ihm ein luxuri\u00f6ses Aussehen verleiht. Das strahlende Blaue Opal macht das St\u00fcck zu einem echten Hingucker. Diese mineralischen Edelsteine sind f\u00fcr ihre einzigartigen Farbspiele bekannt und verleihen dem Anh\u00e4nger eine besondere Tiefe, die das Licht f\u00e4ngt und reflektiert.<\/p>\n<p>Ob bei einem formellen Event oder im Alltag, dieser Anh\u00e4nger kann vielseitig kombiniert werden. Tragen Sie ihn allein als Statement-St\u00fcck oder zusammen mit anderen Schmuckst\u00fccken f\u00fcr einen harmonischen Layering-Look.   <\/p>\n<p>Seine Anmut und der kulturelle Hintergrund machen ihn zu einer idealen Wahl f\u00fcr Geschenke, sei es f\u00fcr einen geliebten Menschen oder um sich selbst etwas Besonderes zu g\u00f6nnen. <\/p>\n<p>&nbsp;<\/p>\n<h4><strong>Produktdetails<\/strong><\/h4>\n<p><strong>Ma\u00dfe:<\/strong> 1.2cm Hoch x 1.2cm Breit x 0.2cm Tief<\/p>\n<p><strong>Edelstahl:<\/strong> Synthetic Opal<\/p>\n<p><strong>Metall:<\/strong> Sterling Silber (925)<\/p>\n<p><strong>Metallstempel:<\/strong> 925<\/p>\n<p><strong>Vergoldung: <\/strong>Gold<\/p>\n","protected":false},"excerpt":{"rendered":"<p><span class=\"tBJ dyH iFc sAJ X8m zDA IZT swG\"><span class=\"richPinInformation\" data-test-id=\"richPinInformation-description\">Der Anh\u00e4nger besteht aus feinstem Sterling Silber 925 und ist mit einer schimmernden Vergoldung veredelt, die ihm ein luxuri\u00f6ses Aussehen verleiht. Das strahlende K\u00fcnstliche Blaue Opal macht das St\u00fcck zu einem echten Hingucker.<br \/>\n<\/span><\/span><\/p>\n","protected":false},"featured_media":6996,"comment_status":"open","ping_status":"closed","template":"","meta":[],"product_brand":[738],"product_cat":[532,439,516,467,434,432,435,624,510,470,724,511,535],"product_tag":[445,563,615,603,442,576],"class_list":{"0":"post-6994","1":"product","2":"type-product","3":"status-publish","4":"has-post-thumbnail","6":"product_brand-max-gold","7":"product_cat-anhaenger-charms","8":"product_cat-damenschmuck","9":"product_cat-halsketten-anhaenger","10":"product_cat-meandros-greek-collection-de","11":"product_cat-metall","12":"product_cat-neu-ankommen","13":"product_cat-sterling-silber-925","14":"product_cat-synthetischer","15":"product_cat-synthetischer-opal-vergoldet","16":"product_cat-kuenstliche-opal","17":"product_cat-vergoldet","18":"product_cat-vergoldete-anhaenger-charms-mit-synthetischem-opal","19":"product_cat-vergoldete-opalanhaenger-charms","20":"product_tag-blau","21":"product_tag-blauer-opal","22":"product_tag-meandros-kollektion","23":"product_tag-speira-de","24":"product_tag-sterling-silber-925","25":"product_tag-vergoldet","27":"first","28":"instock","29":"taxable","30":"shipping-taxable","31":"purchasable","32":"product-type-simple","33":"add-to-wishlist-before_add_to_cart"},"yoast_head":"<!-- This site is optimized with the Yoast SEO plugin v27.5 - https:\/\/yoast.com\/product\/yoast-seo-wordpress\/ -->\n<title>Vergoldeten Anh\u00e4nger &quot;Meandros Blaue Speira GP S&quot; aus Silber - Max Gold<\/title>\n<meta name=\"description\" content=\"Erleben Sie zeitlose Eleganz mit unserem Anh\u00e4nger &quot;Meandros Blaue Speira GP S&quot;. Der besteht aus Sterling Silber 925 und ist mit einer schimmernden Vergoldung veredelt.\" \/>\n<meta name=\"robots\" content=\"index, follow, max-snippet:-1, max-image-preview:large, max-video-preview:-1\" \/>\n<link rel=\"canonical\" href=\"https:\/\/maxgold.gr\/de\/shop\/anhanger-blaue-meandros-speira-vergoldet-m-aus-sterling-silber-vergoldet-mit-synthetischem-blauem-opal-copy\/\" \/>\n<meta property=\"og:locale\" content=\"de_DE\" \/>\n<meta property=\"og:type\" content=\"article\" \/>\n<meta property=\"og:title\" content=\"Vergoldeten Anh\u00e4nger &quot;Meandros Blaue Speira GP S&quot; aus Silber - Max Gold\" \/>\n<meta property=\"og:description\" content=\"Erleben Sie zeitlose Eleganz mit unserem Anh\u00e4nger &quot;Meandros Blaue Speira GP S&quot;. Der besteht aus Sterling Silber 925 und ist mit einer schimmernden Vergoldung veredelt.\" \/>\n<meta property=\"og:url\" content=\"https:\/\/maxgold.gr\/de\/shop\/anhanger-blaue-meandros-speira-vergoldet-m-aus-sterling-silber-vergoldet-mit-synthetischem-blauem-opal-copy\/\" \/>\n<meta property=\"og:site_name\" content=\"Max Gold\" \/>\n<meta property=\"article:publisher\" content=\"https:\/\/www.facebook.com\/people\/Max-Gold\/61561801899896\/\" \/>\n<meta property=\"article:modified_time\" content=\"2025-05-08T16:48:39+00:00\" \/>\n<meta property=\"og:image\" content=\"https:\/\/maxgold.gr\/wp-content\/uploads\/2025\/05\/opp-20c.jpg\" \/>\n\t<meta property=\"og:image:width\" content=\"1200\" \/>\n\t<meta property=\"og:image:height\" content=\"1200\" \/>\n\t<meta property=\"og:image:type\" content=\"image\/jpeg\" \/>\n<meta name=\"twitter:card\" content=\"summary_large_image\" \/>\n<meta name=\"twitter:label1\" content=\"Gesch\u00e4tzte Lesezeit\" \/>\n\t<meta name=\"twitter:data1\" content=\"2\u00a0Minuten\" \/>\n<script type=\"application\/ld+json\" class=\"yoast-schema-graph\">{\"@context\":\"https:\\\/\\\/schema.org\",\"@graph\":[{\"@type\":\"WebPage\",\"@id\":\"https:\\\/\\\/maxgold.gr\\\/de\\\/shop\\\/anhanger-blaue-meandros-speira-vergoldet-m-aus-sterling-silber-vergoldet-mit-synthetischem-blauem-opal-copy\\\/\",\"url\":\"https:\\\/\\\/maxgold.gr\\\/de\\\/shop\\\/anhanger-blaue-meandros-speira-vergoldet-m-aus-sterling-silber-vergoldet-mit-synthetischem-blauem-opal-copy\\\/\",\"name\":\"Vergoldeten Anh\u00e4nger \\\"Meandros Blaue Speira GP S\\\" aus Silber - Max Gold\",\"isPartOf\":{\"@id\":\"https:\\\/\\\/maxgold.gr\\\/de\\\/#website\"},\"primaryImageOfPage\":{\"@id\":\"https:\\\/\\\/maxgold.gr\\\/de\\\/shop\\\/anhanger-blaue-meandros-speira-vergoldet-m-aus-sterling-silber-vergoldet-mit-synthetischem-blauem-opal-copy\\\/#primaryimage\"},\"image\":{\"@id\":\"https:\\\/\\\/maxgold.gr\\\/de\\\/shop\\\/anhanger-blaue-meandros-speira-vergoldet-m-aus-sterling-silber-vergoldet-mit-synthetischem-blauem-opal-copy\\\/#primaryimage\"},\"thumbnailUrl\":\"https:\\\/\\\/i0.wp.com\\\/maxgold.gr\\\/wp-content\\\/uploads\\\/2025\\\/05\\\/opp-20c.jpg?fit=1200%2C1200&ssl=1\",\"datePublished\":\"2025-05-06T18:54:28+00:00\",\"dateModified\":\"2025-05-08T16:48:39+00:00\",\"description\":\"Erleben Sie zeitlose Eleganz mit unserem Anh\u00e4nger \\\"Meandros Blaue Speira GP S\\\". Der besteht aus Sterling Silber 925 und ist mit einer schimmernden Vergoldung veredelt.\",\"breadcrumb\":{\"@id\":\"https:\\\/\\\/maxgold.gr\\\/de\\\/shop\\\/anhanger-blaue-meandros-speira-vergoldet-m-aus-sterling-silber-vergoldet-mit-synthetischem-blauem-opal-copy\\\/#breadcrumb\"},\"inLanguage\":\"de\",\"potentialAction\":[{\"@type\":\"ReadAction\",\"target\":[\"https:\\\/\\\/maxgold.gr\\\/de\\\/shop\\\/anhanger-blaue-meandros-speira-vergoldet-m-aus-sterling-silber-vergoldet-mit-synthetischem-blauem-opal-copy\\\/\"]}]},{\"@type\":\"ImageObject\",\"inLanguage\":\"de\",\"@id\":\"https:\\\/\\\/maxgold.gr\\\/de\\\/shop\\\/anhanger-blaue-meandros-speira-vergoldet-m-aus-sterling-silber-vergoldet-mit-synthetischem-blauem-opal-copy\\\/#primaryimage\",\"url\":\"https:\\\/\\\/i0.wp.com\\\/maxgold.gr\\\/wp-content\\\/uploads\\\/2025\\\/05\\\/opp-20c.jpg?fit=1200%2C1200&ssl=1\",\"contentUrl\":\"https:\\\/\\\/i0.wp.com\\\/maxgold.gr\\\/wp-content\\\/uploads\\\/2025\\\/05\\\/opp-20c.jpg?fit=1200%2C1200&ssl=1\",\"width\":1200,\"height\":1200,\"caption\":\"Pendant \\\"Blue Meandros Speira Vergoldeten Anh\u00e4nger \\\"Meandros\"},{\"@type\":\"BreadcrumbList\",\"@id\":\"https:\\\/\\\/maxgold.gr\\\/de\\\/shop\\\/anhanger-blaue-meandros-speira-vergoldet-m-aus-sterling-silber-vergoldet-mit-synthetischem-blauem-opal-copy\\\/#breadcrumb\",\"itemListElement\":[{\"@type\":\"ListItem\",\"position\":1,\"name\":\"Home\",\"item\":\"https:\\\/\\\/maxgold.gr\\\/de\\\/startseite\\\/\"},{\"@type\":\"ListItem\",\"position\":2,\"name\":\"Gesch\u00e4ft\",\"item\":\"https:\\\/\\\/maxgold.gr\\\/de\\\/%ce%ba%ce%b1%cf%84%ce%ac%cf%83%cf%84%ce%b7%ce%bc%ce%b1\\\/\"},{\"@type\":\"ListItem\",\"position\":3,\"name\":\"Vergoldeten Anh\u00e4nger &#8220;Meandros Blaue Speira GP S&#8221; aus Silber\"}]},{\"@type\":\"WebSite\",\"@id\":\"https:\\\/\\\/maxgold.gr\\\/de\\\/#website\",\"url\":\"https:\\\/\\\/maxgold.gr\\\/de\\\/\",\"name\":\"Max Gold\",\"description\":\"Max Gold\",\"potentialAction\":[{\"@type\":\"SearchAction\",\"target\":{\"@type\":\"EntryPoint\",\"urlTemplate\":\"https:\\\/\\\/maxgold.gr\\\/de\\\/?s={search_term_string}\"},\"query-input\":{\"@type\":\"PropertyValueSpecification\",\"valueRequired\":true,\"valueName\":\"search_term_string\"}}],\"inLanguage\":\"de\"}]}<\/script>\n<!-- \/ Yoast SEO plugin. -->","yoast_head_json":{"title":"Vergoldeten Anh\u00e4nger \"Meandros Blaue Speira GP S\" aus Silber - Max Gold","description":"Erleben Sie zeitlose Eleganz mit unserem Anh\u00e4nger \"Meandros Blaue Speira GP S\". Der besteht aus Sterling Silber 925 und ist mit einer schimmernden Vergoldung veredelt.","robots":{"index":"index","follow":"follow","max-snippet":"max-snippet:-1","max-image-preview":"max-image-preview:large","max-video-preview":"max-video-preview:-1"},"canonical":"https:\/\/maxgold.gr\/de\/shop\/anhanger-blaue-meandros-speira-vergoldet-m-aus-sterling-silber-vergoldet-mit-synthetischem-blauem-opal-copy\/","og_locale":"de_DE","og_type":"article","og_title":"Vergoldeten Anh\u00e4nger \"Meandros Blaue Speira GP S\" aus Silber - Max Gold","og_description":"Erleben Sie zeitlose Eleganz mit unserem Anh\u00e4nger \"Meandros Blaue Speira GP S\". Der besteht aus Sterling Silber 925 und ist mit einer schimmernden Vergoldung veredelt.","og_url":"https:\/\/maxgold.gr\/de\/shop\/anhanger-blaue-meandros-speira-vergoldet-m-aus-sterling-silber-vergoldet-mit-synthetischem-blauem-opal-copy\/","og_site_name":"Max Gold","article_publisher":"https:\/\/www.facebook.com\/people\/Max-Gold\/61561801899896\/","article_modified_time":"2025-05-08T16:48:39+00:00","og_image":[{"width":1200,"height":1200,"url":"https:\/\/maxgold.gr\/wp-content\/uploads\/2025\/05\/opp-20c.jpg","type":"image\/jpeg"}],"twitter_card":"summary_large_image","twitter_misc":{"Gesch\u00e4tzte Lesezeit":"2\u00a0Minuten"},"schema":{"@context":"https:\/\/schema.org","@graph":[{"@type":"WebPage","@id":"https:\/\/maxgold.gr\/de\/shop\/anhanger-blaue-meandros-speira-vergoldet-m-aus-sterling-silber-vergoldet-mit-synthetischem-blauem-opal-copy\/","url":"https:\/\/maxgold.gr\/de\/shop\/anhanger-blaue-meandros-speira-vergoldet-m-aus-sterling-silber-vergoldet-mit-synthetischem-blauem-opal-copy\/","name":"Vergoldeten Anh\u00e4nger \"Meandros Blaue Speira GP S\" aus Silber - Max Gold","isPartOf":{"@id":"https:\/\/maxgold.gr\/de\/#website"},"primaryImageOfPage":{"@id":"https:\/\/maxgold.gr\/de\/shop\/anhanger-blaue-meandros-speira-vergoldet-m-aus-sterling-silber-vergoldet-mit-synthetischem-blauem-opal-copy\/#primaryimage"},"image":{"@id":"https:\/\/maxgold.gr\/de\/shop\/anhanger-blaue-meandros-speira-vergoldet-m-aus-sterling-silber-vergoldet-mit-synthetischem-blauem-opal-copy\/#primaryimage"},"thumbnailUrl":"https:\/\/i0.wp.com\/maxgold.gr\/wp-content\/uploads\/2025\/05\/opp-20c.jpg?fit=1200%2C1200&ssl=1","datePublished":"2025-05-06T18:54:28+00:00","dateModified":"2025-05-08T16:48:39+00:00","description":"Erleben Sie zeitlose Eleganz mit unserem Anh\u00e4nger \"Meandros Blaue Speira GP S\". Der besteht aus Sterling Silber 925 und ist mit einer schimmernden Vergoldung veredelt.","breadcrumb":{"@id":"https:\/\/maxgold.gr\/de\/shop\/anhanger-blaue-meandros-speira-vergoldet-m-aus-sterling-silber-vergoldet-mit-synthetischem-blauem-opal-copy\/#breadcrumb"},"inLanguage":"de","potentialAction":[{"@type":"ReadAction","target":["https:\/\/maxgold.gr\/de\/shop\/anhanger-blaue-meandros-speira-vergoldet-m-aus-sterling-silber-vergoldet-mit-synthetischem-blauem-opal-copy\/"]}]},{"@type":"ImageObject","inLanguage":"de","@id":"https:\/\/maxgold.gr\/de\/shop\/anhanger-blaue-meandros-speira-vergoldet-m-aus-sterling-silber-vergoldet-mit-synthetischem-blauem-opal-copy\/#primaryimage","url":"https:\/\/i0.wp.com\/maxgold.gr\/wp-content\/uploads\/2025\/05\/opp-20c.jpg?fit=1200%2C1200&ssl=1","contentUrl":"https:\/\/i0.wp.com\/maxgold.gr\/wp-content\/uploads\/2025\/05\/opp-20c.jpg?fit=1200%2C1200&ssl=1","width":1200,"height":1200,"caption":"Pendant \"Blue Meandros Speira Vergoldeten Anh\u00e4nger \"Meandros"},{"@type":"BreadcrumbList","@id":"https:\/\/maxgold.gr\/de\/shop\/anhanger-blaue-meandros-speira-vergoldet-m-aus-sterling-silber-vergoldet-mit-synthetischem-blauem-opal-copy\/#breadcrumb","itemListElement":[{"@type":"ListItem","position":1,"name":"Home","item":"https:\/\/maxgold.gr\/de\/startseite\/"},{"@type":"ListItem","position":2,"name":"Gesch\u00e4ft","item":"https:\/\/maxgold.gr\/de\/%ce%ba%ce%b1%cf%84%ce%ac%cf%83%cf%84%ce%b7%ce%bc%ce%b1\/"},{"@type":"ListItem","position":3,"name":"Vergoldeten Anh\u00e4nger &#8220;Meandros Blaue Speira GP S&#8221; aus Silber"}]},{"@type":"WebSite","@id":"https:\/\/maxgold.gr\/de\/#website","url":"https:\/\/maxgold.gr\/de\/","name":"Max Gold","description":"Max Gold","potentialAction":[{"@type":"SearchAction","target":{"@type":"EntryPoint","urlTemplate":"https:\/\/maxgold.gr\/de\/?s={search_term_string}"},"query-input":{"@type":"PropertyValueSpecification","valueRequired":true,"valueName":"search_term_string"}}],"inLanguage":"de"}]}},"jetpack_sharing_enabled":true,"_links":{"self":[{"href":"https:\/\/maxgold.gr\/de\/wp-json\/wp\/v2\/product\/6994","targetHints":{"allow":["GET"]}}],"collection":[{"href":"https:\/\/maxgold.gr\/de\/wp-json\/wp\/v2\/product"}],"about":[{"href":"https:\/\/maxgold.gr\/de\/wp-json\/wp\/v2\/types\/product"}],"replies":[{"embeddable":true,"href":"https:\/\/maxgold.gr\/de\/wp-json\/wp\/v2\/comments?post=6994"}],"wp:featuredmedia":[{"embeddable":true,"href":"https:\/\/maxgold.gr\/de\/wp-json\/wp\/v2\/media\/6996"}],"wp:attachment":[{"href":"https:\/\/maxgold.gr\/de\/wp-json\/wp\/v2\/media?parent=6994"}],"wp:term":[{"taxonomy":"product_brand","embeddable":true,"href":"https:\/\/maxgold.gr\/de\/wp-json\/wp\/v2\/product_brand?post=6994"},{"taxonomy":"product_cat","embeddable":true,"href":"https:\/\/maxgold.gr\/de\/wp-json\/wp\/v2\/product_cat?post=6994"},{"taxonomy":"product_tag","embeddable":true,"href":"https:\/\/maxgold.gr\/de\/wp-json\/wp\/v2\/product_tag?post=6994"}],"curies":[{"name":"wp","href":"https:\/\/api.w.org\/{rel}","templated":true}]}}