{"id":7147,"date":"2025-06-21T20:24:14","date_gmt":"2025-06-21T17:24:14","guid":{"rendered":"https:\/\/maxgold.gr\/?post_type=product&#038;p=7147"},"modified":"2025-06-21T22:38:49","modified_gmt":"2025-06-21T19:38:49","slug":"ohrhanger-delfine-g-p-aus-925-silber-vergoldet-copy","status":"publish","type":"product","link":"https:\/\/maxgold.gr\/de\/shop\/ohrhanger-delfine-g-p-aus-925-silber-vergoldet-copy\/","title":{"rendered":"Ohrh\u00e4nger &#8222;Delfine S.&#8220;, aus 925 Sterling Silber"},"content":{"rendered":"<p>Entdecken Sie die einzigartigen Ohrh\u00e4nger &#8222;<a href=\"https:\/\/en.wikipedia.org\/wiki\/Dolphin\">Delfine<\/a> S.&#8220;, die aus feinstem 925 Sterling Silber gefertigt sind. Jedes Paar wird sorgf\u00e4ltig von gearbeitet, um sicherzustellen, dass Sie Schmuck von h\u00f6chster Qualit\u00e4t erhalten.<\/p>\n<p>Die Verbindung von edlem Edelmetall mit kreativem Design macht diese Ohrh\u00e4nger zu einem besonderen Schmuckst\u00fcck, das jede Sammlung bereichert.<br \/>Das Highlight der Ohrh\u00e4nger ist der synthetische blaue <a href=\"https:\/\/maxgold.gr\/de\/produkt-kategorie\/damenschmuck\/kuenstliche-opal\/\">Opal<\/a>, dessen lebendige Farben an die schimmernde Oberfl\u00e4che des Meeres erinnern. Der blaue Opal ver\u00e4ndert sich im Licht und reflektiert verschiedene Schattierungen von Blau und T\u00fcrkis, was diese Ohrh\u00e4nger besonders ansprechend macht. Diese Eigenschaften machen sie zur idealen Wahl f\u00fcr jeden Anlass, sei es ein festliches Event oder ein entspannter Abend mit Freunden.<\/p>\n<p>Die Ohrh\u00e4nger &#8222;Delfine S.&#8220; passen perfekt zu einer Vielzahl von Outfits, und ihrer maritimen Inspiration sind sie die perfekte Erg\u00e4nzung zu einem sommerlichen Kleid oder einem l\u00e4ssigen Casual-Look. Sie sind zudem leicht zu tragen und bieten den ganzen Tag \u00fcber Tragekomfort.<\/p>\n<p>Ob Sie sich selbst etwas g\u00f6nnen wollen oder auf der Suche nach einem durchdachten Geschenk f\u00fcr einen besonderen Menschen sind, die Ohrh\u00e4nger &#8222;Delfine S.&#8220; sind eine stilvolle Wahl. Ihre Kombination aus elegantem Silber und bezauberndem blauen Opal macht sie zu einem zeitlosen und ansprechenden Schmuckst\u00fcck. <\/p>\n<h4><\/h4>\n<h4><strong>Produktdetails<\/strong><\/h4>\n<h4><strong>Ma\u00dfe: <\/strong>2,3cm x 0,9cm x 0,1cm<\/h4>\n<p><strong>Edelstein:<\/strong> Blauer Synthetischer Opal<\/p>\n<p><strong>Stil:<\/strong> Ohrh\u00e4nger, Ohrstecker<\/p>\n<p><strong>Metall:<\/strong> Sterling Silber (925)<\/p>\n<p><strong>Metallstempel:<\/strong> 925<\/p>\n<p><strong>Beschichtung: <\/strong>Rhodium<\/p>\n<p><strong>Verschl\u00fcsse:<\/strong> Steckerverschluss<\/p>\n","protected":false},"excerpt":{"rendered":"<p>Entdecken Sie die einzigartigen Ohrh\u00e4nger &#8222;Delfine S.&#8220;, die aus feinstem 925 Sterling Silber gefertigt sind. Idealen Wahl f\u00fcr jeden Anlass. <\/p>\n","protected":false},"featured_media":7150,"comment_status":"open","ping_status":"closed","template":"","meta":[],"product_brand":[738],"product_cat":[439,709,463,434,432,491,493,431,726,505,435,466,624,502,470],"product_tag":[445,563,572,660,442,587],"class_list":{"0":"post-7147","1":"product","2":"type-product","3":"status-publish","4":"has-post-thumbnail","6":"product_brand-max-gold","7":"product_cat-damenschmuck","8":"product_cat-kinderohrringe","9":"product_cat-kinderschmuck","10":"product_cat-metall","11":"product_cat-neu-ankommen","12":"product_cat-ohrhaenger","13":"product_cat-ohrhaenger-silber","14":"product_cat-ohrringe","15":"product_cat-silber","16":"product_cat-silberne-ohrringe-mit-synthetischem-opal","17":"product_cat-sterling-silber-925","18":"product_cat-suesse-tiere","19":"product_cat-synthetischer","20":"product_cat-synthetischer-opal-silber","21":"product_cat-kuenstliche-opal","22":"product_tag-blau","23":"product_tag-blauer-opal","24":"product_tag-delfine","25":"product_tag-ohrhanger","26":"product_tag-sterling-silber-925","27":"product_tag-tiere","29":"first","30":"instock","31":"taxable","32":"shipping-taxable","33":"purchasable","34":"product-type-simple","35":"add-to-wishlist-before_add_to_cart"},"yoast_head":"<!-- This site is optimized with the Yoast SEO plugin v27.5 - https:\/\/yoast.com\/product\/yoast-seo-wordpress\/ -->\n<title>Ohrh\u00e4nger &quot;Delfine S.&quot;, aus 925 Sterling Silber - Max Gold<\/title>\n<meta name=\"description\" content=\"Entdecken Sie die einzigartigen Ohrh\u00e4nger &quot;Delfine S.&quot;, die aus feinstem 925 Sterling Silber gefertigt sind. Idealen Wahl f\u00fcr jeden Anlass.\" \/>\n<meta name=\"robots\" content=\"index, follow, max-snippet:-1, max-image-preview:large, max-video-preview:-1\" \/>\n<link rel=\"canonical\" href=\"https:\/\/maxgold.gr\/de\/shop\/ohrhanger-delfine-g-p-aus-925-silber-vergoldet-copy\/\" \/>\n<meta property=\"og:locale\" content=\"de_DE\" \/>\n<meta property=\"og:type\" content=\"article\" \/>\n<meta property=\"og:title\" content=\"Ohrh\u00e4nger &quot;Delfine S.&quot;, aus 925 Sterling Silber - Max Gold\" \/>\n<meta property=\"og:description\" content=\"Entdecken Sie die einzigartigen Ohrh\u00e4nger &quot;Delfine S.&quot;, die aus feinstem 925 Sterling Silber gefertigt sind. Idealen Wahl f\u00fcr jeden Anlass.\" \/>\n<meta property=\"og:url\" content=\"https:\/\/maxgold.gr\/de\/shop\/ohrhanger-delfine-g-p-aus-925-silber-vergoldet-copy\/\" \/>\n<meta property=\"og:site_name\" content=\"Max Gold\" \/>\n<meta property=\"article:publisher\" content=\"https:\/\/www.facebook.com\/people\/Max-Gold\/61561801899896\/\" \/>\n<meta property=\"article:modified_time\" content=\"2025-06-21T19:38:49+00:00\" \/>\n<meta property=\"og:image\" content=\"https:\/\/maxgold.gr\/wp-content\/uploads\/2025\/06\/opd-4a.jpg\" \/>\n\t<meta property=\"og:image:width\" content=\"1200\" \/>\n\t<meta property=\"og:image:height\" content=\"1200\" \/>\n\t<meta property=\"og:image:type\" content=\"image\/jpeg\" \/>\n<meta name=\"twitter:card\" content=\"summary_large_image\" \/>\n<meta name=\"twitter:label1\" content=\"Gesch\u00e4tzte Lesezeit\" \/>\n\t<meta name=\"twitter:data1\" content=\"2\u00a0Minuten\" \/>\n<script type=\"application\/ld+json\" class=\"yoast-schema-graph\">{\"@context\":\"https:\\\/\\\/schema.org\",\"@graph\":[{\"@type\":\"WebPage\",\"@id\":\"https:\\\/\\\/maxgold.gr\\\/de\\\/shop\\\/ohrhanger-delfine-g-p-aus-925-silber-vergoldet-copy\\\/\",\"url\":\"https:\\\/\\\/maxgold.gr\\\/de\\\/shop\\\/ohrhanger-delfine-g-p-aus-925-silber-vergoldet-copy\\\/\",\"name\":\"Ohrh\u00e4nger \\\"Delfine S.\\\", aus 925 Sterling Silber - Max Gold\",\"isPartOf\":{\"@id\":\"https:\\\/\\\/maxgold.gr\\\/de\\\/#website\"},\"primaryImageOfPage\":{\"@id\":\"https:\\\/\\\/maxgold.gr\\\/de\\\/shop\\\/ohrhanger-delfine-g-p-aus-925-silber-vergoldet-copy\\\/#primaryimage\"},\"image\":{\"@id\":\"https:\\\/\\\/maxgold.gr\\\/de\\\/shop\\\/ohrhanger-delfine-g-p-aus-925-silber-vergoldet-copy\\\/#primaryimage\"},\"thumbnailUrl\":\"https:\\\/\\\/i0.wp.com\\\/maxgold.gr\\\/wp-content\\\/uploads\\\/2025\\\/06\\\/opd-4a.jpg?fit=1200%2C1200&ssl=1\",\"datePublished\":\"2025-06-21T17:24:14+00:00\",\"dateModified\":\"2025-06-21T19:38:49+00:00\",\"description\":\"Entdecken Sie die einzigartigen Ohrh\u00e4nger \\\"Delfine S.\\\", die aus feinstem 925 Sterling Silber gefertigt sind. Idealen Wahl f\u00fcr jeden Anlass.\",\"breadcrumb\":{\"@id\":\"https:\\\/\\\/maxgold.gr\\\/de\\\/shop\\\/ohrhanger-delfine-g-p-aus-925-silber-vergoldet-copy\\\/#breadcrumb\"},\"inLanguage\":\"de\",\"potentialAction\":[{\"@type\":\"ReadAction\",\"target\":[\"https:\\\/\\\/maxgold.gr\\\/de\\\/shop\\\/ohrhanger-delfine-g-p-aus-925-silber-vergoldet-copy\\\/\"]}]},{\"@type\":\"ImageObject\",\"inLanguage\":\"de\",\"@id\":\"https:\\\/\\\/maxgold.gr\\\/de\\\/shop\\\/ohrhanger-delfine-g-p-aus-925-silber-vergoldet-copy\\\/#primaryimage\",\"url\":\"https:\\\/\\\/i0.wp.com\\\/maxgold.gr\\\/wp-content\\\/uploads\\\/2025\\\/06\\\/opd-4a.jpg?fit=1200%2C1200&ssl=1\",\"contentUrl\":\"https:\\\/\\\/i0.wp.com\\\/maxgold.gr\\\/wp-content\\\/uploads\\\/2025\\\/06\\\/opd-4a.jpg?fit=1200%2C1200&ssl=1\",\"width\":1200,\"height\":1200,\"caption\":\"Dangle Earrings \\\"Dolphins S.\\\", made of 925 Silver\"},{\"@type\":\"BreadcrumbList\",\"@id\":\"https:\\\/\\\/maxgold.gr\\\/de\\\/shop\\\/ohrhanger-delfine-g-p-aus-925-silber-vergoldet-copy\\\/#breadcrumb\",\"itemListElement\":[{\"@type\":\"ListItem\",\"position\":1,\"name\":\"Home\",\"item\":\"https:\\\/\\\/maxgold.gr\\\/de\\\/startseite\\\/\"},{\"@type\":\"ListItem\",\"position\":2,\"name\":\"Gesch\u00e4ft\",\"item\":\"https:\\\/\\\/maxgold.gr\\\/de\\\/%ce%ba%ce%b1%cf%84%ce%ac%cf%83%cf%84%ce%b7%ce%bc%ce%b1\\\/\"},{\"@type\":\"ListItem\",\"position\":3,\"name\":\"Ohrh\u00e4nger &#8220;Delfine S.&#8221;, aus 925 Sterling Silber\"}]},{\"@type\":\"WebSite\",\"@id\":\"https:\\\/\\\/maxgold.gr\\\/de\\\/#website\",\"url\":\"https:\\\/\\\/maxgold.gr\\\/de\\\/\",\"name\":\"Max Gold\",\"description\":\"Max Gold\",\"potentialAction\":[{\"@type\":\"SearchAction\",\"target\":{\"@type\":\"EntryPoint\",\"urlTemplate\":\"https:\\\/\\\/maxgold.gr\\\/de\\\/?s={search_term_string}\"},\"query-input\":{\"@type\":\"PropertyValueSpecification\",\"valueRequired\":true,\"valueName\":\"search_term_string\"}}],\"inLanguage\":\"de\"}]}<\/script>\n<!-- \/ Yoast SEO plugin. -->","yoast_head_json":{"title":"Ohrh\u00e4nger \"Delfine S.\", aus 925 Sterling Silber - Max Gold","description":"Entdecken Sie die einzigartigen Ohrh\u00e4nger \"Delfine S.\", die aus feinstem 925 Sterling Silber gefertigt sind. Idealen Wahl f\u00fcr jeden Anlass.","robots":{"index":"index","follow":"follow","max-snippet":"max-snippet:-1","max-image-preview":"max-image-preview:large","max-video-preview":"max-video-preview:-1"},"canonical":"https:\/\/maxgold.gr\/de\/shop\/ohrhanger-delfine-g-p-aus-925-silber-vergoldet-copy\/","og_locale":"de_DE","og_type":"article","og_title":"Ohrh\u00e4nger \"Delfine S.\", aus 925 Sterling Silber - Max Gold","og_description":"Entdecken Sie die einzigartigen Ohrh\u00e4nger \"Delfine S.\", die aus feinstem 925 Sterling Silber gefertigt sind. Idealen Wahl f\u00fcr jeden Anlass.","og_url":"https:\/\/maxgold.gr\/de\/shop\/ohrhanger-delfine-g-p-aus-925-silber-vergoldet-copy\/","og_site_name":"Max Gold","article_publisher":"https:\/\/www.facebook.com\/people\/Max-Gold\/61561801899896\/","article_modified_time":"2025-06-21T19:38:49+00:00","og_image":[{"width":1200,"height":1200,"url":"https:\/\/maxgold.gr\/wp-content\/uploads\/2025\/06\/opd-4a.jpg","type":"image\/jpeg"}],"twitter_card":"summary_large_image","twitter_misc":{"Gesch\u00e4tzte Lesezeit":"2\u00a0Minuten"},"schema":{"@context":"https:\/\/schema.org","@graph":[{"@type":"WebPage","@id":"https:\/\/maxgold.gr\/de\/shop\/ohrhanger-delfine-g-p-aus-925-silber-vergoldet-copy\/","url":"https:\/\/maxgold.gr\/de\/shop\/ohrhanger-delfine-g-p-aus-925-silber-vergoldet-copy\/","name":"Ohrh\u00e4nger \"Delfine S.\", aus 925 Sterling Silber - Max Gold","isPartOf":{"@id":"https:\/\/maxgold.gr\/de\/#website"},"primaryImageOfPage":{"@id":"https:\/\/maxgold.gr\/de\/shop\/ohrhanger-delfine-g-p-aus-925-silber-vergoldet-copy\/#primaryimage"},"image":{"@id":"https:\/\/maxgold.gr\/de\/shop\/ohrhanger-delfine-g-p-aus-925-silber-vergoldet-copy\/#primaryimage"},"thumbnailUrl":"https:\/\/i0.wp.com\/maxgold.gr\/wp-content\/uploads\/2025\/06\/opd-4a.jpg?fit=1200%2C1200&ssl=1","datePublished":"2025-06-21T17:24:14+00:00","dateModified":"2025-06-21T19:38:49+00:00","description":"Entdecken Sie die einzigartigen Ohrh\u00e4nger \"Delfine S.\", die aus feinstem 925 Sterling Silber gefertigt sind. Idealen Wahl f\u00fcr jeden Anlass.","breadcrumb":{"@id":"https:\/\/maxgold.gr\/de\/shop\/ohrhanger-delfine-g-p-aus-925-silber-vergoldet-copy\/#breadcrumb"},"inLanguage":"de","potentialAction":[{"@type":"ReadAction","target":["https:\/\/maxgold.gr\/de\/shop\/ohrhanger-delfine-g-p-aus-925-silber-vergoldet-copy\/"]}]},{"@type":"ImageObject","inLanguage":"de","@id":"https:\/\/maxgold.gr\/de\/shop\/ohrhanger-delfine-g-p-aus-925-silber-vergoldet-copy\/#primaryimage","url":"https:\/\/i0.wp.com\/maxgold.gr\/wp-content\/uploads\/2025\/06\/opd-4a.jpg?fit=1200%2C1200&ssl=1","contentUrl":"https:\/\/i0.wp.com\/maxgold.gr\/wp-content\/uploads\/2025\/06\/opd-4a.jpg?fit=1200%2C1200&ssl=1","width":1200,"height":1200,"caption":"Dangle Earrings \"Dolphins S.\", made of 925 Silver"},{"@type":"BreadcrumbList","@id":"https:\/\/maxgold.gr\/de\/shop\/ohrhanger-delfine-g-p-aus-925-silber-vergoldet-copy\/#breadcrumb","itemListElement":[{"@type":"ListItem","position":1,"name":"Home","item":"https:\/\/maxgold.gr\/de\/startseite\/"},{"@type":"ListItem","position":2,"name":"Gesch\u00e4ft","item":"https:\/\/maxgold.gr\/de\/%ce%ba%ce%b1%cf%84%ce%ac%cf%83%cf%84%ce%b7%ce%bc%ce%b1\/"},{"@type":"ListItem","position":3,"name":"Ohrh\u00e4nger &#8220;Delfine S.&#8221;, aus 925 Sterling Silber"}]},{"@type":"WebSite","@id":"https:\/\/maxgold.gr\/de\/#website","url":"https:\/\/maxgold.gr\/de\/","name":"Max Gold","description":"Max Gold","potentialAction":[{"@type":"SearchAction","target":{"@type":"EntryPoint","urlTemplate":"https:\/\/maxgold.gr\/de\/?s={search_term_string}"},"query-input":{"@type":"PropertyValueSpecification","valueRequired":true,"valueName":"search_term_string"}}],"inLanguage":"de"}]}},"jetpack_sharing_enabled":true,"_links":{"self":[{"href":"https:\/\/maxgold.gr\/de\/wp-json\/wp\/v2\/product\/7147","targetHints":{"allow":["GET"]}}],"collection":[{"href":"https:\/\/maxgold.gr\/de\/wp-json\/wp\/v2\/product"}],"about":[{"href":"https:\/\/maxgold.gr\/de\/wp-json\/wp\/v2\/types\/product"}],"replies":[{"embeddable":true,"href":"https:\/\/maxgold.gr\/de\/wp-json\/wp\/v2\/comments?post=7147"}],"wp:featuredmedia":[{"embeddable":true,"href":"https:\/\/maxgold.gr\/de\/wp-json\/wp\/v2\/media\/7150"}],"wp:attachment":[{"href":"https:\/\/maxgold.gr\/de\/wp-json\/wp\/v2\/media?parent=7147"}],"wp:term":[{"taxonomy":"product_brand","embeddable":true,"href":"https:\/\/maxgold.gr\/de\/wp-json\/wp\/v2\/product_brand?post=7147"},{"taxonomy":"product_cat","embeddable":true,"href":"https:\/\/maxgold.gr\/de\/wp-json\/wp\/v2\/product_cat?post=7147"},{"taxonomy":"product_tag","embeddable":true,"href":"https:\/\/maxgold.gr\/de\/wp-json\/wp\/v2\/product_tag?post=7147"}],"curies":[{"name":"wp","href":"https:\/\/api.w.org\/{rel}","templated":true}]}}