{"id":7633,"date":"2025-08-27T20:00:50","date_gmt":"2025-08-27T17:00:50","guid":{"rendered":"https:\/\/maxgold.gr\/?post_type=product&#038;p=7633"},"modified":"2025-09-01T23:06:21","modified_gmt":"2025-09-01T20:06:21","slug":"halskette-mit-schmetterling-anhanger-white-butterfly-aus-silber","status":"publish","type":"product","link":"https:\/\/maxgold.gr\/de\/shop\/halskette-mit-schmetterling-anhanger-white-butterfly-aus-silber\/","title":{"rendered":"Halskette mit Schmetterling Anh\u00e4nger &#8222;White Butterfly&#8220; aus Silber"},"content":{"rendered":"<p>Erleben Sie die Raffinesse und zeitlose Anmut mit der Halskette &#8222;White Butterfly&#8220;. Dieses exquisite Schmuckst\u00fcck aus Sterling Silber 925 ist eine perfekte Kombination aus stilvollem Design und hochwertiger Verarbeitung. Der Schmetterlingsanh\u00e4nger, detailreich gefertigt, strahlt mit synthetischen wei\u00dfen Opalsteinen und einem zarten Zirkonia-Stein im Zentrum.  <\/p>\n<p>Das Sterling Silber 925 garantiert Haltbarkeit und einen luxuri\u00f6sen Glanz, der nie aus der Mode kommt. Die synthetischen wei\u00dfen Opalsteine schimmern dezent, und der zentral platzierte Zirkonia-Stein sorgt f\u00fcr einen Hauch von Glamour. Mit einer L\u00e4nge von 40 cm bietet die Kette eine verstellbare Erweiterung von 5 cm, sodass sie individuell angepasst werden kann\u2014ideal f\u00fcr verschiedenste Halsgr\u00f6\u00dfen und Looks.  <\/p>\n<p>\u201eWhite Butterfly\u201c ist mehr als nur eine Kette; es ist ein Ausdruck von Eleganz und Pers\u00f6nlichkeit. Ob als liebevolles Geschenk f\u00fcr einen besonderen Menschen oder als luxuri\u00f6se Erg\u00e4nzung zu Ihrem eigenen Stil\u2014diese Kette wird in jedem Kontext gl\u00e4nzen. Tragen Sie sie bei festlichen Anl\u00e4ssen, im B\u00fcro oder als allt\u00e4gliches Accessoire, um Ihre Outfits aufzufrischen und ein Statement zu setzen. Entscheiden Sie sich f\u00fcr die Halskette &#8222;White Butterfly&#8220; und genie\u00dfen Sie ein Schmuckst\u00fcck, das nicht nur Ihr Ensemble bereichert, sondern auch ein Zeichen von Individualit\u00e4t und Stil verk\u00f6rpert.  <\/p>\n<h4><\/h4>\n<h4><strong>Produktdetails<\/strong><\/h4>\n<p><strong>Anh\u00e4nger Abmessungen:<\/strong> 0.9cm x 1.3cm x 0.1cm<\/p>\n<p><strong>Edelstein:<\/strong> Synthetischer Wei\u00dfer Opal, Zirkonia<\/p>\n<p><strong>Kettentyp: <\/strong>Venezia Box<\/p>\n<p><strong>Gewicht von Kette: <\/strong>1.4gr<strong><br \/>\n<\/strong><\/p>\n<p><strong>L\u00e4nge der Kette:<\/strong> 40+5cm<\/p>\n<p><strong>Metall:<\/strong> Sterling Silber (925)<\/p>\n<p><strong>Metallstempel:<\/strong> 925<\/p>\n<p><strong>Beschichtung: <\/strong>Rhodium<\/p>\n<p>&nbsp;<\/p>\n","protected":false},"excerpt":{"rendered":"<p><span class=\"tBJ dyH iFc sAJ X8m zDA IZT swG\"><span class=\"richPinInformation\" data-test-id=\"richPinInformation-description\">Der Halskette &#8222;White Butterfly&#8220; ist aus Sterling Silber 925. Der Schmetterlingsanh\u00e4nger, detailreich gefertigt, strahlt mit synthetischen wei\u00dfen Opalsteinen und einem zarten Zirkonia-Stein im Zentrum. <\/span><\/span><\/p>\n","protected":false},"featured_media":7630,"comment_status":"open","ping_status":"closed","template":"","meta":[],"product_brand":[],"product_cat":[439,516,525,434,435,466,470,514,628],"product_tag":[564,442,587,612],"class_list":{"0":"post-7633","1":"product","2":"type-product","3":"status-publish","4":"has-post-thumbnail","6":"product_cat-damenschmuck","7":"product_cat-halsketten-anhaenger","8":"product_cat-halsketten-mit-anhaenger","9":"product_cat-metall","10":"product_cat-sterling-silber-925","11":"product_cat-suesse-tiere","12":"product_cat-kuenstliche-opal","13":"product_cat-synthetischer-weisser-opal","14":"product_cat-synthetischer-weisser-opal-silber","15":"product_tag-schmetterlinge","16":"product_tag-sterling-silber-925","17":"product_tag-tiere","18":"product_tag-weisser-opal","20":"first","21":"instock","22":"taxable","23":"shipping-taxable","24":"purchasable","25":"product-type-simple","26":"add-to-wishlist-before_add_to_cart"},"yoast_head":"<!-- This site is optimized with the Yoast SEO plugin v27.5 - https:\/\/yoast.com\/product\/yoast-seo-wordpress\/ -->\n<title>Halskette mit Schmetterling Anh\u00e4nger &quot;White Butterfly&quot; aus Silber - Max Gold<\/title>\n<meta name=\"description\" content=\"Der Halskette &quot;White Butterfly&quot; ist aus Sterling Silber 925. Der Schmetterlingsanh\u00e4nger, detailreich gefertigt, strahlt mit synthetischen wei\u00dfen Opalsteinen und einem zarten Zirkonia-Stein im Zentrum.\" \/>\n<meta name=\"robots\" content=\"index, follow, max-snippet:-1, max-image-preview:large, max-video-preview:-1\" \/>\n<link rel=\"canonical\" href=\"https:\/\/maxgold.gr\/de\/shop\/halskette-mit-schmetterling-anhanger-white-butterfly-aus-silber\/\" \/>\n<meta property=\"og:locale\" content=\"de_DE\" \/>\n<meta property=\"og:type\" content=\"article\" \/>\n<meta property=\"og:title\" content=\"Halskette mit Schmetterling Anh\u00e4nger &quot;White Butterfly&quot; aus Silber - Max Gold\" \/>\n<meta property=\"og:description\" content=\"Der Halskette &quot;White Butterfly&quot; ist aus Sterling Silber 925. Der Schmetterlingsanh\u00e4nger, detailreich gefertigt, strahlt mit synthetischen wei\u00dfen Opalsteinen und einem zarten Zirkonia-Stein im Zentrum.\" \/>\n<meta property=\"og:url\" content=\"https:\/\/maxgold.gr\/de\/shop\/halskette-mit-schmetterling-anhanger-white-butterfly-aus-silber\/\" \/>\n<meta property=\"og:site_name\" content=\"Max Gold\" \/>\n<meta property=\"article:publisher\" content=\"https:\/\/www.facebook.com\/people\/Max-Gold\/61561801899896\/\" \/>\n<meta property=\"article:modified_time\" content=\"2025-09-01T20:06:21+00:00\" \/>\n<meta property=\"og:image\" content=\"https:\/\/maxgold.gr\/wp-content\/uploads\/2025\/08\/pno-6mm.jpg\" \/>\n\t<meta property=\"og:image:width\" content=\"1200\" \/>\n\t<meta property=\"og:image:height\" content=\"1200\" \/>\n\t<meta property=\"og:image:type\" content=\"image\/jpeg\" \/>\n<meta name=\"twitter:card\" content=\"summary_large_image\" \/>\n<meta name=\"twitter:label1\" content=\"Gesch\u00e4tzte Lesezeit\" \/>\n\t<meta name=\"twitter:data1\" content=\"1\u00a0Minute\" \/>\n<script type=\"application\/ld+json\" class=\"yoast-schema-graph\">{\"@context\":\"https:\\\/\\\/schema.org\",\"@graph\":[{\"@type\":\"WebPage\",\"@id\":\"https:\\\/\\\/maxgold.gr\\\/de\\\/shop\\\/halskette-mit-schmetterling-anhanger-white-butterfly-aus-silber\\\/\",\"url\":\"https:\\\/\\\/maxgold.gr\\\/de\\\/shop\\\/halskette-mit-schmetterling-anhanger-white-butterfly-aus-silber\\\/\",\"name\":\"Halskette mit Schmetterling Anh\u00e4nger \\\"White Butterfly\\\" aus Silber - Max Gold\",\"isPartOf\":{\"@id\":\"https:\\\/\\\/maxgold.gr\\\/de\\\/#website\"},\"primaryImageOfPage\":{\"@id\":\"https:\\\/\\\/maxgold.gr\\\/de\\\/shop\\\/halskette-mit-schmetterling-anhanger-white-butterfly-aus-silber\\\/#primaryimage\"},\"image\":{\"@id\":\"https:\\\/\\\/maxgold.gr\\\/de\\\/shop\\\/halskette-mit-schmetterling-anhanger-white-butterfly-aus-silber\\\/#primaryimage\"},\"thumbnailUrl\":\"https:\\\/\\\/i0.wp.com\\\/maxgold.gr\\\/wp-content\\\/uploads\\\/2025\\\/08\\\/pno-6mm.jpg?fit=1200%2C1200&ssl=1\",\"datePublished\":\"2025-08-27T17:00:50+00:00\",\"dateModified\":\"2025-09-01T20:06:21+00:00\",\"description\":\"Der Halskette \\\"White Butterfly\\\" ist aus Sterling Silber 925. Der Schmetterlingsanh\u00e4nger, detailreich gefertigt, strahlt mit synthetischen wei\u00dfen Opalsteinen und einem zarten Zirkonia-Stein im Zentrum.\",\"breadcrumb\":{\"@id\":\"https:\\\/\\\/maxgold.gr\\\/de\\\/shop\\\/halskette-mit-schmetterling-anhanger-white-butterfly-aus-silber\\\/#breadcrumb\"},\"inLanguage\":\"de\",\"potentialAction\":[{\"@type\":\"ReadAction\",\"target\":[\"https:\\\/\\\/maxgold.gr\\\/de\\\/shop\\\/halskette-mit-schmetterling-anhanger-white-butterfly-aus-silber\\\/\"]}]},{\"@type\":\"ImageObject\",\"inLanguage\":\"de\",\"@id\":\"https:\\\/\\\/maxgold.gr\\\/de\\\/shop\\\/halskette-mit-schmetterling-anhanger-white-butterfly-aus-silber\\\/#primaryimage\",\"url\":\"https:\\\/\\\/i0.wp.com\\\/maxgold.gr\\\/wp-content\\\/uploads\\\/2025\\\/08\\\/pno-6mm.jpg?fit=1200%2C1200&ssl=1\",\"contentUrl\":\"https:\\\/\\\/i0.wp.com\\\/maxgold.gr\\\/wp-content\\\/uploads\\\/2025\\\/08\\\/pno-6mm.jpg?fit=1200%2C1200&ssl=1\",\"width\":1200,\"height\":1200},{\"@type\":\"BreadcrumbList\",\"@id\":\"https:\\\/\\\/maxgold.gr\\\/de\\\/shop\\\/halskette-mit-schmetterling-anhanger-white-butterfly-aus-silber\\\/#breadcrumb\",\"itemListElement\":[{\"@type\":\"ListItem\",\"position\":1,\"name\":\"Home\",\"item\":\"https:\\\/\\\/maxgold.gr\\\/de\\\/startseite\\\/\"},{\"@type\":\"ListItem\",\"position\":2,\"name\":\"Gesch\u00e4ft\",\"item\":\"https:\\\/\\\/maxgold.gr\\\/de\\\/%ce%ba%ce%b1%cf%84%ce%ac%cf%83%cf%84%ce%b7%ce%bc%ce%b1\\\/\"},{\"@type\":\"ListItem\",\"position\":3,\"name\":\"Halskette mit Schmetterling Anh\u00e4nger &#8220;White Butterfly&#8221; aus Silber\"}]},{\"@type\":\"WebSite\",\"@id\":\"https:\\\/\\\/maxgold.gr\\\/de\\\/#website\",\"url\":\"https:\\\/\\\/maxgold.gr\\\/de\\\/\",\"name\":\"Max Gold\",\"description\":\"Max Gold\",\"potentialAction\":[{\"@type\":\"SearchAction\",\"target\":{\"@type\":\"EntryPoint\",\"urlTemplate\":\"https:\\\/\\\/maxgold.gr\\\/de\\\/?s={search_term_string}\"},\"query-input\":{\"@type\":\"PropertyValueSpecification\",\"valueRequired\":true,\"valueName\":\"search_term_string\"}}],\"inLanguage\":\"de\"}]}<\/script>\n<!-- \/ Yoast SEO plugin. -->","yoast_head_json":{"title":"Halskette mit Schmetterling Anh\u00e4nger \"White Butterfly\" aus Silber - Max Gold","description":"Der Halskette \"White Butterfly\" ist aus Sterling Silber 925. Der Schmetterlingsanh\u00e4nger, detailreich gefertigt, strahlt mit synthetischen wei\u00dfen Opalsteinen und einem zarten Zirkonia-Stein im Zentrum.","robots":{"index":"index","follow":"follow","max-snippet":"max-snippet:-1","max-image-preview":"max-image-preview:large","max-video-preview":"max-video-preview:-1"},"canonical":"https:\/\/maxgold.gr\/de\/shop\/halskette-mit-schmetterling-anhanger-white-butterfly-aus-silber\/","og_locale":"de_DE","og_type":"article","og_title":"Halskette mit Schmetterling Anh\u00e4nger \"White Butterfly\" aus Silber - Max Gold","og_description":"Der Halskette \"White Butterfly\" ist aus Sterling Silber 925. Der Schmetterlingsanh\u00e4nger, detailreich gefertigt, strahlt mit synthetischen wei\u00dfen Opalsteinen und einem zarten Zirkonia-Stein im Zentrum.","og_url":"https:\/\/maxgold.gr\/de\/shop\/halskette-mit-schmetterling-anhanger-white-butterfly-aus-silber\/","og_site_name":"Max Gold","article_publisher":"https:\/\/www.facebook.com\/people\/Max-Gold\/61561801899896\/","article_modified_time":"2025-09-01T20:06:21+00:00","og_image":[{"width":1200,"height":1200,"url":"https:\/\/maxgold.gr\/wp-content\/uploads\/2025\/08\/pno-6mm.jpg","type":"image\/jpeg"}],"twitter_card":"summary_large_image","twitter_misc":{"Gesch\u00e4tzte Lesezeit":"1\u00a0Minute"},"schema":{"@context":"https:\/\/schema.org","@graph":[{"@type":"WebPage","@id":"https:\/\/maxgold.gr\/de\/shop\/halskette-mit-schmetterling-anhanger-white-butterfly-aus-silber\/","url":"https:\/\/maxgold.gr\/de\/shop\/halskette-mit-schmetterling-anhanger-white-butterfly-aus-silber\/","name":"Halskette mit Schmetterling Anh\u00e4nger \"White Butterfly\" aus Silber - Max Gold","isPartOf":{"@id":"https:\/\/maxgold.gr\/de\/#website"},"primaryImageOfPage":{"@id":"https:\/\/maxgold.gr\/de\/shop\/halskette-mit-schmetterling-anhanger-white-butterfly-aus-silber\/#primaryimage"},"image":{"@id":"https:\/\/maxgold.gr\/de\/shop\/halskette-mit-schmetterling-anhanger-white-butterfly-aus-silber\/#primaryimage"},"thumbnailUrl":"https:\/\/i0.wp.com\/maxgold.gr\/wp-content\/uploads\/2025\/08\/pno-6mm.jpg?fit=1200%2C1200&ssl=1","datePublished":"2025-08-27T17:00:50+00:00","dateModified":"2025-09-01T20:06:21+00:00","description":"Der Halskette \"White Butterfly\" ist aus Sterling Silber 925. Der Schmetterlingsanh\u00e4nger, detailreich gefertigt, strahlt mit synthetischen wei\u00dfen Opalsteinen und einem zarten Zirkonia-Stein im Zentrum.","breadcrumb":{"@id":"https:\/\/maxgold.gr\/de\/shop\/halskette-mit-schmetterling-anhanger-white-butterfly-aus-silber\/#breadcrumb"},"inLanguage":"de","potentialAction":[{"@type":"ReadAction","target":["https:\/\/maxgold.gr\/de\/shop\/halskette-mit-schmetterling-anhanger-white-butterfly-aus-silber\/"]}]},{"@type":"ImageObject","inLanguage":"de","@id":"https:\/\/maxgold.gr\/de\/shop\/halskette-mit-schmetterling-anhanger-white-butterfly-aus-silber\/#primaryimage","url":"https:\/\/i0.wp.com\/maxgold.gr\/wp-content\/uploads\/2025\/08\/pno-6mm.jpg?fit=1200%2C1200&ssl=1","contentUrl":"https:\/\/i0.wp.com\/maxgold.gr\/wp-content\/uploads\/2025\/08\/pno-6mm.jpg?fit=1200%2C1200&ssl=1","width":1200,"height":1200},{"@type":"BreadcrumbList","@id":"https:\/\/maxgold.gr\/de\/shop\/halskette-mit-schmetterling-anhanger-white-butterfly-aus-silber\/#breadcrumb","itemListElement":[{"@type":"ListItem","position":1,"name":"Home","item":"https:\/\/maxgold.gr\/de\/startseite\/"},{"@type":"ListItem","position":2,"name":"Gesch\u00e4ft","item":"https:\/\/maxgold.gr\/de\/%ce%ba%ce%b1%cf%84%ce%ac%cf%83%cf%84%ce%b7%ce%bc%ce%b1\/"},{"@type":"ListItem","position":3,"name":"Halskette mit Schmetterling Anh\u00e4nger &#8220;White Butterfly&#8221; aus Silber"}]},{"@type":"WebSite","@id":"https:\/\/maxgold.gr\/de\/#website","url":"https:\/\/maxgold.gr\/de\/","name":"Max Gold","description":"Max Gold","potentialAction":[{"@type":"SearchAction","target":{"@type":"EntryPoint","urlTemplate":"https:\/\/maxgold.gr\/de\/?s={search_term_string}"},"query-input":{"@type":"PropertyValueSpecification","valueRequired":true,"valueName":"search_term_string"}}],"inLanguage":"de"}]}},"jetpack_sharing_enabled":true,"_links":{"self":[{"href":"https:\/\/maxgold.gr\/de\/wp-json\/wp\/v2\/product\/7633","targetHints":{"allow":["GET"]}}],"collection":[{"href":"https:\/\/maxgold.gr\/de\/wp-json\/wp\/v2\/product"}],"about":[{"href":"https:\/\/maxgold.gr\/de\/wp-json\/wp\/v2\/types\/product"}],"replies":[{"embeddable":true,"href":"https:\/\/maxgold.gr\/de\/wp-json\/wp\/v2\/comments?post=7633"}],"wp:featuredmedia":[{"embeddable":true,"href":"https:\/\/maxgold.gr\/de\/wp-json\/wp\/v2\/media\/7630"}],"wp:attachment":[{"href":"https:\/\/maxgold.gr\/de\/wp-json\/wp\/v2\/media?parent=7633"}],"wp:term":[{"taxonomy":"product_brand","embeddable":true,"href":"https:\/\/maxgold.gr\/de\/wp-json\/wp\/v2\/product_brand?post=7633"},{"taxonomy":"product_cat","embeddable":true,"href":"https:\/\/maxgold.gr\/de\/wp-json\/wp\/v2\/product_cat?post=7633"},{"taxonomy":"product_tag","embeddable":true,"href":"https:\/\/maxgold.gr\/de\/wp-json\/wp\/v2\/product_tag?post=7633"}],"curies":[{"name":"wp","href":"https:\/\/api.w.org\/{rel}","templated":true}]}}