{"id":7879,"date":"2025-10-15T20:02:03","date_gmt":"2025-10-15T17:02:03","guid":{"rendered":"https:\/\/maxgold.gr\/?post_type=product&#038;p=7879"},"modified":"2025-10-16T20:22:30","modified_gmt":"2025-10-16T17:22:30","slug":"griechisches-auge-ohrstecker-soalinas-eye-rose-aus-925-sterling-silber-rose-vergoldet-mit-kubische-zirkonia-copy-3","status":"publish","type":"product","link":"https:\/\/maxgold.gr\/de\/shop\/griechisches-auge-ohrstecker-soalinas-eye-rose-aus-925-sterling-silber-rose-vergoldet-mit-kubische-zirkonia-copy-3\/","title":{"rendered":"Vergoldete B\u00f6se Augen Ohrringe, \u201eSoalinas Eye Gold\u201c aus Silber"},"content":{"rendered":"<p>Vergoldete B\u00f6se Augen Ohrringe, \u201eSoalinas Eye Gold\u201c aus Silber<\/p>\n<p><span style=\"color: #000000;\">Erleben Sie die exquisite Sch\u00f6nheit und den tiefen symbolischen Wert der \u201eSoalinas Eye Gold\u201c Ohrringe. Sorgf\u00e4ltig gefertigt aus hochwertigem Silber 925 und vergoldet. Das Motiv des b\u00f6sen Auges ist in der griechischen Kultur ein beliebtes Symbol, das vor negativer Energie sch\u00fctzen soll. Diese Ohrringe sind nicht nur sch\u00f6n, sondern haben auch eine bedeutende kulturelle Bedeutung, die sie zu einer einzigartigen und auff\u00e4lligen Erg\u00e4nzung jeder Schmucksammlung macht.  <\/span><\/p>\n<p dir=\"ltr\"><span style=\"color: #000000;\">Schenken Sie etwas Besonderes: Die \u201eSoalinas Eye Gold\u201c Ohrringe eignen sich hervorragend als Geschenk f\u00fcr diejenigen, die einen Hauch von Schutz und Eleganz zu sch\u00e4tzen wissen. Verpackt in einer eleganten Schatulle, sind sie nicht nur f\u00fcr jeden Anlass geeignet, sondern auch eine wunderbare M\u00f6glichkeit, Wertsch\u00e4tzung auszudr\u00fccken. Diese Ohrringe sind leicht zu kombinieren und passen sowohl zu allt\u00e4glicher Kleidung als auch zu formellen Outfits. Durch ihre zeitlose Gestaltung k\u00f6nnen sie \u00fcber Jahre hinweg getragen werden, ohne an Stil oder Relevanz zu verlieren. Entdecken Sie noch heute den Charme und die Energie der \u201eSoalinas Eye Gold\u201c vergoldeten Ohrringe aus Silber 925 mit Zirkonia. Zus\u00e4tzlich zu ihrem einzigartigen Look vermitteln sie ein Gef\u00fchl von Sicherheit, Stil und Individualit\u00e4t.<br \/>\n<\/span><\/p>\n<p>&nbsp;<\/p>\n<p>&nbsp;<\/p>\n<h4><strong>Produktdetails<\/strong><\/h4>\n<p><strong>Ma\u00dfe:<\/strong> 0,6cm x 0,6cm x 0,2cm + 1,1cm Pfosten<\/p>\n<p><strong>Edelstein:<\/strong> Wei\u00dfe Kubische Zirkonia<\/p>\n<p><strong>Stil:<\/strong> Ohrstecker<\/p>\n<p><strong>Metall:<\/strong> Sterling Silber (925)<\/p>\n<p><strong>Metallstempel:<\/strong> 925<\/p>\n<p><strong>Vergoldung: <\/strong>Gold<\/p>\n<p><strong>Verschl\u00fcsse: <\/strong>Steckverschluss<strong><br \/>\n<\/strong><\/p>\n<p>&nbsp;<\/p>\n<p>&nbsp;<\/p>\n","protected":false},"excerpt":{"rendered":"<p><span style=\"color: #000000;\">Erleben Sie die exquisite Sch\u00f6nheit und den tiefen symbolischen Wert der \u201eSoalinas Eye Gold\u201c Ohrringe. Sorgf\u00e4ltig gefertigt aus hochwertigem Silber 925 und vergoldet.<\/span><\/p>\n<p><span style=\"color: #000000;\"> <\/span><\/p>\n","protected":false},"featured_media":7882,"comment_status":"open","ping_status":"closed","template":"","meta":[],"product_brand":[738],"product_cat":[439,446,434,432,431,433,498,435,724],"product_tag":[445,449,448,441,846,442,576],"class_list":{"0":"post-7879","1":"product","2":"type-product","3":"status-publish","4":"has-post-thumbnail","6":"product_brand-max-gold","7":"product_cat-damenschmuck","8":"product_cat-griechisches-auge-kollektion","9":"product_cat-metall","10":"product_cat-neu-ankommen","11":"product_cat-ohrringe","12":"product_cat-ohrstecker","13":"product_cat-ohrstecker-vergoldet","14":"product_cat-sterling-silber-925","15":"product_cat-vergoldet","16":"product_tag-blau","17":"product_tag-griechisches-boses-auge-kollektion","18":"product_tag-kubischer-zirkoniumdioxid","19":"product_tag-ohrstecker","20":"product_tag-soalinas-eye-de","21":"product_tag-sterling-silber-925","22":"product_tag-vergoldet","24":"first","25":"instock","26":"taxable","27":"shipping-taxable","28":"purchasable","29":"product-type-simple","30":"add-to-wishlist-before_add_to_cart"},"yoast_head":"<!-- This site is optimized with the Yoast SEO plugin v27.5 - https:\/\/yoast.com\/product\/yoast-seo-wordpress\/ -->\n<title>Vergoldete B\u00f6se Augen Ohrringe, \u201eSoalinas Eye Gold\u201c aus Silber - Max Gold<\/title>\n<meta name=\"description\" content=\"Erleben Sie die exquisite Sch\u00f6nheit und den tiefen symbolischen Wert der \u201eSoalinas Eye Gold\u201c Ohrringe. Sorgf\u00e4ltig gefertigt aus hochwertigem Silber 925 und vergoldet.\" \/>\n<meta name=\"robots\" content=\"index, follow, max-snippet:-1, max-image-preview:large, max-video-preview:-1\" \/>\n<link rel=\"canonical\" href=\"https:\/\/maxgold.gr\/de\/shop\/griechisches-auge-ohrstecker-soalinas-eye-rose-aus-925-sterling-silber-rose-vergoldet-mit-kubische-zirkonia-copy-3\/\" \/>\n<meta property=\"og:locale\" content=\"de_DE\" \/>\n<meta property=\"og:type\" content=\"article\" \/>\n<meta property=\"og:title\" content=\"Vergoldete B\u00f6se Augen Ohrringe, \u201eSoalinas Eye Gold\u201c aus Silber - Max Gold\" \/>\n<meta property=\"og:description\" content=\"Erleben Sie die exquisite Sch\u00f6nheit und den tiefen symbolischen Wert der \u201eSoalinas Eye Gold\u201c Ohrringe. Sorgf\u00e4ltig gefertigt aus hochwertigem Silber 925 und vergoldet.\" \/>\n<meta property=\"og:url\" content=\"https:\/\/maxgold.gr\/de\/shop\/griechisches-auge-ohrstecker-soalinas-eye-rose-aus-925-sterling-silber-rose-vergoldet-mit-kubische-zirkonia-copy-3\/\" \/>\n<meta property=\"og:site_name\" content=\"Max Gold\" \/>\n<meta property=\"article:publisher\" content=\"https:\/\/www.facebook.com\/people\/Max-Gold\/61561801899896\/\" \/>\n<meta property=\"article:modified_time\" content=\"2025-10-16T17:22:30+00:00\" \/>\n<meta property=\"og:image\" content=\"https:\/\/i0.wp.com\/maxgold.gr\/wp-content\/uploads\/2025\/10\/eee-6a.jpg?fit=1200%2C1200&ssl=1\" \/>\n\t<meta property=\"og:image:width\" content=\"1200\" \/>\n\t<meta property=\"og:image:height\" content=\"1200\" \/>\n\t<meta property=\"og:image:type\" content=\"image\/jpeg\" \/>\n<meta name=\"twitter:card\" content=\"summary_large_image\" \/>\n<meta name=\"twitter:label1\" content=\"Gesch\u00e4tzte Lesezeit\" \/>\n\t<meta name=\"twitter:data1\" content=\"1\u00a0Minute\" \/>\n<script type=\"application\/ld+json\" class=\"yoast-schema-graph\">{\"@context\":\"https:\\\/\\\/schema.org\",\"@graph\":[{\"@type\":\"WebPage\",\"@id\":\"https:\\\/\\\/maxgold.gr\\\/de\\\/shop\\\/griechisches-auge-ohrstecker-soalinas-eye-rose-aus-925-sterling-silber-rose-vergoldet-mit-kubische-zirkonia-copy-3\\\/\",\"url\":\"https:\\\/\\\/maxgold.gr\\\/de\\\/shop\\\/griechisches-auge-ohrstecker-soalinas-eye-rose-aus-925-sterling-silber-rose-vergoldet-mit-kubische-zirkonia-copy-3\\\/\",\"name\":\"Vergoldete B\u00f6se Augen Ohrringe, \u201eSoalinas Eye Gold\u201c aus Silber - Max Gold\",\"isPartOf\":{\"@id\":\"https:\\\/\\\/maxgold.gr\\\/de\\\/#website\"},\"primaryImageOfPage\":{\"@id\":\"https:\\\/\\\/maxgold.gr\\\/de\\\/shop\\\/griechisches-auge-ohrstecker-soalinas-eye-rose-aus-925-sterling-silber-rose-vergoldet-mit-kubische-zirkonia-copy-3\\\/#primaryimage\"},\"image\":{\"@id\":\"https:\\\/\\\/maxgold.gr\\\/de\\\/shop\\\/griechisches-auge-ohrstecker-soalinas-eye-rose-aus-925-sterling-silber-rose-vergoldet-mit-kubische-zirkonia-copy-3\\\/#primaryimage\"},\"thumbnailUrl\":\"https:\\\/\\\/i0.wp.com\\\/maxgold.gr\\\/wp-content\\\/uploads\\\/2025\\\/10\\\/eee-6a.jpg?fit=1200%2C1200&ssl=1\",\"datePublished\":\"2025-10-15T17:02:03+00:00\",\"dateModified\":\"2025-10-16T17:22:30+00:00\",\"description\":\"Erleben Sie die exquisite Sch\u00f6nheit und den tiefen symbolischen Wert der \u201eSoalinas Eye Gold\u201c Ohrringe. Sorgf\u00e4ltig gefertigt aus hochwertigem Silber 925 und vergoldet.\",\"breadcrumb\":{\"@id\":\"https:\\\/\\\/maxgold.gr\\\/de\\\/shop\\\/griechisches-auge-ohrstecker-soalinas-eye-rose-aus-925-sterling-silber-rose-vergoldet-mit-kubische-zirkonia-copy-3\\\/#breadcrumb\"},\"inLanguage\":\"de\",\"potentialAction\":[{\"@type\":\"ReadAction\",\"target\":[\"https:\\\/\\\/maxgold.gr\\\/de\\\/shop\\\/griechisches-auge-ohrstecker-soalinas-eye-rose-aus-925-sterling-silber-rose-vergoldet-mit-kubische-zirkonia-copy-3\\\/\"]}]},{\"@type\":\"ImageObject\",\"inLanguage\":\"de\",\"@id\":\"https:\\\/\\\/maxgold.gr\\\/de\\\/shop\\\/griechisches-auge-ohrstecker-soalinas-eye-rose-aus-925-sterling-silber-rose-vergoldet-mit-kubische-zirkonia-copy-3\\\/#primaryimage\",\"url\":\"https:\\\/\\\/i0.wp.com\\\/maxgold.gr\\\/wp-content\\\/uploads\\\/2025\\\/10\\\/eee-6a.jpg?fit=1200%2C1200&ssl=1\",\"contentUrl\":\"https:\\\/\\\/i0.wp.com\\\/maxgold.gr\\\/wp-content\\\/uploads\\\/2025\\\/10\\\/eee-6a.jpg?fit=1200%2C1200&ssl=1\",\"width\":1200,\"height\":1200,\"caption\":\"Greek Evil Eye Stud Earrings, \\\"Soalinas Eye Gold\\\" made of Silver\"},{\"@type\":\"BreadcrumbList\",\"@id\":\"https:\\\/\\\/maxgold.gr\\\/de\\\/shop\\\/griechisches-auge-ohrstecker-soalinas-eye-rose-aus-925-sterling-silber-rose-vergoldet-mit-kubische-zirkonia-copy-3\\\/#breadcrumb\",\"itemListElement\":[{\"@type\":\"ListItem\",\"position\":1,\"name\":\"Home\",\"item\":\"https:\\\/\\\/maxgold.gr\\\/de\\\/startseite\\\/\"},{\"@type\":\"ListItem\",\"position\":2,\"name\":\"Gesch\u00e4ft\",\"item\":\"https:\\\/\\\/maxgold.gr\\\/de\\\/%ce%ba%ce%b1%cf%84%ce%ac%cf%83%cf%84%ce%b7%ce%bc%ce%b1\\\/\"},{\"@type\":\"ListItem\",\"position\":3,\"name\":\"Vergoldete B\u00f6se Augen Ohrringe, \u201eSoalinas Eye Gold\u201c aus Silber\"}]},{\"@type\":\"WebSite\",\"@id\":\"https:\\\/\\\/maxgold.gr\\\/de\\\/#website\",\"url\":\"https:\\\/\\\/maxgold.gr\\\/de\\\/\",\"name\":\"Max Gold\",\"description\":\"Max Gold\",\"potentialAction\":[{\"@type\":\"SearchAction\",\"target\":{\"@type\":\"EntryPoint\",\"urlTemplate\":\"https:\\\/\\\/maxgold.gr\\\/de\\\/?s={search_term_string}\"},\"query-input\":{\"@type\":\"PropertyValueSpecification\",\"valueRequired\":true,\"valueName\":\"search_term_string\"}}],\"inLanguage\":\"de\"}]}<\/script>\n<!-- \/ Yoast SEO plugin. -->","yoast_head_json":{"title":"Vergoldete B\u00f6se Augen Ohrringe, \u201eSoalinas Eye Gold\u201c aus Silber - Max Gold","description":"Erleben Sie die exquisite Sch\u00f6nheit und den tiefen symbolischen Wert der \u201eSoalinas Eye Gold\u201c Ohrringe. Sorgf\u00e4ltig gefertigt aus hochwertigem Silber 925 und vergoldet.","robots":{"index":"index","follow":"follow","max-snippet":"max-snippet:-1","max-image-preview":"max-image-preview:large","max-video-preview":"max-video-preview:-1"},"canonical":"https:\/\/maxgold.gr\/de\/shop\/griechisches-auge-ohrstecker-soalinas-eye-rose-aus-925-sterling-silber-rose-vergoldet-mit-kubische-zirkonia-copy-3\/","og_locale":"de_DE","og_type":"article","og_title":"Vergoldete B\u00f6se Augen Ohrringe, \u201eSoalinas Eye Gold\u201c aus Silber - Max Gold","og_description":"Erleben Sie die exquisite Sch\u00f6nheit und den tiefen symbolischen Wert der \u201eSoalinas Eye Gold\u201c Ohrringe. Sorgf\u00e4ltig gefertigt aus hochwertigem Silber 925 und vergoldet.","og_url":"https:\/\/maxgold.gr\/de\/shop\/griechisches-auge-ohrstecker-soalinas-eye-rose-aus-925-sterling-silber-rose-vergoldet-mit-kubische-zirkonia-copy-3\/","og_site_name":"Max Gold","article_publisher":"https:\/\/www.facebook.com\/people\/Max-Gold\/61561801899896\/","article_modified_time":"2025-10-16T17:22:30+00:00","og_image":[{"width":1200,"height":1200,"url":"https:\/\/i0.wp.com\/maxgold.gr\/wp-content\/uploads\/2025\/10\/eee-6a.jpg?fit=1200%2C1200&ssl=1","type":"image\/jpeg"}],"twitter_card":"summary_large_image","twitter_misc":{"Gesch\u00e4tzte Lesezeit":"1\u00a0Minute"},"schema":{"@context":"https:\/\/schema.org","@graph":[{"@type":"WebPage","@id":"https:\/\/maxgold.gr\/de\/shop\/griechisches-auge-ohrstecker-soalinas-eye-rose-aus-925-sterling-silber-rose-vergoldet-mit-kubische-zirkonia-copy-3\/","url":"https:\/\/maxgold.gr\/de\/shop\/griechisches-auge-ohrstecker-soalinas-eye-rose-aus-925-sterling-silber-rose-vergoldet-mit-kubische-zirkonia-copy-3\/","name":"Vergoldete B\u00f6se Augen Ohrringe, \u201eSoalinas Eye Gold\u201c aus Silber - Max Gold","isPartOf":{"@id":"https:\/\/maxgold.gr\/de\/#website"},"primaryImageOfPage":{"@id":"https:\/\/maxgold.gr\/de\/shop\/griechisches-auge-ohrstecker-soalinas-eye-rose-aus-925-sterling-silber-rose-vergoldet-mit-kubische-zirkonia-copy-3\/#primaryimage"},"image":{"@id":"https:\/\/maxgold.gr\/de\/shop\/griechisches-auge-ohrstecker-soalinas-eye-rose-aus-925-sterling-silber-rose-vergoldet-mit-kubische-zirkonia-copy-3\/#primaryimage"},"thumbnailUrl":"https:\/\/i0.wp.com\/maxgold.gr\/wp-content\/uploads\/2025\/10\/eee-6a.jpg?fit=1200%2C1200&ssl=1","datePublished":"2025-10-15T17:02:03+00:00","dateModified":"2025-10-16T17:22:30+00:00","description":"Erleben Sie die exquisite Sch\u00f6nheit und den tiefen symbolischen Wert der \u201eSoalinas Eye Gold\u201c Ohrringe. Sorgf\u00e4ltig gefertigt aus hochwertigem Silber 925 und vergoldet.","breadcrumb":{"@id":"https:\/\/maxgold.gr\/de\/shop\/griechisches-auge-ohrstecker-soalinas-eye-rose-aus-925-sterling-silber-rose-vergoldet-mit-kubische-zirkonia-copy-3\/#breadcrumb"},"inLanguage":"de","potentialAction":[{"@type":"ReadAction","target":["https:\/\/maxgold.gr\/de\/shop\/griechisches-auge-ohrstecker-soalinas-eye-rose-aus-925-sterling-silber-rose-vergoldet-mit-kubische-zirkonia-copy-3\/"]}]},{"@type":"ImageObject","inLanguage":"de","@id":"https:\/\/maxgold.gr\/de\/shop\/griechisches-auge-ohrstecker-soalinas-eye-rose-aus-925-sterling-silber-rose-vergoldet-mit-kubische-zirkonia-copy-3\/#primaryimage","url":"https:\/\/i0.wp.com\/maxgold.gr\/wp-content\/uploads\/2025\/10\/eee-6a.jpg?fit=1200%2C1200&ssl=1","contentUrl":"https:\/\/i0.wp.com\/maxgold.gr\/wp-content\/uploads\/2025\/10\/eee-6a.jpg?fit=1200%2C1200&ssl=1","width":1200,"height":1200,"caption":"Greek Evil Eye Stud Earrings, \"Soalinas Eye Gold\" made of Silver"},{"@type":"BreadcrumbList","@id":"https:\/\/maxgold.gr\/de\/shop\/griechisches-auge-ohrstecker-soalinas-eye-rose-aus-925-sterling-silber-rose-vergoldet-mit-kubische-zirkonia-copy-3\/#breadcrumb","itemListElement":[{"@type":"ListItem","position":1,"name":"Home","item":"https:\/\/maxgold.gr\/de\/startseite\/"},{"@type":"ListItem","position":2,"name":"Gesch\u00e4ft","item":"https:\/\/maxgold.gr\/de\/%ce%ba%ce%b1%cf%84%ce%ac%cf%83%cf%84%ce%b7%ce%bc%ce%b1\/"},{"@type":"ListItem","position":3,"name":"Vergoldete B\u00f6se Augen Ohrringe, \u201eSoalinas Eye Gold\u201c aus Silber"}]},{"@type":"WebSite","@id":"https:\/\/maxgold.gr\/de\/#website","url":"https:\/\/maxgold.gr\/de\/","name":"Max Gold","description":"Max Gold","potentialAction":[{"@type":"SearchAction","target":{"@type":"EntryPoint","urlTemplate":"https:\/\/maxgold.gr\/de\/?s={search_term_string}"},"query-input":{"@type":"PropertyValueSpecification","valueRequired":true,"valueName":"search_term_string"}}],"inLanguage":"de"}]}},"jetpack_sharing_enabled":true,"_links":{"self":[{"href":"https:\/\/maxgold.gr\/de\/wp-json\/wp\/v2\/product\/7879","targetHints":{"allow":["GET"]}}],"collection":[{"href":"https:\/\/maxgold.gr\/de\/wp-json\/wp\/v2\/product"}],"about":[{"href":"https:\/\/maxgold.gr\/de\/wp-json\/wp\/v2\/types\/product"}],"replies":[{"embeddable":true,"href":"https:\/\/maxgold.gr\/de\/wp-json\/wp\/v2\/comments?post=7879"}],"wp:featuredmedia":[{"embeddable":true,"href":"https:\/\/maxgold.gr\/de\/wp-json\/wp\/v2\/media\/7882"}],"wp:attachment":[{"href":"https:\/\/maxgold.gr\/de\/wp-json\/wp\/v2\/media?parent=7879"}],"wp:term":[{"taxonomy":"product_brand","embeddable":true,"href":"https:\/\/maxgold.gr\/de\/wp-json\/wp\/v2\/product_brand?post=7879"},{"taxonomy":"product_cat","embeddable":true,"href":"https:\/\/maxgold.gr\/de\/wp-json\/wp\/v2\/product_cat?post=7879"},{"taxonomy":"product_tag","embeddable":true,"href":"https:\/\/maxgold.gr\/de\/wp-json\/wp\/v2\/product_tag?post=7879"}],"curies":[{"name":"wp","href":"https:\/\/api.w.org\/{rel}","templated":true}]}}