{"id":8006,"date":"2025-10-30T21:26:55","date_gmt":"2025-10-30T18:26:55","guid":{"rendered":"https:\/\/maxgold.gr\/?post_type=product&#038;p=8006"},"modified":"2025-10-31T00:29:07","modified_gmt":"2025-10-30T21:29:07","slug":"griechisches-auge-armband-cz-cross-cz-evil-eye-rose-aus-925-sterling-silber-rose-vergoldet-mit-zirkonia-copy-3","status":"publish","type":"product","link":"https:\/\/maxgold.gr\/de\/shop\/griechisches-auge-armband-cz-cross-cz-evil-eye-rose-aus-925-sterling-silber-rose-vergoldet-mit-zirkonia-copy-3\/","title":{"rendered":"Vergoldet Griechisches Auge Armband \u201eCZ Cross &amp; CZ Evil Eye\u201c, aus Silber"},"content":{"rendered":"<p>Das wundersch\u00f6ne \u201eCZ Cross &amp; CZ Evil Eye\u201c Armband mit einem b\u00f6sen Auge und einem Kreuz voller Zirkonia ist ein atemberaubendes St\u00fcck aus 925er Sterling Silber vergoldet. Die Kombination aus wei\u00dfen und blauen Zirkonia verleiht ihm einen Hauch von Eleganz und Charme.    <\/p>\n<p>Dieses tolle Armband ist sowohl f\u00fcr Kinder als auch f\u00fcr Erwachsene geeignet. Seine verstellbare Gr\u00f6\u00dfe erm\u00f6glicht eine bequeme Passform f\u00fcr eine Vielzahl von Altersgruppen und macht es zu einem vielseitigen Accessoire f\u00fcr jeden Anlass. Bis heute ist der b\u00f6se Blick ein fester Bestandteil der griechischen Kultur \u2013 nicht nur in Griechenland, sondern an vielen Orten auf der ganzen Welt, wo es noch griechische Gemeinschaften gibt. Der b\u00f6se Blick ist im Wesentlichen ein Symbol zur Abschreckung der b\u00f6sen Energie, die eine Person auf andere \u00fcbertragen kann. Wenn eine Person ein b\u00f6ses Auge bei sich tr\u00e4gt, sch\u00fctzt es vor Ungl\u00fcck und vor schlechten Dingen, die im Leben passieren. Es hilft, Ihr Leben im Gleichgewicht zu halten und sch\u00fctzt Sie vor \u201eschlechtem Karma\u201c.     <\/p>\n<p>&nbsp;<\/p>\n<h4><strong>Produktdetails<\/strong><\/h4>\n<p>L\u00e4nge: 15,0cm -17,5cm, Verstellbar<\/p>\n<p>Edelstahl: Blau und Wei\u00df Kubische Zirkonia<\/p>\n<p>Motiv Gr\u00f6\u00dfe (Kreuz): 1cm x 0,5cm x 0,2cm<\/p>\n<p>Motiv Gr\u00f6\u00dfe (B\u00f6se Auge): 0,5cm x 0,5cm x 0,2cm<\/p>\n<p>Metall: Sterling Silber (925)<\/p>\n<p>Metallstempel: 925<\/p>\n<p>Vergoldung: Gold<\/p>\n<p>Verschluss: Federring<strong><br \/>\n<\/strong><\/p>\n<p>&nbsp;<\/p>\n<div dir=\"auto\">Allgemeine Informationen zum Schutz Ihres gesamten vergoldeten Schmucks.<\/div>\n<div dir=\"auto\"><\/div>\n<div dir=\"auto\">Vermeiden Sie unbedingt, dass vergoldeter Schmuck chlorhaltigem Wasser (Schwimmbad), Parf\u00fcm und Cremes ausgesetzt wird. Chlor und Sonnenschutzmittel k\u00f6nnen die Goldbeschichtung anlaufen lassen, w\u00e4hrend Parfums und Cremes dazu f\u00fchren k\u00f6nnen, dass sie sich schneller abnutzt. Um die Unversehrtheit Ihres Schmucks zu sch\u00fctzen, sollten Sie ihn vor dem Schwimmen ablegen, keine Parf\u00fcms auf ihn spr\u00fchen und keine Cremes oder Sonnenschutzmittel auftragen, w\u00e4hrend Sie ihn tragen. Diese einfachen Vorsichtsma\u00dfnahmen k\u00f6nnen dazu beitragen, die Sch\u00f6nheit und Langlebigkeit aller Ihrer vergoldeten St\u00fccke zu erhalten.   <\/div>\n","protected":false},"excerpt":{"rendered":"<p>Das wundersch\u00f6ne \u201eCZ Cross &amp; CZ Evil Eye\u201c Armband mit einem b\u00f6sen Auge und einem Kreuz voller Zirkonia ist ein atemberaubendes St\u00fcck aus 925er Sterlingsilber, vergoldet. <\/p>\n<p>&nbsp;<\/p>\n","protected":false},"featured_media":8011,"comment_status":"open","ping_status":"closed","template":"","meta":[],"product_brand":[738],"product_cat":[485,439,446,487,488,741,463,464,434,432,435,724],"product_tag":[860,562,449,570,448,576],"class_list":{"0":"post-8006","1":"product","2":"type-product","3":"status-publish","4":"has-post-thumbnail","6":"product_brand-max-gold","7":"product_cat-armbander","8":"product_cat-damenschmuck","9":"product_cat-griechisches-auge-kollektion","10":"product_cat-kettenarmbaender","11":"product_cat-kettenarmbaender-vergoldet","12":"product_cat-kinderarmbaender","13":"product_cat-kinderschmuck","14":"product_cat-kreuzen","15":"product_cat-metall","16":"product_cat-neu-ankommen","17":"product_cat-sterling-silber-925","18":"product_cat-vergoldet","19":"product_tag-cz-cross-cz-evil-eye-collection","20":"product_tag-blau-cz","21":"product_tag-griechisches-boses-auge-kollektion","22":"product_tag-kreuze","23":"product_tag-kubischer-zirkoniumdioxid","24":"product_tag-vergoldet","26":"first","27":"instock","28":"taxable","29":"shipping-taxable","30":"purchasable","31":"product-type-simple","32":"add-to-wishlist-before_add_to_cart"},"yoast_head":"<!-- This site is optimized with the Yoast SEO plugin v27.5 - https:\/\/yoast.com\/product\/yoast-seo-wordpress\/ -->\n<title>Vergoldet Griechisches Auge Armband \u201eCZ Cross &amp; CZ Evil Eye\u201c, aus Silber - Max Gold<\/title>\n<meta name=\"description\" content=\"Das wundersch\u00f6ne \u201eCZ Cross &amp; CZ Evil Eye\u201c Armband mit einem b\u00f6sen Auge und einem Kreuz voller Zirkonia ist ein atemberaubendes St\u00fcck aus 925er Sterlingsilber, vergoldet.\" \/>\n<meta name=\"robots\" content=\"index, follow, max-snippet:-1, max-image-preview:large, max-video-preview:-1\" \/>\n<link rel=\"canonical\" href=\"https:\/\/maxgold.gr\/de\/shop\/griechisches-auge-armband-cz-cross-cz-evil-eye-rose-aus-925-sterling-silber-rose-vergoldet-mit-zirkonia-copy-3\/\" \/>\n<meta property=\"og:locale\" content=\"de_DE\" \/>\n<meta property=\"og:type\" content=\"article\" \/>\n<meta property=\"og:title\" content=\"Vergoldet Griechisches Auge Armband \u201eCZ Cross &amp; CZ Evil Eye\u201c, aus Silber - Max Gold\" \/>\n<meta property=\"og:description\" content=\"Das wundersch\u00f6ne \u201eCZ Cross &amp; CZ Evil Eye\u201c Armband mit einem b\u00f6sen Auge und einem Kreuz voller Zirkonia ist ein atemberaubendes St\u00fcck aus 925er Sterlingsilber, vergoldet.\" \/>\n<meta property=\"og:url\" content=\"https:\/\/maxgold.gr\/de\/shop\/griechisches-auge-armband-cz-cross-cz-evil-eye-rose-aus-925-sterling-silber-rose-vergoldet-mit-zirkonia-copy-3\/\" \/>\n<meta property=\"og:site_name\" content=\"Max Gold\" \/>\n<meta property=\"article:publisher\" content=\"https:\/\/www.facebook.com\/people\/Max-Gold\/61561801899896\/\" \/>\n<meta property=\"article:modified_time\" content=\"2025-10-30T21:29:07+00:00\" \/>\n<meta property=\"og:image\" content=\"https:\/\/maxgold.gr\/wp-content\/uploads\/2025\/10\/eeb10-c.jpg\" \/>\n\t<meta property=\"og:image:width\" content=\"1200\" \/>\n\t<meta property=\"og:image:height\" content=\"1200\" \/>\n\t<meta property=\"og:image:type\" content=\"image\/jpeg\" \/>\n<meta name=\"twitter:card\" content=\"summary_large_image\" \/>\n<meta name=\"twitter:label1\" content=\"Gesch\u00e4tzte Lesezeit\" \/>\n\t<meta name=\"twitter:data1\" content=\"2\u00a0Minuten\" \/>\n<script type=\"application\/ld+json\" class=\"yoast-schema-graph\">{\"@context\":\"https:\\\/\\\/schema.org\",\"@graph\":[{\"@type\":\"WebPage\",\"@id\":\"https:\\\/\\\/maxgold.gr\\\/de\\\/shop\\\/griechisches-auge-armband-cz-cross-cz-evil-eye-rose-aus-925-sterling-silber-rose-vergoldet-mit-zirkonia-copy-3\\\/\",\"url\":\"https:\\\/\\\/maxgold.gr\\\/de\\\/shop\\\/griechisches-auge-armband-cz-cross-cz-evil-eye-rose-aus-925-sterling-silber-rose-vergoldet-mit-zirkonia-copy-3\\\/\",\"name\":\"Vergoldet Griechisches Auge Armband \u201eCZ Cross &amp; CZ Evil Eye\u201c, aus Silber - Max Gold\",\"isPartOf\":{\"@id\":\"https:\\\/\\\/maxgold.gr\\\/de\\\/#website\"},\"primaryImageOfPage\":{\"@id\":\"https:\\\/\\\/maxgold.gr\\\/de\\\/shop\\\/griechisches-auge-armband-cz-cross-cz-evil-eye-rose-aus-925-sterling-silber-rose-vergoldet-mit-zirkonia-copy-3\\\/#primaryimage\"},\"image\":{\"@id\":\"https:\\\/\\\/maxgold.gr\\\/de\\\/shop\\\/griechisches-auge-armband-cz-cross-cz-evil-eye-rose-aus-925-sterling-silber-rose-vergoldet-mit-zirkonia-copy-3\\\/#primaryimage\"},\"thumbnailUrl\":\"https:\\\/\\\/i0.wp.com\\\/maxgold.gr\\\/wp-content\\\/uploads\\\/2025\\\/10\\\/eeb10-c.jpg?fit=1200%2C1200&ssl=1\",\"datePublished\":\"2025-10-30T18:26:55+00:00\",\"dateModified\":\"2025-10-30T21:29:07+00:00\",\"description\":\"Das wundersch\u00f6ne \u201eCZ Cross & CZ Evil Eye\u201c Armband mit einem b\u00f6sen Auge und einem Kreuz voller Zirkonia ist ein atemberaubendes St\u00fcck aus 925er Sterlingsilber, vergoldet.\",\"breadcrumb\":{\"@id\":\"https:\\\/\\\/maxgold.gr\\\/de\\\/shop\\\/griechisches-auge-armband-cz-cross-cz-evil-eye-rose-aus-925-sterling-silber-rose-vergoldet-mit-zirkonia-copy-3\\\/#breadcrumb\"},\"inLanguage\":\"de\",\"potentialAction\":[{\"@type\":\"ReadAction\",\"target\":[\"https:\\\/\\\/maxgold.gr\\\/de\\\/shop\\\/griechisches-auge-armband-cz-cross-cz-evil-eye-rose-aus-925-sterling-silber-rose-vergoldet-mit-zirkonia-copy-3\\\/\"]}]},{\"@type\":\"ImageObject\",\"inLanguage\":\"de\",\"@id\":\"https:\\\/\\\/maxgold.gr\\\/de\\\/shop\\\/griechisches-auge-armband-cz-cross-cz-evil-eye-rose-aus-925-sterling-silber-rose-vergoldet-mit-zirkonia-copy-3\\\/#primaryimage\",\"url\":\"https:\\\/\\\/i0.wp.com\\\/maxgold.gr\\\/wp-content\\\/uploads\\\/2025\\\/10\\\/eeb10-c.jpg?fit=1200%2C1200&ssl=1\",\"contentUrl\":\"https:\\\/\\\/i0.wp.com\\\/maxgold.gr\\\/wp-content\\\/uploads\\\/2025\\\/10\\\/eeb10-c.jpg?fit=1200%2C1200&ssl=1\",\"width\":1200,\"height\":1200,\"caption\":\"Vergoldet Griechisches Auge Armband \u201eCZ Cross &amp; CZ Evil Eye\u201c, aus Silber\"},{\"@type\":\"BreadcrumbList\",\"@id\":\"https:\\\/\\\/maxgold.gr\\\/de\\\/shop\\\/griechisches-auge-armband-cz-cross-cz-evil-eye-rose-aus-925-sterling-silber-rose-vergoldet-mit-zirkonia-copy-3\\\/#breadcrumb\",\"itemListElement\":[{\"@type\":\"ListItem\",\"position\":1,\"name\":\"Home\",\"item\":\"https:\\\/\\\/maxgold.gr\\\/de\\\/startseite\\\/\"},{\"@type\":\"ListItem\",\"position\":2,\"name\":\"Gesch\u00e4ft\",\"item\":\"https:\\\/\\\/maxgold.gr\\\/de\\\/%ce%ba%ce%b1%cf%84%ce%ac%cf%83%cf%84%ce%b7%ce%bc%ce%b1\\\/\"},{\"@type\":\"ListItem\",\"position\":3,\"name\":\"Vergoldet Griechisches Auge Armband \u201eCZ Cross &amp; CZ Evil Eye\u201c, aus Silber\"}]},{\"@type\":\"WebSite\",\"@id\":\"https:\\\/\\\/maxgold.gr\\\/de\\\/#website\",\"url\":\"https:\\\/\\\/maxgold.gr\\\/de\\\/\",\"name\":\"Max Gold\",\"description\":\"Max Gold\",\"potentialAction\":[{\"@type\":\"SearchAction\",\"target\":{\"@type\":\"EntryPoint\",\"urlTemplate\":\"https:\\\/\\\/maxgold.gr\\\/de\\\/?s={search_term_string}\"},\"query-input\":{\"@type\":\"PropertyValueSpecification\",\"valueRequired\":true,\"valueName\":\"search_term_string\"}}],\"inLanguage\":\"de\"}]}<\/script>\n<!-- \/ Yoast SEO plugin. -->","yoast_head_json":{"title":"Vergoldet Griechisches Auge Armband \u201eCZ Cross &amp; CZ Evil Eye\u201c, aus Silber - Max Gold","description":"Das wundersch\u00f6ne \u201eCZ Cross & CZ Evil Eye\u201c Armband mit einem b\u00f6sen Auge und einem Kreuz voller Zirkonia ist ein atemberaubendes St\u00fcck aus 925er Sterlingsilber, vergoldet.","robots":{"index":"index","follow":"follow","max-snippet":"max-snippet:-1","max-image-preview":"max-image-preview:large","max-video-preview":"max-video-preview:-1"},"canonical":"https:\/\/maxgold.gr\/de\/shop\/griechisches-auge-armband-cz-cross-cz-evil-eye-rose-aus-925-sterling-silber-rose-vergoldet-mit-zirkonia-copy-3\/","og_locale":"de_DE","og_type":"article","og_title":"Vergoldet Griechisches Auge Armband \u201eCZ Cross &amp; CZ Evil Eye\u201c, aus Silber - Max Gold","og_description":"Das wundersch\u00f6ne \u201eCZ Cross & CZ Evil Eye\u201c Armband mit einem b\u00f6sen Auge und einem Kreuz voller Zirkonia ist ein atemberaubendes St\u00fcck aus 925er Sterlingsilber, vergoldet.","og_url":"https:\/\/maxgold.gr\/de\/shop\/griechisches-auge-armband-cz-cross-cz-evil-eye-rose-aus-925-sterling-silber-rose-vergoldet-mit-zirkonia-copy-3\/","og_site_name":"Max Gold","article_publisher":"https:\/\/www.facebook.com\/people\/Max-Gold\/61561801899896\/","article_modified_time":"2025-10-30T21:29:07+00:00","og_image":[{"width":1200,"height":1200,"url":"https:\/\/maxgold.gr\/wp-content\/uploads\/2025\/10\/eeb10-c.jpg","type":"image\/jpeg"}],"twitter_card":"summary_large_image","twitter_misc":{"Gesch\u00e4tzte Lesezeit":"2\u00a0Minuten"},"schema":{"@context":"https:\/\/schema.org","@graph":[{"@type":"WebPage","@id":"https:\/\/maxgold.gr\/de\/shop\/griechisches-auge-armband-cz-cross-cz-evil-eye-rose-aus-925-sterling-silber-rose-vergoldet-mit-zirkonia-copy-3\/","url":"https:\/\/maxgold.gr\/de\/shop\/griechisches-auge-armband-cz-cross-cz-evil-eye-rose-aus-925-sterling-silber-rose-vergoldet-mit-zirkonia-copy-3\/","name":"Vergoldet Griechisches Auge Armband \u201eCZ Cross &amp; CZ Evil Eye\u201c, aus Silber - Max Gold","isPartOf":{"@id":"https:\/\/maxgold.gr\/de\/#website"},"primaryImageOfPage":{"@id":"https:\/\/maxgold.gr\/de\/shop\/griechisches-auge-armband-cz-cross-cz-evil-eye-rose-aus-925-sterling-silber-rose-vergoldet-mit-zirkonia-copy-3\/#primaryimage"},"image":{"@id":"https:\/\/maxgold.gr\/de\/shop\/griechisches-auge-armband-cz-cross-cz-evil-eye-rose-aus-925-sterling-silber-rose-vergoldet-mit-zirkonia-copy-3\/#primaryimage"},"thumbnailUrl":"https:\/\/i0.wp.com\/maxgold.gr\/wp-content\/uploads\/2025\/10\/eeb10-c.jpg?fit=1200%2C1200&ssl=1","datePublished":"2025-10-30T18:26:55+00:00","dateModified":"2025-10-30T21:29:07+00:00","description":"Das wundersch\u00f6ne \u201eCZ Cross & CZ Evil Eye\u201c Armband mit einem b\u00f6sen Auge und einem Kreuz voller Zirkonia ist ein atemberaubendes St\u00fcck aus 925er Sterlingsilber, vergoldet.","breadcrumb":{"@id":"https:\/\/maxgold.gr\/de\/shop\/griechisches-auge-armband-cz-cross-cz-evil-eye-rose-aus-925-sterling-silber-rose-vergoldet-mit-zirkonia-copy-3\/#breadcrumb"},"inLanguage":"de","potentialAction":[{"@type":"ReadAction","target":["https:\/\/maxgold.gr\/de\/shop\/griechisches-auge-armband-cz-cross-cz-evil-eye-rose-aus-925-sterling-silber-rose-vergoldet-mit-zirkonia-copy-3\/"]}]},{"@type":"ImageObject","inLanguage":"de","@id":"https:\/\/maxgold.gr\/de\/shop\/griechisches-auge-armband-cz-cross-cz-evil-eye-rose-aus-925-sterling-silber-rose-vergoldet-mit-zirkonia-copy-3\/#primaryimage","url":"https:\/\/i0.wp.com\/maxgold.gr\/wp-content\/uploads\/2025\/10\/eeb10-c.jpg?fit=1200%2C1200&ssl=1","contentUrl":"https:\/\/i0.wp.com\/maxgold.gr\/wp-content\/uploads\/2025\/10\/eeb10-c.jpg?fit=1200%2C1200&ssl=1","width":1200,"height":1200,"caption":"Vergoldet Griechisches Auge Armband \u201eCZ Cross &amp; CZ Evil Eye\u201c, aus Silber"},{"@type":"BreadcrumbList","@id":"https:\/\/maxgold.gr\/de\/shop\/griechisches-auge-armband-cz-cross-cz-evil-eye-rose-aus-925-sterling-silber-rose-vergoldet-mit-zirkonia-copy-3\/#breadcrumb","itemListElement":[{"@type":"ListItem","position":1,"name":"Home","item":"https:\/\/maxgold.gr\/de\/startseite\/"},{"@type":"ListItem","position":2,"name":"Gesch\u00e4ft","item":"https:\/\/maxgold.gr\/de\/%ce%ba%ce%b1%cf%84%ce%ac%cf%83%cf%84%ce%b7%ce%bc%ce%b1\/"},{"@type":"ListItem","position":3,"name":"Vergoldet Griechisches Auge Armband \u201eCZ Cross &amp; CZ Evil Eye\u201c, aus Silber"}]},{"@type":"WebSite","@id":"https:\/\/maxgold.gr\/de\/#website","url":"https:\/\/maxgold.gr\/de\/","name":"Max Gold","description":"Max Gold","potentialAction":[{"@type":"SearchAction","target":{"@type":"EntryPoint","urlTemplate":"https:\/\/maxgold.gr\/de\/?s={search_term_string}"},"query-input":{"@type":"PropertyValueSpecification","valueRequired":true,"valueName":"search_term_string"}}],"inLanguage":"de"}]}},"jetpack_sharing_enabled":true,"_links":{"self":[{"href":"https:\/\/maxgold.gr\/de\/wp-json\/wp\/v2\/product\/8006","targetHints":{"allow":["GET"]}}],"collection":[{"href":"https:\/\/maxgold.gr\/de\/wp-json\/wp\/v2\/product"}],"about":[{"href":"https:\/\/maxgold.gr\/de\/wp-json\/wp\/v2\/types\/product"}],"replies":[{"embeddable":true,"href":"https:\/\/maxgold.gr\/de\/wp-json\/wp\/v2\/comments?post=8006"}],"wp:featuredmedia":[{"embeddable":true,"href":"https:\/\/maxgold.gr\/de\/wp-json\/wp\/v2\/media\/8011"}],"wp:attachment":[{"href":"https:\/\/maxgold.gr\/de\/wp-json\/wp\/v2\/media?parent=8006"}],"wp:term":[{"taxonomy":"product_brand","embeddable":true,"href":"https:\/\/maxgold.gr\/de\/wp-json\/wp\/v2\/product_brand?post=8006"},{"taxonomy":"product_cat","embeddable":true,"href":"https:\/\/maxgold.gr\/de\/wp-json\/wp\/v2\/product_cat?post=8006"},{"taxonomy":"product_tag","embeddable":true,"href":"https:\/\/maxgold.gr\/de\/wp-json\/wp\/v2\/product_tag?post=8006"}],"curies":[{"name":"wp","href":"https:\/\/api.w.org\/{rel}","templated":true}]}}