{"id":9599,"date":"2026-05-09T19:56:09","date_gmt":"2026-05-09T16:56:09","guid":{"rendered":"https:\/\/maxgold.gr\/?post_type=product&#038;p=9599"},"modified":"2026-05-09T20:42:11","modified_gmt":"2026-05-09T17:42:11","slug":"silberne-creolen-oline-aus-sterling-silber-925-copy","status":"publish","type":"product","link":"https:\/\/maxgold.gr\/de\/shop\/silberne-creolen-oline-aus-sterling-silber-925-copy\/","title":{"rendered":"Kettenverl\u00e4ngerung in verschiedenen Gr\u00f6\u00dfen aus Silber 925"},"content":{"rendered":"<p>Kettenverl\u00e4ngerung in 4cm, 5cm oder 8cm aus Sterling Silber 925. Wenn Sie eine andere L\u00e4nge w\u00fcnschen, senden Sie uns bitte eine E-Mail. <\/p>\n<ul>\n<li><strong>Nickelfrei<\/strong> (hypoallergen und sicher f\u00fcr empfindliche Haut)<\/li>\n<li><strong>Rhodiniert <\/strong>(um Silber vor dem Anlaufen zu sch\u00fctzen)<\/li>\n<\/ul>\n<p>&nbsp;<\/p>\n<h4><strong>Produktdetails<\/strong><\/h4>\n<p><strong>L\u00e4nge:<\/strong> 4cm, 5cm, 8cm<\/p>\n<p><strong>Metall:<\/strong> Sterling Silber (925)<\/p>\n<p><strong>Metallstempel:<\/strong> 925<\/p>\n<p><strong>Oberfl\u00e4chenveredelung:<\/strong> Rhodiniert<\/p>\n","protected":false},"excerpt":{"rendered":"<p>Kettenverl\u00e4ngerung in 4cm, 5cm oder 8cm aus Sterling Silber 925. Ohne Nickel. Rhodiniert.  <\/p>\n","protected":false},"featured_media":9614,"comment_status":"open","ping_status":"closed","template":"","meta":[],"product_brand":[],"product_cat":[438,526,485,453,439,481,521,516,517,525,474,473,518,487,490,712,741,463,480,907,454,451,467,434,432,909,515,726,520,506,504,503,523,531,848,507,435,502,470,509,514,628],"product_tag":[940,442],"class_list":{"0":"post-9599","1":"product","2":"type-product","3":"status-publish","4":"has-post-thumbnail","6":"product_cat-die-insel-rhodos-kollektion","7":"product_cat-anhaengerketten-mit-edelsteinen","8":"product_cat-armbander","9":"product_cat-armbander-fur-manner","10":"product_cat-damenschmuck","11":"product_cat-fusskettchen","12":"product_cat-halsketten","13":"product_cat-halsketten-anhaenger","14":"product_cat-halsketten-ketten","15":"product_cat-halsketten-mit-anhaenger","16":"product_cat-halsketten-mit-anhaenger-fuer-herren","17":"product_cat-herrenketten","18":"product_cat-ketten","19":"product_cat-kettenarmbaender","20":"product_cat-kettenarmbander-silber","21":"product_cat-kinder-halskette-mit-anhanger","22":"product_cat-kinderarmbaender","23":"product_cat-kinderschmuck","24":"product_cat-korperschmuck","25":"product_cat-kreta","26":"product_cat-manner-ketten-armbander","27":"product_cat-mannerschmuck","28":"product_cat-meandros-greek-collection-de","29":"product_cat-metall","30":"product_cat-neu-ankommen","31":"product_cat-rhodos","32":"product_cat-schmucksets","33":"product_cat-silber","34":"product_cat-silberketten","35":"product_cat-silberketten-mit-synthetischem-opal","36":"product_cat-silberne-armbaender-mit-synthetischem-opal","37":"product_cat-silberne-fusskettchen-mit-synthetischem-opal","38":"product_cat-silberne-halsketten","39":"product_cat-silberne-halsketten-mit-anhaenger","40":"product_cat-silberne-halsketten-mit-synthetischem-opalanhanger-de","41":"product_cat-silberne-halsketten-mit-synthetischem-opalanhanger","42":"product_cat-sterling-silber-925","43":"product_cat-synthetischer-opal-silber","44":"product_cat-kuenstliche-opal","45":"product_cat-synthetischer-rosa-opal","46":"product_cat-synthetischer-weisser-opal","47":"product_cat-synthetischer-weisser-opal-silber","48":"product_tag-kettenverlangerung","49":"product_tag-sterling-silber-925","51":"first","52":"instock","53":"taxable","54":"shipping-taxable","55":"purchasable","56":"product-type-variable","57":"add-to-wishlist-before_add_to_cart"},"yoast_head":"<!-- This site is optimized with the Yoast SEO plugin v27.5 - https:\/\/yoast.com\/product\/yoast-seo-wordpress\/ -->\n<title>Kettenverl\u00e4ngerung in verschiedenen Gr\u00f6\u00dfen aus Silber 925 - Max Gold<\/title>\n<meta name=\"description\" content=\"Kettenverl\u00e4ngerung in 4cm, 5cm oder 8cm aus Sterling Silber 925. Ohne Nickel. Rhodiniert.\" \/>\n<meta name=\"robots\" content=\"index, follow, max-snippet:-1, max-image-preview:large, max-video-preview:-1\" \/>\n<link rel=\"canonical\" href=\"https:\/\/maxgold.gr\/de\/shop\/silberne-creolen-oline-aus-sterling-silber-925-copy\/\" \/>\n<meta property=\"og:locale\" content=\"de_DE\" \/>\n<meta property=\"og:type\" content=\"article\" \/>\n<meta property=\"og:title\" content=\"Kettenverl\u00e4ngerung in verschiedenen Gr\u00f6\u00dfen aus Silber 925 - Max Gold\" \/>\n<meta property=\"og:description\" content=\"Kettenverl\u00e4ngerung in 4cm, 5cm oder 8cm aus Sterling Silber 925. Ohne Nickel. Rhodiniert.\" \/>\n<meta property=\"og:url\" content=\"https:\/\/maxgold.gr\/de\/shop\/silberne-creolen-oline-aus-sterling-silber-925-copy\/\" \/>\n<meta property=\"og:site_name\" content=\"Max Gold\" \/>\n<meta property=\"article:publisher\" content=\"https:\/\/www.facebook.com\/people\/Max-Gold\/61561801899896\/\" \/>\n<meta property=\"article:modified_time\" content=\"2026-05-09T17:42:11+00:00\" \/>\n<meta property=\"og:image\" content=\"https:\/\/maxgold.gr\/wp-content\/uploads\/2026\/05\/ver-1.jpg\" \/>\n\t<meta property=\"og:image:width\" content=\"1500\" \/>\n\t<meta property=\"og:image:height\" content=\"1500\" \/>\n\t<meta property=\"og:image:type\" content=\"image\/jpeg\" \/>\n<meta name=\"twitter:card\" content=\"summary_large_image\" \/>\n<meta name=\"twitter:label1\" content=\"Gesch\u00e4tzte Lesezeit\" \/>\n\t<meta name=\"twitter:data1\" content=\"1\u00a0Minute\" \/>\n<script type=\"application\/ld+json\" class=\"yoast-schema-graph\">{\"@context\":\"https:\\\/\\\/schema.org\",\"@graph\":[{\"@type\":\"WebPage\",\"@id\":\"https:\\\/\\\/maxgold.gr\\\/de\\\/shop\\\/silberne-creolen-oline-aus-sterling-silber-925-copy\\\/\",\"url\":\"https:\\\/\\\/maxgold.gr\\\/de\\\/shop\\\/silberne-creolen-oline-aus-sterling-silber-925-copy\\\/\",\"name\":\"Kettenverl\u00e4ngerung in verschiedenen Gr\u00f6\u00dfen aus Silber 925 - Max Gold\",\"isPartOf\":{\"@id\":\"https:\\\/\\\/maxgold.gr\\\/de\\\/#website\"},\"primaryImageOfPage\":{\"@id\":\"https:\\\/\\\/maxgold.gr\\\/de\\\/shop\\\/silberne-creolen-oline-aus-sterling-silber-925-copy\\\/#primaryimage\"},\"image\":{\"@id\":\"https:\\\/\\\/maxgold.gr\\\/de\\\/shop\\\/silberne-creolen-oline-aus-sterling-silber-925-copy\\\/#primaryimage\"},\"thumbnailUrl\":\"https:\\\/\\\/i0.wp.com\\\/maxgold.gr\\\/wp-content\\\/uploads\\\/2026\\\/05\\\/ver-1.jpg?fit=1500%2C1500&ssl=1\",\"datePublished\":\"2026-05-09T16:56:09+00:00\",\"dateModified\":\"2026-05-09T17:42:11+00:00\",\"description\":\"Kettenverl\u00e4ngerung in 4cm, 5cm oder 8cm aus Sterling Silber 925. Ohne Nickel. Rhodiniert.\",\"breadcrumb\":{\"@id\":\"https:\\\/\\\/maxgold.gr\\\/de\\\/shop\\\/silberne-creolen-oline-aus-sterling-silber-925-copy\\\/#breadcrumb\"},\"inLanguage\":\"de\",\"potentialAction\":[{\"@type\":\"ReadAction\",\"target\":[\"https:\\\/\\\/maxgold.gr\\\/de\\\/shop\\\/silberne-creolen-oline-aus-sterling-silber-925-copy\\\/\"]}]},{\"@type\":\"ImageObject\",\"inLanguage\":\"de\",\"@id\":\"https:\\\/\\\/maxgold.gr\\\/de\\\/shop\\\/silberne-creolen-oline-aus-sterling-silber-925-copy\\\/#primaryimage\",\"url\":\"https:\\\/\\\/i0.wp.com\\\/maxgold.gr\\\/wp-content\\\/uploads\\\/2026\\\/05\\\/ver-1.jpg?fit=1500%2C1500&ssl=1\",\"contentUrl\":\"https:\\\/\\\/i0.wp.com\\\/maxgold.gr\\\/wp-content\\\/uploads\\\/2026\\\/05\\\/ver-1.jpg?fit=1500%2C1500&ssl=1\",\"width\":1500,\"height\":1500,\"caption\":\"Kettenverl\u00e4ngerung in verschiedenen Gr\u00f6\u00dfen aus Silber 925\"},{\"@type\":\"BreadcrumbList\",\"@id\":\"https:\\\/\\\/maxgold.gr\\\/de\\\/shop\\\/silberne-creolen-oline-aus-sterling-silber-925-copy\\\/#breadcrumb\",\"itemListElement\":[{\"@type\":\"ListItem\",\"position\":1,\"name\":\"Home\",\"item\":\"https:\\\/\\\/maxgold.gr\\\/de\\\/\"},{\"@type\":\"ListItem\",\"position\":2,\"name\":\"Gesch\u00e4ft\",\"item\":\"https:\\\/\\\/maxgold.gr\\\/de\\\/%ce%ba%ce%b1%cf%84%ce%ac%cf%83%cf%84%ce%b7%ce%bc%ce%b1\\\/\"},{\"@type\":\"ListItem\",\"position\":3,\"name\":\"Kettenverl\u00e4ngerung in verschiedenen Gr\u00f6\u00dfen aus Silber 925\"}]},{\"@type\":\"WebSite\",\"@id\":\"https:\\\/\\\/maxgold.gr\\\/de\\\/#website\",\"url\":\"https:\\\/\\\/maxgold.gr\\\/de\\\/\",\"name\":\"Max Gold\",\"description\":\"Max Gold\",\"potentialAction\":[{\"@type\":\"SearchAction\",\"target\":{\"@type\":\"EntryPoint\",\"urlTemplate\":\"https:\\\/\\\/maxgold.gr\\\/de\\\/?s={search_term_string}\"},\"query-input\":{\"@type\":\"PropertyValueSpecification\",\"valueRequired\":true,\"valueName\":\"search_term_string\"}}],\"inLanguage\":\"de\"}]}<\/script>\n<!-- \/ Yoast SEO plugin. -->","yoast_head_json":{"title":"Kettenverl\u00e4ngerung in verschiedenen Gr\u00f6\u00dfen aus Silber 925 - Max Gold","description":"Kettenverl\u00e4ngerung in 4cm, 5cm oder 8cm aus Sterling Silber 925. Ohne Nickel. Rhodiniert.","robots":{"index":"index","follow":"follow","max-snippet":"max-snippet:-1","max-image-preview":"max-image-preview:large","max-video-preview":"max-video-preview:-1"},"canonical":"https:\/\/maxgold.gr\/de\/shop\/silberne-creolen-oline-aus-sterling-silber-925-copy\/","og_locale":"de_DE","og_type":"article","og_title":"Kettenverl\u00e4ngerung in verschiedenen Gr\u00f6\u00dfen aus Silber 925 - Max Gold","og_description":"Kettenverl\u00e4ngerung in 4cm, 5cm oder 8cm aus Sterling Silber 925. Ohne Nickel. Rhodiniert.","og_url":"https:\/\/maxgold.gr\/de\/shop\/silberne-creolen-oline-aus-sterling-silber-925-copy\/","og_site_name":"Max Gold","article_publisher":"https:\/\/www.facebook.com\/people\/Max-Gold\/61561801899896\/","article_modified_time":"2026-05-09T17:42:11+00:00","og_image":[{"width":1500,"height":1500,"url":"https:\/\/maxgold.gr\/wp-content\/uploads\/2026\/05\/ver-1.jpg","type":"image\/jpeg"}],"twitter_card":"summary_large_image","twitter_misc":{"Gesch\u00e4tzte Lesezeit":"1\u00a0Minute"},"schema":{"@context":"https:\/\/schema.org","@graph":[{"@type":"WebPage","@id":"https:\/\/maxgold.gr\/de\/shop\/silberne-creolen-oline-aus-sterling-silber-925-copy\/","url":"https:\/\/maxgold.gr\/de\/shop\/silberne-creolen-oline-aus-sterling-silber-925-copy\/","name":"Kettenverl\u00e4ngerung in verschiedenen Gr\u00f6\u00dfen aus Silber 925 - Max Gold","isPartOf":{"@id":"https:\/\/maxgold.gr\/de\/#website"},"primaryImageOfPage":{"@id":"https:\/\/maxgold.gr\/de\/shop\/silberne-creolen-oline-aus-sterling-silber-925-copy\/#primaryimage"},"image":{"@id":"https:\/\/maxgold.gr\/de\/shop\/silberne-creolen-oline-aus-sterling-silber-925-copy\/#primaryimage"},"thumbnailUrl":"https:\/\/i0.wp.com\/maxgold.gr\/wp-content\/uploads\/2026\/05\/ver-1.jpg?fit=1500%2C1500&ssl=1","datePublished":"2026-05-09T16:56:09+00:00","dateModified":"2026-05-09T17:42:11+00:00","description":"Kettenverl\u00e4ngerung in 4cm, 5cm oder 8cm aus Sterling Silber 925. Ohne Nickel. Rhodiniert.","breadcrumb":{"@id":"https:\/\/maxgold.gr\/de\/shop\/silberne-creolen-oline-aus-sterling-silber-925-copy\/#breadcrumb"},"inLanguage":"de","potentialAction":[{"@type":"ReadAction","target":["https:\/\/maxgold.gr\/de\/shop\/silberne-creolen-oline-aus-sterling-silber-925-copy\/"]}]},{"@type":"ImageObject","inLanguage":"de","@id":"https:\/\/maxgold.gr\/de\/shop\/silberne-creolen-oline-aus-sterling-silber-925-copy\/#primaryimage","url":"https:\/\/i0.wp.com\/maxgold.gr\/wp-content\/uploads\/2026\/05\/ver-1.jpg?fit=1500%2C1500&ssl=1","contentUrl":"https:\/\/i0.wp.com\/maxgold.gr\/wp-content\/uploads\/2026\/05\/ver-1.jpg?fit=1500%2C1500&ssl=1","width":1500,"height":1500,"caption":"Kettenverl\u00e4ngerung in verschiedenen Gr\u00f6\u00dfen aus Silber 925"},{"@type":"BreadcrumbList","@id":"https:\/\/maxgold.gr\/de\/shop\/silberne-creolen-oline-aus-sterling-silber-925-copy\/#breadcrumb","itemListElement":[{"@type":"ListItem","position":1,"name":"Home","item":"https:\/\/maxgold.gr\/de\/"},{"@type":"ListItem","position":2,"name":"Gesch\u00e4ft","item":"https:\/\/maxgold.gr\/de\/%ce%ba%ce%b1%cf%84%ce%ac%cf%83%cf%84%ce%b7%ce%bc%ce%b1\/"},{"@type":"ListItem","position":3,"name":"Kettenverl\u00e4ngerung in verschiedenen Gr\u00f6\u00dfen aus Silber 925"}]},{"@type":"WebSite","@id":"https:\/\/maxgold.gr\/de\/#website","url":"https:\/\/maxgold.gr\/de\/","name":"Max Gold","description":"Max Gold","potentialAction":[{"@type":"SearchAction","target":{"@type":"EntryPoint","urlTemplate":"https:\/\/maxgold.gr\/de\/?s={search_term_string}"},"query-input":{"@type":"PropertyValueSpecification","valueRequired":true,"valueName":"search_term_string"}}],"inLanguage":"de"}]}},"jetpack_sharing_enabled":true,"_links":{"self":[{"href":"https:\/\/maxgold.gr\/de\/wp-json\/wp\/v2\/product\/9599","targetHints":{"allow":["GET"]}}],"collection":[{"href":"https:\/\/maxgold.gr\/de\/wp-json\/wp\/v2\/product"}],"about":[{"href":"https:\/\/maxgold.gr\/de\/wp-json\/wp\/v2\/types\/product"}],"replies":[{"embeddable":true,"href":"https:\/\/maxgold.gr\/de\/wp-json\/wp\/v2\/comments?post=9599"}],"wp:featuredmedia":[{"embeddable":true,"href":"https:\/\/maxgold.gr\/de\/wp-json\/wp\/v2\/media\/9614"}],"wp:attachment":[{"href":"https:\/\/maxgold.gr\/de\/wp-json\/wp\/v2\/media?parent=9599"}],"wp:term":[{"taxonomy":"product_brand","embeddable":true,"href":"https:\/\/maxgold.gr\/de\/wp-json\/wp\/v2\/product_brand?post=9599"},{"taxonomy":"product_cat","embeddable":true,"href":"https:\/\/maxgold.gr\/de\/wp-json\/wp\/v2\/product_cat?post=9599"},{"taxonomy":"product_tag","embeddable":true,"href":"https:\/\/maxgold.gr\/de\/wp-json\/wp\/v2\/product_tag?post=9599"}],"curies":[{"name":"wp","href":"https:\/\/api.w.org\/{rel}","templated":true}]}}